{"id":890,"date":"2019-06-13T11:27:52","date_gmt":"2019-06-13T11:27:52","guid":{"rendered":"https:\/\/nldolf-sumovskiy.savviihq.com\/feiern-betriebsausfluge-und-veranstaltungen\/"},"modified":"2021-09-24T13:14:18","modified_gmt":"2021-09-24T11:14:18","slug":"feiern-betriebsausfluge-und-veranstaltungen","status":"publish","type":"page","link":"https:\/\/www.dolfijn-mook.nl\/de\/feiern-betriebsausfluge-und-veranstaltungen\/","title":{"rendered":"Feiern, Betriebsausfl\u00fcge und Veranstaltungen"},"content":{"rendered":"<div class=\"wpb-content-wrapper\"><p>[vc_row css_animation=&#8221;&#8221; row_type=&#8221;row&#8221; use_row_as_full_screen_section=&#8221;no&#8221; type=&#8221;grid&#8221; angled_section=&#8221;no&#8221; text_align=&#8221;left&#8221; background_image_as_pattern=&#8221;without_pattern&#8221; padding_top=&#8221;105&#8243; padding_bottom=&#8221;83&#8243; z_index=&#8221;&#8221;][vc_column][vc_column_text]<\/p>\n<h2>Feiern, Betriebsausfl\u00fcge und Veranstaltungen<\/h2>\n<p>[\/vc_column_text][vc_empty_space height=&#8221;33px&#8221;][vc_column_text]Sie planen eine Familienfeier, einen Betriebsausflug oder einen Tagesausflug? Dann sind Sie bei uns genau richtig.[\/vc_column_text][\/vc_column][\/vc_row][vc_row css_animation=&#8221;&#8221; row_type=&#8221;row&#8221; use_row_as_full_screen_section=&#8221;no&#8221; type=&#8221;grid&#8221; angled_section=&#8221;no&#8221; text_align=&#8221;left&#8221; background_image_as_pattern=&#8221;without_pattern&#8221; padding_top=&#8221;105&#8243; padding_bottom=&#8221;83&#8243; z_index=&#8221;&#8221; css=&#8221;.vc_custom_1557730722788{margin-top: 0px !important;padding-top: 0px !important;}&#8221;][vc_column width=&#8221;1\/2&#8243; offset=&#8221;vc_col-lg-6 vc_col-md-6&#8243;][vc_column_text]<\/p>\n<p>Dolfijn Watersport en Recreatie verf\u00fcgt \u00fcber eine wundersch\u00f6ne Anlage in Wasserlage. Auf unserer Website finden Sie verschiedene Angebote. Wir haben auch einige <a href=\"https:\/\/dolfijn-mook.nl\/de\/tagesprogramme\/\">tagesf\u00fcllende Programme<\/a> f\u00fcr Sie zusammengestellt. Nat\u00fcrlich k\u00f6nnen Sie auch selbst ein Programm zusammenstellen, um Ihre Familienfeier oder Betriebsfest komplett abzurunden. Eine herrliche Grillparty auf unserer Terrasse und den Sonnenuntergang genie\u00dfen? Wir machen es m\u00f6glich. Wir haben eine gro\u00dfe Terrasse in direkter Wasserlage, die f\u00fcr etwa 150 Personen geeignet ist.<\/p>\n<p>[\/vc_column_text][vc_empty_space height=&#8221;33px&#8221;][vc_column_text]<\/p>\n<p><strong>Ben\u00f6tigen Sie Hilfe bei der Zusammenstellung Ihres Tages?<\/strong> <br \/>Wir helfen Ihnen nat\u00fcrlich gerne dabei, einen unvergesslichen Tag zusammenzustellen. F\u00fcr weitere Informationen <a href=\"\/de\/kontakt\/\">rufen Sie uns an<\/a> oder senden Sie uns eine <a href=\"\/de\/kontakt\/\">E-Mail.<\/a> Nat\u00fcrlich k\u00f6nnen Sie uns auch besuchen, um die M\u00f6glichkeiten zu besprechen und sich in der Location umzuschauen. Wenn Sie vorbeikommen m\u00f6chten, vereinbaren Sie bitte vorher einen Termin.<\/p>\n<p>[\/vc_column_text][\/vc_column][vc_column width=&#8221;1\/3&#8243; offset=&#8221;vc_col-lg-1 vc_col-md-1&#8243;][\/vc_column][vc_column width=&#8221;5\/12&#8243; offset=&#8221;vc_col-lg-5 vc_col-md-6&#8243;]<div class=\"image_with_text\"><img decoding=\"async\" itemprop=\"image\" src=\"https:\/\/www.dolfijn-mook.nl\/wp-content\/uploads\/2019\/05\/csm_sumo1_f7ff780ab8.jpg\" alt=\"\" \/><h3  class=\"image_with_text_title\"><\/h3><span style=\"margin: 6px 0px;\" class=\"separator transparent\"><\/span><\/div>[\/vc_column][\/vc_row][vc_row css_animation=&#8221;&#8221; row_type=&#8221;row&#8221; use_row_as_full_screen_section=&#8221;no&#8221; type=&#8221;full_width&#8221; angled_section=&#8221;no&#8221; text_align=&#8221;left&#8221; background_image_as_pattern=&#8221;without_pattern&#8221;][vc_column]<\/p>\n<p>[vc_empty_space height=&#8221;60px&#8221;]<\/p>\n<p>[\/vc_column][\/vc_row]<\/p>\n<\/div>","protected":false},"excerpt":{"rendered":"<p>[vc_row css_animation=&#8221;&#8221; row_type=&#8221;row&#8221; use_row_as_full_screen_section=&#8221;no&#8221; type=&#8221;grid&#8221; angled_section=&#8221;no&#8221; text_align=&#8221;left&#8221; background_image_as_pattern=&#8221;without_pattern&#8221; padding_top=&#8221;105&#8243; padding_bottom=&#8221;83&#8243; z_index=&#8221;&#8221;][vc_column][vc_column_text] Feiern, Betriebsausfl\u00fcge und Veranstaltungen [\/vc_column_text][vc_empty_space height=&#8221;33px&#8221;][vc_column_text]Sie planen eine Familienfeier, einen Betriebsausflug oder einen Tagesausflug? Dann sind Sie bei uns genau richtig.[\/vc_column_text][\/vc_column][\/vc_row][vc_row css_animation=&#8221;&#8221; row_type=&#8221;row&#8221; use_row_as_full_screen_section=&#8221;no&#8221; type=&#8221;grid&#8221; angled_section=&#8221;no&#8221; text_align=&#8221;left&#8221; background_image_as_pattern=&#8221;without_pattern&#8221; padding_top=&#8221;105&#8243; padding_bottom=&#8221;83&#8243; z_index=&#8221;&#8221; css=&#8221;.vc_custom_1557730722788{margin-top: 0px !important;padding-top:&#8230;<\/p>\n","protected":false},"author":1,"featured_media":0,"parent":0,"menu_order":0,"comment_status":"closed","ping_status":"closed","template":"full_width.php","meta":{"_acf_changed":false,"footnotes":""},"class_list":["post-890","page","type-page","status-publish","hentry"],"acf":[],"yoast_head":"<!-- This site is optimized with the Yoast SEO plugin v26.6 - https:\/\/yoast.com\/wordpress\/plugins\/seo\/ -->\n<title>Feiern, Betriebsausfl\u00fcge und Veranstaltungen - Dolfijn Mook<\/title>\n<meta name=\"robots\" content=\"index, follow, max-snippet:-1, max-image-preview:large, max-video-preview:-1\" \/>\n<link rel=\"canonical\" href=\"https:\/\/www.dolfijn-mook.nl\/bedrijfsfeesten\/\" \/>\n<meta property=\"og:locale\" content=\"de_DE\" \/>\n<meta property=\"og:type\" content=\"article\" \/>\n<meta property=\"og:title\" content=\"Feiern, Betriebsausfl\u00fcge und Veranstaltungen - Dolfijn Mook\" \/>\n<meta property=\"og:description\" content=\"[vc_row css_animation=&#8221;&#8221; row_type=&#8221;row&#8221; use_row_as_full_screen_section=&#8221;no&#8221; type=&#8221;grid&#8221; angled_section=&#8221;no&#8221; text_align=&#8221;left&#8221; background_image_as_pattern=&#8221;without_pattern&#8221; padding_top=&#8221;105&#8243; padding_bottom=&#8221;83&#8243; z_index=&#8221;&#8221;][vc_column][vc_column_text] Feiern, Betriebsausfl\u00fcge und Veranstaltungen [\/vc_column_text][vc_empty_space height=&#8221;33px&#8221;][vc_column_text]Sie planen eine Familienfeier, einen Betriebsausflug oder einen Tagesausflug? Dann sind Sie bei uns genau richtig.[\/vc_column_text][\/vc_column][\/vc_row][vc_row css_animation=&#8221;&#8221; row_type=&#8221;row&#8221; use_row_as_full_screen_section=&#8221;no&#8221; type=&#8221;grid&#8221; angled_section=&#8221;no&#8221; text_align=&#8221;left&#8221; background_image_as_pattern=&#8221;without_pattern&#8221; padding_top=&#8221;105&#8243; padding_bottom=&#8221;83&#8243; z_index=&#8221;&#8221; css=&#8221;.vc_custom_1557730722788{margin-top: 0px !important;padding-top:...\" \/>\n<meta property=\"og:url\" content=\"https:\/\/www.dolfijn-mook.nl\/bedrijfsfeesten\/\" \/>\n<meta property=\"og:site_name\" content=\"Dolfijn Mook\" \/>\n<meta property=\"article:modified_time\" content=\"2021-09-24T11:14:18+00:00\" \/>\n<meta name=\"twitter:card\" content=\"summary_large_image\" \/>\n<meta name=\"twitter:label1\" content=\"Gesch\u00e4tzte Lesezeit\" \/>\n\t<meta name=\"twitter:data1\" content=\"2 minutes\" \/>\n<script type=\"application\/ld+json\" class=\"yoast-schema-graph\">{\"@context\":\"https:\/\/schema.org\",\"@graph\":[{\"@type\":\"WebPage\",\"@id\":\"https:\/\/www.dolfijn-mook.nl\/bedrijfsfeesten\/\",\"url\":\"https:\/\/www.dolfijn-mook.nl\/bedrijfsfeesten\/\",\"name\":\"Feiern, Betriebsausfl\u00fcge und Veranstaltungen - Dolfijn Mook\",\"isPartOf\":{\"@id\":\"https:\/\/www.dolfijn-mook.nl\/#website\"},\"datePublished\":\"2019-06-13T11:27:52+00:00\",\"dateModified\":\"2021-09-24T11:14:18+00:00\",\"breadcrumb\":{\"@id\":\"https:\/\/www.dolfijn-mook.nl\/bedrijfsfeesten\/#breadcrumb\"},\"inLanguage\":\"de-DE\",\"potentialAction\":[{\"@type\":\"ReadAction\",\"target\":[\"https:\/\/www.dolfijn-mook.nl\/bedrijfsfeesten\/\"]}]},{\"@type\":\"BreadcrumbList\",\"@id\":\"https:\/\/www.dolfijn-mook.nl\/bedrijfsfeesten\/#breadcrumb\",\"itemListElement\":[{\"@type\":\"ListItem\",\"position\":1,\"name\":\"Home\",\"item\":\"https:\/\/www.dolfijn-mook.nl\/de\/\"},{\"@type\":\"ListItem\",\"position\":2,\"name\":\"Feiern, Betriebsausfl\u00fcge und Veranstaltungen\"}]},{\"@type\":\"WebSite\",\"@id\":\"https:\/\/www.dolfijn-mook.nl\/#website\",\"url\":\"https:\/\/www.dolfijn-mook.nl\/\",\"name\":\"Dolfijn Mook\",\"description\":\"Watersport en Recreatie\",\"potentialAction\":[{\"@type\":\"SearchAction\",\"target\":{\"@type\":\"EntryPoint\",\"urlTemplate\":\"https:\/\/www.dolfijn-mook.nl\/?s={search_term_string}\"},\"query-input\":{\"@type\":\"PropertyValueSpecification\",\"valueRequired\":true,\"valueName\":\"search_term_string\"}}],\"inLanguage\":\"de-DE\"}]}<\/script>\n<!-- \/ Yoast SEO plugin. -->","yoast_head_json":{"title":"Feiern, Betriebsausfl\u00fcge und Veranstaltungen - Dolfijn Mook","robots":{"index":"index","follow":"follow","max-snippet":"max-snippet:-1","max-image-preview":"max-image-preview:large","max-video-preview":"max-video-preview:-1"},"canonical":"https:\/\/www.dolfijn-mook.nl\/bedrijfsfeesten\/","og_locale":"de_DE","og_type":"article","og_title":"Feiern, Betriebsausfl\u00fcge und Veranstaltungen - Dolfijn Mook","og_description":"[vc_row css_animation=&#8221;&#8221; row_type=&#8221;row&#8221; use_row_as_full_screen_section=&#8221;no&#8221; type=&#8221;grid&#8221; angled_section=&#8221;no&#8221; text_align=&#8221;left&#8221; background_image_as_pattern=&#8221;without_pattern&#8221; padding_top=&#8221;105&#8243; padding_bottom=&#8221;83&#8243; z_index=&#8221;&#8221;][vc_column][vc_column_text] Feiern, Betriebsausfl\u00fcge und Veranstaltungen [\/vc_column_text][vc_empty_space height=&#8221;33px&#8221;][vc_column_text]Sie planen eine Familienfeier, einen Betriebsausflug oder einen Tagesausflug? Dann sind Sie bei uns genau richtig.[\/vc_column_text][\/vc_column][\/vc_row][vc_row css_animation=&#8221;&#8221; row_type=&#8221;row&#8221; use_row_as_full_screen_section=&#8221;no&#8221; type=&#8221;grid&#8221; angled_section=&#8221;no&#8221; text_align=&#8221;left&#8221; background_image_as_pattern=&#8221;without_pattern&#8221; padding_top=&#8221;105&#8243; padding_bottom=&#8221;83&#8243; z_index=&#8221;&#8221; css=&#8221;.vc_custom_1557730722788{margin-top: 0px !important;padding-top:...","og_url":"https:\/\/www.dolfijn-mook.nl\/bedrijfsfeesten\/","og_site_name":"Dolfijn Mook","article_modified_time":"2021-09-24T11:14:18+00:00","twitter_card":"summary_large_image","twitter_misc":{"Gesch\u00e4tzte Lesezeit":"2 minutes"},"schema":{"@context":"https:\/\/schema.org","@graph":[{"@type":"WebPage","@id":"https:\/\/www.dolfijn-mook.nl\/bedrijfsfeesten\/","url":"https:\/\/www.dolfijn-mook.nl\/bedrijfsfeesten\/","name":"Feiern, Betriebsausfl\u00fcge und Veranstaltungen - Dolfijn Mook","isPartOf":{"@id":"https:\/\/www.dolfijn-mook.nl\/#website"},"datePublished":"2019-06-13T11:27:52+00:00","dateModified":"2021-09-24T11:14:18+00:00","breadcrumb":{"@id":"https:\/\/www.dolfijn-mook.nl\/bedrijfsfeesten\/#breadcrumb"},"inLanguage":"de-DE","potentialAction":[{"@type":"ReadAction","target":["https:\/\/www.dolfijn-mook.nl\/bedrijfsfeesten\/"]}]},{"@type":"BreadcrumbList","@id":"https:\/\/www.dolfijn-mook.nl\/bedrijfsfeesten\/#breadcrumb","itemListElement":[{"@type":"ListItem","position":1,"name":"Home","item":"https:\/\/www.dolfijn-mook.nl\/de\/"},{"@type":"ListItem","position":2,"name":"Feiern, Betriebsausfl\u00fcge und Veranstaltungen"}]},{"@type":"WebSite","@id":"https:\/\/www.dolfijn-mook.nl\/#website","url":"https:\/\/www.dolfijn-mook.nl\/","name":"Dolfijn Mook","description":"Watersport en Recreatie","potentialAction":[{"@type":"SearchAction","target":{"@type":"EntryPoint","urlTemplate":"https:\/\/www.dolfijn-mook.nl\/?s={search_term_string}"},"query-input":{"@type":"PropertyValueSpecification","valueRequired":true,"valueName":"search_term_string"}}],"inLanguage":"de-DE"}]}},"_links":{"self":[{"href":"https:\/\/www.dolfijn-mook.nl\/de\/wp-json\/wp\/v2\/pages\/890","targetHints":{"allow":["GET"]}}],"collection":[{"href":"https:\/\/www.dolfijn-mook.nl\/de\/wp-json\/wp\/v2\/pages"}],"about":[{"href":"https:\/\/www.dolfijn-mook.nl\/de\/wp-json\/wp\/v2\/types\/page"}],"author":[{"embeddable":true,"href":"https:\/\/www.dolfijn-mook.nl\/de\/wp-json\/wp\/v2\/users\/1"}],"replies":[{"embeddable":true,"href":"https:\/\/www.dolfijn-mook.nl\/de\/wp-json\/wp\/v2\/comments?post=890"}],"version-history":[{"count":4,"href":"https:\/\/www.dolfijn-mook.nl\/de\/wp-json\/wp\/v2\/pages\/890\/revisions"}],"predecessor-version":[{"id":1712,"href":"https:\/\/www.dolfijn-mook.nl\/de\/wp-json\/wp\/v2\/pages\/890\/revisions\/1712"}],"wp:attachment":[{"href":"https:\/\/www.dolfijn-mook.nl\/de\/wp-json\/wp\/v2\/media?parent=890"}],"curies":[{"name":"wp","href":"https:\/\/api.w.org\/{rel}","templated":true}]}}