{"id":888,"date":"2019-06-13T11:24:27","date_gmt":"2019-06-13T11:24:27","guid":{"rendered":"https:\/\/nldolf-sumovskiy.savviihq.com\/aktivitaten-und-verleihservice\/"},"modified":"2025-06-18T07:15:20","modified_gmt":"2025-06-18T05:15:20","slug":"aktivitaten-und-verleihservice","status":"publish","type":"page","link":"https:\/\/www.dolfijn-mook.nl\/de\/aktivitaten-und-verleihservice\/","title":{"rendered":"Aktivit\u00e4ten und Verleihservice"},"content":{"rendered":"<div class=\"wpb-content-wrapper\"><p>[vc_row css_animation=&#8221;&#8221; row_type=&#8221;row&#8221; use_row_as_full_screen_section=&#8221;no&#8221; type=&#8221;grid&#8221; angled_section=&#8221;no&#8221; text_align=&#8221;center&#8221; background_image_as_pattern=&#8221;without_pattern&#8221; padding_top=&#8221;120&#8243; padding_bottom=&#8221;113&#8243; z_index=&#8221;&#8221; css=&#8221;.vc_custom_1557137184570{padding-top: 0px !important;padding-bottom: 0px !important;background-position: center !important;background-repeat: no-repeat !important;background-size: cover !important;}&#8221;][vc_column][vc_row_inner row_type=&#8221;row&#8221; type=&#8221;full_width&#8221; text_align=&#8221;left&#8221; css_animation=&#8221;&#8221; padding_bottom=&#8221;38&#8243; padding_top=&#8221;80&#8243;][vc_column_inner offset=&#8221;vc_col-lg-12 vc_col-md-12&#8243;][vc_column_text]<\/p>\n<h2>Aktivit\u00e4ten und Verleihservice<\/h2>\n<p>Dolfijn Watersport en Recreatie bietet verschiedene Sport- und Freizeitangebote und einen Verleihservice. Nachfolgend finden Sie unser Angebot. Bei manchen Aktivit\u00e4ten gilt eine Reservierungspflicht oder eine Mindestanzahl der teilnehmenden Personen. Eine Preis\u00fcbersicht finden Sie\u00a0<a href=\"\/de\/preise\/\">hier<\/a>..<\/p>\n<h5>Nachfolgend finden Sie das Angebot.<\/h5>\n<p>[\/vc_column_text][\/vc_column_inner][\/vc_row_inner][\/vc_column][\/vc_row][vc_row css_animation=&#8221;&#8221; row_type=&#8221;row&#8221; use_row_as_full_screen_section=&#8221;no&#8221; type=&#8221;grid&#8221; angled_section=&#8221;no&#8221; text_align=&#8221;center&#8221; background_image_as_pattern=&#8221;without_pattern&#8221; padding_top=&#8221;120&#8243; padding_bottom=&#8221;113&#8243; z_index=&#8221;&#8221; css=&#8221;.vc_custom_1557137184570{padding-top: 0px !important;padding-bottom: 0px !important;background-position: center !important;background-repeat: no-repeat !important;background-size: cover !important;}&#8221;][vc_column][vc_row_inner row_type=&#8221;row&#8221; type=&#8221;full_width&#8221; text_align=&#8221;left&#8221; css_animation=&#8221;&#8221; padding_bottom=&#8221;38&#8243;][vc_column_inner width=&#8221;1\/3&#8243; offset=&#8221;vc_col-md-4&#8243;][vc_single_image image=&#8221;393&#8243; img_size=&#8221;square&#8221; onclick=&#8221;custom_link&#8221; qode_css_animation=&#8221;&#8221; qode_hover_animation=&#8221;zoom_in&#8221; link=&#8221;\/de\/aktivitaten-und-verleihservice\/radfahren\/&#8221;][vc_empty_space height=&#8221;36px&#8221;][vc_column_text]<\/p>\n<h3><a href=\"\/de\/aktivitaeten-und-verleihservice\/radfahren\/\">Radfahren<\/a><\/h3>\n<p>[\/vc_column_text][vc_empty_space height=&#8221;8px&#8221;][vc_column_text]Erkunden Sie die abwechslungsreiche Natur von Mook mit dem Fahrrad.<\/p>\n<p>[\/vc_column_text][vc_empty_space height=&#8221;30px&#8221;][\/vc_column_inner][vc_column_inner width=&#8221;1\/3&#8243; offset=&#8221;vc_col-md-4&#8243;][vc_single_image image=&#8221;491&#8243; img_size=&#8221;square&#8221; onclick=&#8221;custom_link&#8221; qode_css_animation=&#8221;&#8221; qode_hover_animation=&#8221;zoom_in&#8221; link=&#8221;\/de\/aktivitaten-und-verleihservice\/mountainbiken\/&#8221;][vc_empty_space height=&#8221;36px&#8221;][vc_column_text]<\/p>\n<h3><a href=\"\/de\/aktivitaeten-und-verleihservice\/mountainbiken\/\">Mountainbiken<\/a><\/h3>\n<p>[\/vc_column_text][vc_empty_space height=&#8221;8px&#8221;][vc_column_text]Lust auf ein Aktiverlebnis? Mieten Sie sich ein Mountainbike (ATB) und unternehmen Sie eine Tour durch die Umgebung.<\/p>\n<p>[\/vc_column_text][vc_empty_space height=&#8221;30px&#8221;][\/vc_column_inner][vc_column_inner width=&#8221;1\/3&#8243;][vc_single_image image=&#8221;234&#8243; img_size=&#8221;square&#8221; onclick=&#8221;custom_link&#8221; qode_css_animation=&#8221;&#8221; qode_hover_animation=&#8221;zoom_in&#8221; link=&#8221;\/de\/aktivitaten-und-verleihservice\/motorboote\/&#8221;][vc_empty_space height=&#8221;36px&#8221;][vc_column_text]<\/p>\n<h3><a href=\"\/de\/aktivitaeten-und-verleihservice\/motorboote\/\">Motorboote<\/a><\/h3>\n<p>[\/vc_column_text][vc_empty_space height=&#8221;8px&#8221;][vc_column_text]Wollten Sie schon immer segeln? Bei uns k\u00f6nnen Sie ein offenes Konsolen-Motorboot mieten.<\/p>\n<p>[\/vc_column_text][vc_empty_space height=&#8221;30px&#8221;][\/vc_column_inner][\/vc_row_inner][\/vc_column][\/vc_row][vc_row css_animation=&#8221;&#8221; row_type=&#8221;row&#8221; use_row_as_full_screen_section=&#8221;no&#8221; type=&#8221;grid&#8221; angled_section=&#8221;no&#8221; text_align=&#8221;center&#8221; background_image_as_pattern=&#8221;without_pattern&#8221; padding_top=&#8221;120&#8243; padding_bottom=&#8221;113&#8243; z_index=&#8221;&#8221; css=&#8221;.vc_custom_1557137189700{padding-top: 0px !important;padding-bottom: 0px !important;background-position: center !important;background-repeat: no-repeat !important;background-size: cover !important;}&#8221;][vc_column][vc_row_inner row_type=&#8221;row&#8221; type=&#8221;full_width&#8221; text_align=&#8221;left&#8221; css_animation=&#8221;&#8221; padding_bottom=&#8221;38&#8243;][vc_column_inner width=&#8221;1\/3&#8243; offset=&#8221;vc_col-md-4&#8243;][vc_single_image image=&#8221;1211&#8243; img_size=&#8221;square&#8221; onclick=&#8221;custom_link&#8221; qode_css_animation=&#8221;&#8221; qode_hover_animation=&#8221;zoom_in&#8221; link=&#8221;\/de\/aktivitaten-und-verleihservice\/schaluppen\/&#8221;][vc_empty_space height=&#8221;36px&#8221;][vc_column_text]<\/p>\n<h3><a href=\"\/de\/aktivitaeten-und-verleihservice\/schaluppen\/\">Schaluppen<\/a><\/h3>\n<p>[\/vc_column_text][vc_empty_space height=&#8221;8px&#8221;][vc_column_text]Sie m\u00f6chten die umliegende Natur vom Wasser aus erkunden? Wir vermieten auch luxuri\u00f6s ausgestattete Schaluppen!<\/p>\n<p>[\/vc_column_text][vc_empty_space height=&#8221;30px&#8221;][\/vc_column_inner][vc_column_inner width=&#8221;1\/3&#8243; offset=&#8221;vc_col-md-4&#8243;][vc_single_image image=&#8221;725&#8243; img_size=&#8221;square&#8221; onclick=&#8221;custom_link&#8221; qode_css_animation=&#8221;&#8221; qode_hover_animation=&#8221;zoom_in&#8221; link=&#8221;\/de\/aktivitaten-und-verleihservice\/bootsfahrt\/&#8221;][vc_empty_space height=&#8221;36px&#8221;][vc_column_text]<\/p>\n<h3><a href=\"\/de\/aktivitaten-und-verleihservice\/bootsfahrt\/\">Bootsfahrt<\/a><\/h3>\n<p>[\/vc_column_text][vc_empty_space height=&#8221;8px&#8221;][vc_column_text]Wollten Sie schon immer mal eine Bootsfahrt in einer luxuri\u00f6sen Schaluppe machen? Wenn Sie lieber nicht selber fahren m\u00f6chten, dann ist eine Schaluppenfahrt genau das Richtige f\u00fcr Sie.<\/p>\n<p>[\/vc_column_text][vc_empty_space height=&#8221;30px&#8221;][\/vc_column_inner][vc_column_inner width=&#8221;1\/3&#8243; offset=&#8221;vc_col-md-4&#8243;][vc_single_image image=&#8221;431&#8243; img_size=&#8221;square&#8221; onclick=&#8221;custom_link&#8221; qode_css_animation=&#8221;&#8221; qode_hover_animation=&#8221;zoom_in&#8221; link=&#8221;\/de\/aktivitaten-und-verleihservice\/kanus\/&#8221;][vc_empty_space height=&#8221;36px&#8221;][vc_column_text]<\/p>\n<h3><a href=\"\/de\/aktivitaeten-und-verleihservice\/kanus\/\">Kanus<\/a><\/h3>\n<p>[\/vc_column_text][vc_empty_space height=&#8221;8px&#8221;][vc_column_text]Sie haben Lust auf ein Aktiverlebnis auf dem Wasser? Eine Kanutour bis zum See Mookerplas ist selbst\u00e4ndig und individuell durchf\u00fchrbar.<\/p>\n<p>[\/vc_column_text][vc_empty_space height=&#8221;30px&#8221;][\/vc_column_inner][\/vc_row_inner][\/vc_column][\/vc_row][vc_row css_animation=&#8221;&#8221; row_type=&#8221;row&#8221; use_row_as_full_screen_section=&#8221;no&#8221; type=&#8221;grid&#8221; angled_section=&#8221;no&#8221; text_align=&#8221;center&#8221; background_image_as_pattern=&#8221;without_pattern&#8221; padding_top=&#8221;120&#8243; padding_bottom=&#8221;113&#8243; z_index=&#8221;&#8221; css=&#8221;.vc_custom_1557137200624{padding-top: 0px !important;padding-bottom: 0px !important;background-position: center !important;background-repeat: no-repeat !important;background-size: cover !important;}&#8221;][vc_column][\/vc_column][\/vc_row]<\/p>\n<\/div>","protected":false},"excerpt":{"rendered":"<p>[vc_row css_animation=&#8221;&#8221; row_type=&#8221;row&#8221; use_row_as_full_screen_section=&#8221;no&#8221; type=&#8221;grid&#8221; angled_section=&#8221;no&#8221; text_align=&#8221;center&#8221; background_image_as_pattern=&#8221;without_pattern&#8221; padding_top=&#8221;120&#8243; padding_bottom=&#8221;113&#8243; z_index=&#8221;&#8221; css=&#8221;.vc_custom_1557137184570{padding-top: 0px !important;padding-bottom: 0px !important;background-position: center !important;background-repeat: no-repeat !important;background-size: cover !important;}&#8221;][vc_column][vc_row_inner row_type=&#8221;row&#8221; type=&#8221;full_width&#8221; text_align=&#8221;left&#8221; css_animation=&#8221;&#8221; padding_bottom=&#8221;38&#8243; padding_top=&#8221;80&#8243;][vc_column_inner offset=&#8221;vc_col-lg-12 vc_col-md-12&#8243;][vc_column_text] Aktivit\u00e4ten und Verleihservice Dolfijn Watersport en Recreatie bietet verschiedene Sport- und Freizeitangebote und einen Verleihservice&#8230;.<\/p>\n","protected":false},"author":1,"featured_media":0,"parent":0,"menu_order":0,"comment_status":"closed","ping_status":"closed","template":"full_width.php","meta":{"_acf_changed":false,"footnotes":""},"class_list":["post-888","page","type-page","status-publish","hentry"],"acf":[],"yoast_head":"<!-- This site is optimized with the Yoast SEO plugin v26.6 - https:\/\/yoast.com\/wordpress\/plugins\/seo\/ -->\n<title>Aktivit\u00e4ten und Verleihservice - Dolfijn Mook<\/title>\n<meta name=\"robots\" content=\"index, follow, max-snippet:-1, max-image-preview:large, max-video-preview:-1\" \/>\n<link rel=\"canonical\" href=\"https:\/\/www.dolfijn-mook.nl\/de\/aktivitaten-und-verleihservice\/\" \/>\n<meta property=\"og:locale\" content=\"de_DE\" \/>\n<meta property=\"og:type\" content=\"article\" \/>\n<meta property=\"og:title\" content=\"Aktivit\u00e4ten und Verleihservice - Dolfijn Mook\" \/>\n<meta property=\"og:description\" content=\"[vc_row css_animation=&#8221;&#8221; row_type=&#8221;row&#8221; use_row_as_full_screen_section=&#8221;no&#8221; type=&#8221;grid&#8221; angled_section=&#8221;no&#8221; text_align=&#8221;center&#8221; background_image_as_pattern=&#8221;without_pattern&#8221; padding_top=&#8221;120&#8243; padding_bottom=&#8221;113&#8243; z_index=&#8221;&#8221; css=&#8221;.vc_custom_1557137184570{padding-top: 0px !important;padding-bottom: 0px !important;background-position: center !important;background-repeat: no-repeat !important;background-size: cover !important;}&#8221;][vc_column][vc_row_inner row_type=&#8221;row&#8221; type=&#8221;full_width&#8221; text_align=&#8221;left&#8221; css_animation=&#8221;&#8221; padding_bottom=&#8221;38&#8243; padding_top=&#8221;80&#8243;][vc_column_inner offset=&#8221;vc_col-lg-12 vc_col-md-12&#8243;][vc_column_text] Aktivit\u00e4ten und Verleihservice Dolfijn Watersport en Recreatie bietet verschiedene Sport- und Freizeitangebote und einen Verleihservice....\" \/>\n<meta property=\"og:url\" content=\"https:\/\/www.dolfijn-mook.nl\/de\/aktivitaten-und-verleihservice\/\" \/>\n<meta property=\"og:site_name\" content=\"Dolfijn Mook\" \/>\n<meta property=\"article:modified_time\" content=\"2025-06-18T05:15:20+00:00\" \/>\n<meta name=\"twitter:card\" content=\"summary_large_image\" \/>\n<meta name=\"twitter:label1\" content=\"Gesch\u00e4tzte Lesezeit\" \/>\n\t<meta name=\"twitter:data1\" content=\"3 minutes\" \/>\n<script type=\"application\/ld+json\" class=\"yoast-schema-graph\">{\"@context\":\"https:\/\/schema.org\",\"@graph\":[{\"@type\":\"WebPage\",\"@id\":\"https:\/\/www.dolfijn-mook.nl\/de\/aktivitaten-und-verleihservice\/\",\"url\":\"https:\/\/www.dolfijn-mook.nl\/de\/aktivitaten-und-verleihservice\/\",\"name\":\"Aktivit\u00e4ten und Verleihservice - Dolfijn Mook\",\"isPartOf\":{\"@id\":\"https:\/\/www.dolfijn-mook.nl\/#website\"},\"datePublished\":\"2019-06-13T11:24:27+00:00\",\"dateModified\":\"2025-06-18T05:15:20+00:00\",\"breadcrumb\":{\"@id\":\"https:\/\/www.dolfijn-mook.nl\/de\/aktivitaten-und-verleihservice\/#breadcrumb\"},\"inLanguage\":\"de-DE\",\"potentialAction\":[{\"@type\":\"ReadAction\",\"target\":[\"https:\/\/www.dolfijn-mook.nl\/de\/aktivitaten-und-verleihservice\/\"]}]},{\"@type\":\"BreadcrumbList\",\"@id\":\"https:\/\/www.dolfijn-mook.nl\/de\/aktivitaten-und-verleihservice\/#breadcrumb\",\"itemListElement\":[{\"@type\":\"ListItem\",\"position\":1,\"name\":\"Home\",\"item\":\"https:\/\/www.dolfijn-mook.nl\/de\/\"},{\"@type\":\"ListItem\",\"position\":2,\"name\":\"Aktivit\u00e4ten und Verleihservice\"}]},{\"@type\":\"WebSite\",\"@id\":\"https:\/\/www.dolfijn-mook.nl\/#website\",\"url\":\"https:\/\/www.dolfijn-mook.nl\/\",\"name\":\"Dolfijn Mook\",\"description\":\"Watersport en Recreatie\",\"potentialAction\":[{\"@type\":\"SearchAction\",\"target\":{\"@type\":\"EntryPoint\",\"urlTemplate\":\"https:\/\/www.dolfijn-mook.nl\/?s={search_term_string}\"},\"query-input\":{\"@type\":\"PropertyValueSpecification\",\"valueRequired\":true,\"valueName\":\"search_term_string\"}}],\"inLanguage\":\"de-DE\"}]}<\/script>\n<!-- \/ Yoast SEO plugin. -->","yoast_head_json":{"title":"Aktivit\u00e4ten und Verleihservice - Dolfijn Mook","robots":{"index":"index","follow":"follow","max-snippet":"max-snippet:-1","max-image-preview":"max-image-preview:large","max-video-preview":"max-video-preview:-1"},"canonical":"https:\/\/www.dolfijn-mook.nl\/de\/aktivitaten-und-verleihservice\/","og_locale":"de_DE","og_type":"article","og_title":"Aktivit\u00e4ten und Verleihservice - Dolfijn Mook","og_description":"[vc_row css_animation=&#8221;&#8221; row_type=&#8221;row&#8221; use_row_as_full_screen_section=&#8221;no&#8221; type=&#8221;grid&#8221; angled_section=&#8221;no&#8221; text_align=&#8221;center&#8221; background_image_as_pattern=&#8221;without_pattern&#8221; padding_top=&#8221;120&#8243; padding_bottom=&#8221;113&#8243; z_index=&#8221;&#8221; css=&#8221;.vc_custom_1557137184570{padding-top: 0px !important;padding-bottom: 0px !important;background-position: center !important;background-repeat: no-repeat !important;background-size: cover !important;}&#8221;][vc_column][vc_row_inner row_type=&#8221;row&#8221; type=&#8221;full_width&#8221; text_align=&#8221;left&#8221; css_animation=&#8221;&#8221; padding_bottom=&#8221;38&#8243; padding_top=&#8221;80&#8243;][vc_column_inner offset=&#8221;vc_col-lg-12 vc_col-md-12&#8243;][vc_column_text] Aktivit\u00e4ten und Verleihservice Dolfijn Watersport en Recreatie bietet verschiedene Sport- und Freizeitangebote und einen Verleihservice....","og_url":"https:\/\/www.dolfijn-mook.nl\/de\/aktivitaten-und-verleihservice\/","og_site_name":"Dolfijn Mook","article_modified_time":"2025-06-18T05:15:20+00:00","twitter_card":"summary_large_image","twitter_misc":{"Gesch\u00e4tzte Lesezeit":"3 minutes"},"schema":{"@context":"https:\/\/schema.org","@graph":[{"@type":"WebPage","@id":"https:\/\/www.dolfijn-mook.nl\/de\/aktivitaten-und-verleihservice\/","url":"https:\/\/www.dolfijn-mook.nl\/de\/aktivitaten-und-verleihservice\/","name":"Aktivit\u00e4ten und Verleihservice - Dolfijn Mook","isPartOf":{"@id":"https:\/\/www.dolfijn-mook.nl\/#website"},"datePublished":"2019-06-13T11:24:27+00:00","dateModified":"2025-06-18T05:15:20+00:00","breadcrumb":{"@id":"https:\/\/www.dolfijn-mook.nl\/de\/aktivitaten-und-verleihservice\/#breadcrumb"},"inLanguage":"de-DE","potentialAction":[{"@type":"ReadAction","target":["https:\/\/www.dolfijn-mook.nl\/de\/aktivitaten-und-verleihservice\/"]}]},{"@type":"BreadcrumbList","@id":"https:\/\/www.dolfijn-mook.nl\/de\/aktivitaten-und-verleihservice\/#breadcrumb","itemListElement":[{"@type":"ListItem","position":1,"name":"Home","item":"https:\/\/www.dolfijn-mook.nl\/de\/"},{"@type":"ListItem","position":2,"name":"Aktivit\u00e4ten und Verleihservice"}]},{"@type":"WebSite","@id":"https:\/\/www.dolfijn-mook.nl\/#website","url":"https:\/\/www.dolfijn-mook.nl\/","name":"Dolfijn Mook","description":"Watersport en Recreatie","potentialAction":[{"@type":"SearchAction","target":{"@type":"EntryPoint","urlTemplate":"https:\/\/www.dolfijn-mook.nl\/?s={search_term_string}"},"query-input":{"@type":"PropertyValueSpecification","valueRequired":true,"valueName":"search_term_string"}}],"inLanguage":"de-DE"}]}},"_links":{"self":[{"href":"https:\/\/www.dolfijn-mook.nl\/de\/wp-json\/wp\/v2\/pages\/888","targetHints":{"allow":["GET"]}}],"collection":[{"href":"https:\/\/www.dolfijn-mook.nl\/de\/wp-json\/wp\/v2\/pages"}],"about":[{"href":"https:\/\/www.dolfijn-mook.nl\/de\/wp-json\/wp\/v2\/types\/page"}],"author":[{"embeddable":true,"href":"https:\/\/www.dolfijn-mook.nl\/de\/wp-json\/wp\/v2\/users\/1"}],"replies":[{"embeddable":true,"href":"https:\/\/www.dolfijn-mook.nl\/de\/wp-json\/wp\/v2\/comments?post=888"}],"version-history":[{"count":5,"href":"https:\/\/www.dolfijn-mook.nl\/de\/wp-json\/wp\/v2\/pages\/888\/revisions"}],"predecessor-version":[{"id":2435,"href":"https:\/\/www.dolfijn-mook.nl\/de\/wp-json\/wp\/v2\/pages\/888\/revisions\/2435"}],"wp:attachment":[{"href":"https:\/\/www.dolfijn-mook.nl\/de\/wp-json\/wp\/v2\/media?parent=888"}],"curies":[{"name":"wp","href":"https:\/\/api.w.org\/{rel}","templated":true}]}}