{"id":880,"date":"2019-06-13T11:03:36","date_gmt":"2019-06-13T11:03:36","guid":{"rendered":"https:\/\/nldolf-sumovskiy.savviihq.com\/stellenangebote\/"},"modified":"2021-09-24T13:10:00","modified_gmt":"2021-09-24T11:10:00","slug":"stellenangebote","status":"publish","type":"page","link":"https:\/\/www.dolfijn-mook.nl\/de\/stellenangebote\/","title":{"rendered":"Stellenangebote"},"content":{"rendered":"<div class=\"wpb-content-wrapper\"><p>[vc_row css_animation=&#8221;&#8221; row_type=&#8221;row&#8221; use_row_as_full_screen_section=&#8221;no&#8221; type=&#8221;full_width&#8221; angled_section=&#8221;no&#8221; text_align=&#8221;left&#8221; background_image_as_pattern=&#8221;without_pattern&#8221; z_index=&#8221;&#8221; padding_top=&#8221;100&#8243; padding_bottom=&#8221;40&#8243; css=&#8221;.vc_custom_1556873288152{padding-right: 25px !important;padding-left: 25px !important;}&#8221;][vc_column][vc_row_inner row_type=&#8221;row&#8221; type=&#8221;full_width&#8221; text_align=&#8221;left&#8221; css_animation=&#8221;&#8221;][vc_column_inner][vc_column_text]<\/p>\n<h1>Stellenangebote<\/h1>\n<p>Jedes Jahr suchen wir engagierte Menschen, die in der Sommersaison bei uns arbeiten m\u00f6chten. Suchen Sie einen Job in der Sommersaison (April bis Oktober)? Sind Sie 16 Jahre oder \u00e4lter und suchen Sie einen Job in der Gastronomie? Dann sind Sie bei uns genau richtig. Wir suchen:<\/p>\n<ul>\n<li class=\"bodytext\">Mitarbeiter Bedienung (befristeter Vertrag \u00fcber 24 Stunden pro Woche)<\/li>\n<li class=\"bodytext\">Mitarbeiter Bedienung (auf Abrufbasis)<\/li>\n<li class=\"bodytext\">K\u00fcchenhilfe oder Koch (auf Abrufbasis)<\/li>\n<li class=\"bodytext\">Abw\u00e4scher (auf Abrufbasis)<\/li>\n<li class=\"bodytext\">Mitarbeiter Verleihservice ab 18 Jahren (auf Abrufbasis)<\/li>\n<li class=\"bodytext\">Begleiter f\u00fcr Aktivit\u00e4ten ab 18 Jahren (auf Abrufbasis)<\/li>\n<li class=\"bodytext\">Nat\u00fcrlich k\u00f6nnen Sie sich auch als Allround-Mitarbeiter bewerben.<\/li>\n<\/ul>\n<p>Schicken Sie Ihren Lebenslauf an <a data-mce-href=\"mailto:info@dolfijn-mook.nl\" href=\"mailto:info@dolfijn-mook.nl\" target=\"_blank\" rel=\"noopener noreferrer\">info@dolfijn-mook.nl<\/a> oder rufen Sie uns einfach an: +31 (0)24-6962310<\/p>\n<h2 class=\"bodytext\">Was wird von Ihnen erwartet?<\/h2>\n<p class=\"bodytext\"><b>Mitarbeiter Bedienung:<\/b>&nbsp;Sie k\u00f6nnen gut mit Kunden umgehen. Sie sind am Wochenende verf\u00fcgbar. Sie haben Teamgeist. Sie sind flexibel. Erfahrung in der Gastronomie ist von Vorteil.<\/p>\n<p class=\"bodytext\"><b>K\u00fcchenhilfe oder Koch:<\/b>&nbsp;Sie haben Teamgeist. Sie denken bei der Arbeit mit. Sie sind stressbest\u00e4ndig.<\/p>\n<p class=\"bodytext\"><b>Abw\u00e4scher:&nbsp;<\/b>Sie sind stressbest\u00e4ndig. Sie haben Teamgeist.<\/p>\n<p class=\"bodytext\"><b>Mitarbeiter Verleihservice:&nbsp;<\/b>Sie k\u00f6nnen gut mit Menschen umgehen. Sie k\u00f6nnen Sachverhalte gut und verst\u00e4ndlich erkl\u00e4ren. Erfahrung mit Wassersport ist von Vorteil.<\/p>\n<p class=\"bodytext\"><b>Begleiter f\u00fcr Aktivit\u00e4ten:<\/b>&nbsp;Sie sind sozial eingestellt und k\u00f6nnen Sachverhalte gut und verst\u00e4ndlich erkl\u00e4ren. Sie sind ruhig, geduldig und hilfsbereit. Sie haben eine Affinit\u00e4t zum Sport. Sie haben Ausdauer und eine gute Kondition.<\/p>\n<p class=\"bodytext\"><b>Allround-Mitarbeiter:&nbsp;<\/b>Sie sind stressbest\u00e4ndig. Sie lieben die Abwechslung im Job. Sie sind wissbegierig. Sie sind sozial eingestellt.<\/p>\n<p><strong>Fahrradwerkstatt:<\/strong> Sie haben Erfahrung in der Herstellung\/Wartung von Mountainbikes und Fahrr\u00e4dern.<\/p>\n<p>[\/vc_column_text][\/vc_column_inner][\/vc_row_inner][\/vc_column][\/vc_row][vc_row css_animation=&#8221;&#8221; row_type=&#8221;row&#8221; use_row_as_full_screen_section=&#8221;no&#8221; type=&#8221;full_width&#8221; angled_section=&#8221;no&#8221; text_align=&#8221;left&#8221; background_image_as_pattern=&#8221;without_pattern&#8221;][vc_column]<\/p>\n<p>[vc_empty_space height=&#8221;100px&#8221;]<\/p>\n<p>[\/vc_column][\/vc_row]<\/p>\n<\/div>","protected":false},"excerpt":{"rendered":"<p>[vc_row css_animation=&#8221;&#8221; row_type=&#8221;row&#8221; use_row_as_full_screen_section=&#8221;no&#8221; type=&#8221;full_width&#8221; angled_section=&#8221;no&#8221; text_align=&#8221;left&#8221; background_image_as_pattern=&#8221;without_pattern&#8221; z_index=&#8221;&#8221; padding_top=&#8221;100&#8243; padding_bottom=&#8221;40&#8243; css=&#8221;.vc_custom_1556873288152{padding-right: 25px !important;padding-left: 25px !important;}&#8221;][vc_column][vc_row_inner row_type=&#8221;row&#8221; type=&#8221;full_width&#8221; text_align=&#8221;left&#8221; css_animation=&#8221;&#8221;][vc_column_inner][vc_column_text] Stellenangebote Jedes Jahr suchen wir engagierte Menschen, die in der Sommersaison bei uns arbeiten m\u00f6chten. Suchen Sie einen Job in der Sommersaison (April bis Oktober)?&#8230;<\/p>\n","protected":false},"author":1,"featured_media":0,"parent":0,"menu_order":0,"comment_status":"closed","ping_status":"closed","template":"full_width.php","meta":{"_acf_changed":false,"footnotes":""},"class_list":["post-880","page","type-page","status-publish","hentry"],"acf":[],"yoast_head":"<!-- This site is optimized with the Yoast SEO plugin v26.6 - https:\/\/yoast.com\/wordpress\/plugins\/seo\/ -->\n<title>Stellenangebote - Dolfijn Mook<\/title>\n<meta name=\"robots\" content=\"index, follow, max-snippet:-1, max-image-preview:large, max-video-preview:-1\" \/>\n<link rel=\"canonical\" href=\"https:\/\/www.dolfijn-mook.nl\/vacatures\/\" \/>\n<meta property=\"og:locale\" content=\"de_DE\" \/>\n<meta property=\"og:type\" content=\"article\" \/>\n<meta property=\"og:title\" content=\"Stellenangebote - Dolfijn Mook\" \/>\n<meta property=\"og:description\" content=\"[vc_row css_animation=&#8221;&#8221; row_type=&#8221;row&#8221; use_row_as_full_screen_section=&#8221;no&#8221; type=&#8221;full_width&#8221; angled_section=&#8221;no&#8221; text_align=&#8221;left&#8221; background_image_as_pattern=&#8221;without_pattern&#8221; z_index=&#8221;&#8221; padding_top=&#8221;100&#8243; padding_bottom=&#8221;40&#8243; css=&#8221;.vc_custom_1556873288152{padding-right: 25px !important;padding-left: 25px !important;}&#8221;][vc_column][vc_row_inner row_type=&#8221;row&#8221; type=&#8221;full_width&#8221; text_align=&#8221;left&#8221; css_animation=&#8221;&#8221;][vc_column_inner][vc_column_text] Stellenangebote Jedes Jahr suchen wir engagierte Menschen, die in der Sommersaison bei uns arbeiten m\u00f6chten. Suchen Sie einen Job in der Sommersaison (April bis Oktober)?...\" \/>\n<meta property=\"og:url\" content=\"https:\/\/www.dolfijn-mook.nl\/vacatures\/\" \/>\n<meta property=\"og:site_name\" content=\"Dolfijn Mook\" \/>\n<meta property=\"article:modified_time\" content=\"2021-09-24T11:10:00+00:00\" \/>\n<meta name=\"twitter:card\" content=\"summary_large_image\" \/>\n<meta name=\"twitter:label1\" content=\"Gesch\u00e4tzte Lesezeit\" \/>\n\t<meta name=\"twitter:data1\" content=\"2 minutes\" \/>\n<script type=\"application\/ld+json\" class=\"yoast-schema-graph\">{\"@context\":\"https:\/\/schema.org\",\"@graph\":[{\"@type\":\"WebPage\",\"@id\":\"https:\/\/www.dolfijn-mook.nl\/vacatures\/\",\"url\":\"https:\/\/www.dolfijn-mook.nl\/vacatures\/\",\"name\":\"Stellenangebote - Dolfijn Mook\",\"isPartOf\":{\"@id\":\"https:\/\/www.dolfijn-mook.nl\/#website\"},\"datePublished\":\"2019-06-13T11:03:36+00:00\",\"dateModified\":\"2021-09-24T11:10:00+00:00\",\"breadcrumb\":{\"@id\":\"https:\/\/www.dolfijn-mook.nl\/vacatures\/#breadcrumb\"},\"inLanguage\":\"de-DE\",\"potentialAction\":[{\"@type\":\"ReadAction\",\"target\":[\"https:\/\/www.dolfijn-mook.nl\/vacatures\/\"]}]},{\"@type\":\"BreadcrumbList\",\"@id\":\"https:\/\/www.dolfijn-mook.nl\/vacatures\/#breadcrumb\",\"itemListElement\":[{\"@type\":\"ListItem\",\"position\":1,\"name\":\"Home\",\"item\":\"https:\/\/www.dolfijn-mook.nl\/de\/\"},{\"@type\":\"ListItem\",\"position\":2,\"name\":\"Stellenangebote\"}]},{\"@type\":\"WebSite\",\"@id\":\"https:\/\/www.dolfijn-mook.nl\/#website\",\"url\":\"https:\/\/www.dolfijn-mook.nl\/\",\"name\":\"Dolfijn Mook\",\"description\":\"Watersport en Recreatie\",\"potentialAction\":[{\"@type\":\"SearchAction\",\"target\":{\"@type\":\"EntryPoint\",\"urlTemplate\":\"https:\/\/www.dolfijn-mook.nl\/?s={search_term_string}\"},\"query-input\":{\"@type\":\"PropertyValueSpecification\",\"valueRequired\":true,\"valueName\":\"search_term_string\"}}],\"inLanguage\":\"de-DE\"}]}<\/script>\n<!-- \/ Yoast SEO plugin. -->","yoast_head_json":{"title":"Stellenangebote - Dolfijn Mook","robots":{"index":"index","follow":"follow","max-snippet":"max-snippet:-1","max-image-preview":"max-image-preview:large","max-video-preview":"max-video-preview:-1"},"canonical":"https:\/\/www.dolfijn-mook.nl\/vacatures\/","og_locale":"de_DE","og_type":"article","og_title":"Stellenangebote - Dolfijn Mook","og_description":"[vc_row css_animation=&#8221;&#8221; row_type=&#8221;row&#8221; use_row_as_full_screen_section=&#8221;no&#8221; type=&#8221;full_width&#8221; angled_section=&#8221;no&#8221; text_align=&#8221;left&#8221; background_image_as_pattern=&#8221;without_pattern&#8221; z_index=&#8221;&#8221; padding_top=&#8221;100&#8243; padding_bottom=&#8221;40&#8243; css=&#8221;.vc_custom_1556873288152{padding-right: 25px !important;padding-left: 25px !important;}&#8221;][vc_column][vc_row_inner row_type=&#8221;row&#8221; type=&#8221;full_width&#8221; text_align=&#8221;left&#8221; css_animation=&#8221;&#8221;][vc_column_inner][vc_column_text] Stellenangebote Jedes Jahr suchen wir engagierte Menschen, die in der Sommersaison bei uns arbeiten m\u00f6chten. Suchen Sie einen Job in der Sommersaison (April bis Oktober)?...","og_url":"https:\/\/www.dolfijn-mook.nl\/vacatures\/","og_site_name":"Dolfijn Mook","article_modified_time":"2021-09-24T11:10:00+00:00","twitter_card":"summary_large_image","twitter_misc":{"Gesch\u00e4tzte Lesezeit":"2 minutes"},"schema":{"@context":"https:\/\/schema.org","@graph":[{"@type":"WebPage","@id":"https:\/\/www.dolfijn-mook.nl\/vacatures\/","url":"https:\/\/www.dolfijn-mook.nl\/vacatures\/","name":"Stellenangebote - Dolfijn Mook","isPartOf":{"@id":"https:\/\/www.dolfijn-mook.nl\/#website"},"datePublished":"2019-06-13T11:03:36+00:00","dateModified":"2021-09-24T11:10:00+00:00","breadcrumb":{"@id":"https:\/\/www.dolfijn-mook.nl\/vacatures\/#breadcrumb"},"inLanguage":"de-DE","potentialAction":[{"@type":"ReadAction","target":["https:\/\/www.dolfijn-mook.nl\/vacatures\/"]}]},{"@type":"BreadcrumbList","@id":"https:\/\/www.dolfijn-mook.nl\/vacatures\/#breadcrumb","itemListElement":[{"@type":"ListItem","position":1,"name":"Home","item":"https:\/\/www.dolfijn-mook.nl\/de\/"},{"@type":"ListItem","position":2,"name":"Stellenangebote"}]},{"@type":"WebSite","@id":"https:\/\/www.dolfijn-mook.nl\/#website","url":"https:\/\/www.dolfijn-mook.nl\/","name":"Dolfijn Mook","description":"Watersport en Recreatie","potentialAction":[{"@type":"SearchAction","target":{"@type":"EntryPoint","urlTemplate":"https:\/\/www.dolfijn-mook.nl\/?s={search_term_string}"},"query-input":{"@type":"PropertyValueSpecification","valueRequired":true,"valueName":"search_term_string"}}],"inLanguage":"de-DE"}]}},"_links":{"self":[{"href":"https:\/\/www.dolfijn-mook.nl\/de\/wp-json\/wp\/v2\/pages\/880","targetHints":{"allow":["GET"]}}],"collection":[{"href":"https:\/\/www.dolfijn-mook.nl\/de\/wp-json\/wp\/v2\/pages"}],"about":[{"href":"https:\/\/www.dolfijn-mook.nl\/de\/wp-json\/wp\/v2\/types\/page"}],"author":[{"embeddable":true,"href":"https:\/\/www.dolfijn-mook.nl\/de\/wp-json\/wp\/v2\/users\/1"}],"replies":[{"embeddable":true,"href":"https:\/\/www.dolfijn-mook.nl\/de\/wp-json\/wp\/v2\/comments?post=880"}],"version-history":[{"count":5,"href":"https:\/\/www.dolfijn-mook.nl\/de\/wp-json\/wp\/v2\/pages\/880\/revisions"}],"predecessor-version":[{"id":1710,"href":"https:\/\/www.dolfijn-mook.nl\/de\/wp-json\/wp\/v2\/pages\/880\/revisions\/1710"}],"wp:attachment":[{"href":"https:\/\/www.dolfijn-mook.nl\/de\/wp-json\/wp\/v2\/media?parent=880"}],"curies":[{"name":"wp","href":"https:\/\/api.w.org\/{rel}","templated":true}]}}