{"id":874,"date":"2019-06-13T10:51:59","date_gmt":"2019-06-13T10:51:59","guid":{"rendered":"https:\/\/nldolf-sumovskiy.savviihq.com\/kindergeburtstage-und-partys\/"},"modified":"2021-09-24T13:17:41","modified_gmt":"2021-09-24T11:17:41","slug":"kindergeburtstage-und-partys","status":"publish","type":"page","link":"https:\/\/www.dolfijn-mook.nl\/de\/kindergeburtstage-und-partys\/","title":{"rendered":"Kindergeburtstage und Partys"},"content":{"rendered":"<div class=\"wpb-content-wrapper\"><p>[vc_row css_animation=&#8221;&#8221; row_type=&#8221;row&#8221; use_row_as_full_screen_section=&#8221;no&#8221; type=&#8221;grid&#8221; angled_section=&#8221;no&#8221; text_align=&#8221;left&#8221; background_image_as_pattern=&#8221;without_pattern&#8221; padding_top=&#8221;105&#8243; padding_bottom=&#8221;83&#8243; z_index=&#8221;&#8221;][vc_column][vc_column_text]<\/p>\n<h2>Kindergeburtstage und Partys<\/h2>\n<p>[\/vc_column_text][vc_empty_space height=&#8221;33px&#8221;][vc_column_text]<\/p>\n<p>F\u00fcr Kinder von 6 &#8211; 12 Jahren k\u00f6nnen bei Dolfijn Watersport en Recreatie Kindergeburtstage gebucht werden. Wenn Sie weitere Informationen w\u00fcnschen, schreiben Sie uns einfach eine E-Mail an\u00a0<a href=\"mailto:info@dolfijn-mook.nl\">info@dolfijn-mook.nl<\/a>\u00a0oder\u00a0<a href=\"https:\/\/dolfijn-mook.nl\/de\/kontakt\/\">rufen Sie uns an<\/a>. Sie k\u00f6nnen auch nach Terminvereinbarung pers\u00f6nlich bei uns vorbeikommen.<\/p>\n<p>[\/vc_column_text][vc_empty_space height=&#8221;33px&#8221;][\/vc_column][\/vc_row][vc_row css_animation=&#8221;&#8221; row_type=&#8221;row&#8221; use_row_as_full_screen_section=&#8221;no&#8221; type=&#8221;grid&#8221; angled_section=&#8221;no&#8221; text_align=&#8221;left&#8221; background_image_as_pattern=&#8221;without_pattern&#8221; padding_top=&#8221;105&#8243; padding_bottom=&#8221;83&#8243; z_index=&#8221;&#8221; css=&#8221;.vc_custom_1632482169395{margin-top: 0px !important;padding-top: 0px !important;}&#8221;][vc_column width=&#8221;1\/2&#8243;]<div class=\"qode-specification-list\">\n\t\t<div class=\"qode-specification-list-text-holder\">\n\t\t<h3 class=\"qode-specification-list-title\">\n\t\t\tSchwammkopf\t\t<\/h3>\n\t\t<div class=\"qode-specification-list-items\">\n\t\t\t\t\t\t\t<div class=\"qode-specification-list-item\">\n\t\t\t\t\t<span class=\"qode-specification-list-item-label\">\n\t\t\t\t\t\tTwee uur kano\u00ebn\t\t\t\t\t<\/span>\n\t\t\t\t\t<span class=\"qode-specification-list-item-value\">\n\t\t\t\t\t\t\t\t\t\t\t<\/span>\n\t\t\t\t<\/div>\n\t\t\t\t\t\t\t<div class=\"qode-specification-list-item\">\n\t\t\t\t\t<span class=\"qode-specification-list-item-label\">\n\t\t\t\t\t\tFrietje + snack (kroket \/ frikandel \/ kaassouffl\u00e9 )\t\t\t\t\t<\/span>\n\t\t\t\t\t<span class=\"qode-specification-list-item-value\">\n\t\t\t\t\t\t\t\t\t\t\t<\/span>\n\t\t\t\t<\/div>\n\t\t\t\t\t\t\t<div class=\"qode-specification-list-item\">\n\t\t\t\t\t<span class=\"qode-specification-list-item-label\">\n\t\t\t\t\t\tKan ranja\t\t\t\t\t<\/span>\n\t\t\t\t\t<span class=\"qode-specification-list-item-value\">\n\t\t\t\t\t\t\t\t\t\t\t<\/span>\n\t\t\t\t<\/div>\n\t\t\t\t\t<\/div>\n\t<\/div>\n\t<\/div>[vc_column_text css=&#8221;.vc_custom_1557124927701{padding-left: 35px !important;}&#8221;]Das Arrangement besteht aus einer zweist\u00fcndigen Kanutour und Pommes mit Snack. Bei der Kanutour m\u00fcssen die Kinder eine Schwimmweste tragen. Das Arrangement kostet \u20ac 7,50 Euro pro Kind. Wichtiger Hinweis: alle Kinder m\u00fcssen ein Schwimmzeugnis haben.[\/vc_column_text][vc_empty_space height=&#8221;33px&#8221;]<div class=\"image_with_text\"><img decoding=\"async\" itemprop=\"image\" src=\"https:\/\/www.dolfijn-mook.nl\/wp-content\/uploads\/2021\/01\/boogdolf.jpg\" alt=\"\" \/><h3  class=\"image_with_text_title\"><\/h3><span style=\"margin: 6px 0px;\" class=\"separator transparent\"><\/span><\/div>[\/vc_column][vc_column width=&#8221;1\/2&#8243;]<div class=\"qode-specification-list\">\n\t\t<div class=\"qode-specification-list-text-holder\">\n\t\t<h3 class=\"qode-specification-list-title\">\n\t\t\tRobin Hood (ab 8 Kinder)\t\t<\/h3>\n\t\t<div class=\"qode-specification-list-items\">\n\t\t\t\t\t\t\t<div class=\"qode-specification-list-item\">\n\t\t\t\t\t<span class=\"qode-specification-list-item-label\">\n\t\t\t\t\t\t\u00c9\u00e9n uur handboogschieten\t\t\t\t\t<\/span>\n\t\t\t\t\t<span class=\"qode-specification-list-item-value\">\n\t\t\t\t\t\t\t\t\t\t\t<\/span>\n\t\t\t\t<\/div>\n\t\t\t\t\t\t\t<div class=\"qode-specification-list-item\">\n\t\t\t\t\t<span class=\"qode-specification-list-item-label\">\n\t\t\t\t\t\tFrietje + snack (kroket \/ frikandel \/ kaassouffl\u00e9)\t\t\t\t\t<\/span>\n\t\t\t\t\t<span class=\"qode-specification-list-item-value\">\n\t\t\t\t\t\t\t\t\t\t\t<\/span>\n\t\t\t\t<\/div>\n\t\t\t\t\t\t\t<div class=\"qode-specification-list-item\">\n\t\t\t\t\t<span class=\"qode-specification-list-item-label\">\n\t\t\t\t\t\tKan ranja\t\t\t\t\t<\/span>\n\t\t\t\t\t<span class=\"qode-specification-list-item-value\">\n\t\t\t\t\t\t\t\t\t\t\t<\/span>\n\t\t\t\t<\/div>\n\t\t\t\t\t<\/div>\n\t<\/div>\n\t<\/div>[vc_column_text css=&#8221;.vc_custom_1557124945578{padding-left: 35px !important;}&#8221;]Das Robin Hood-Arrangement besteht aus einer Stunde Bogenschie\u00dfen unter Begleitung\/Aufsicht. Nach Abschluss werden Pommes mit einem Snack und eine Kanne Ranja-Limonade serviert. Das Arrangement kostet \u20ac 8,50 Euro pro Kind. Die Mindestteilnehmerzahl betr\u00e4gt acht Kinder.[\/vc_column_text][vc_empty_space height=&#8221;33px&#8221;][\/vc_column][\/vc_row][vc_row css_animation=&#8221;&#8221; row_type=&#8221;row&#8221; use_row_as_full_screen_section=&#8221;no&#8221; type=&#8221;full_width&#8221; angled_section=&#8221;no&#8221; text_align=&#8221;left&#8221; background_image_as_pattern=&#8221;without_pattern&#8221;][vc_column]<\/p>\n<p>[vc_empty_space height=&#8221;60px&#8221;]<\/p>\n<p>[\/vc_column][\/vc_row]<\/p>\n<\/div>","protected":false},"excerpt":{"rendered":"<p>[vc_row css_animation=&#8221;&#8221; row_type=&#8221;row&#8221; use_row_as_full_screen_section=&#8221;no&#8221; type=&#8221;grid&#8221; angled_section=&#8221;no&#8221; text_align=&#8221;left&#8221; background_image_as_pattern=&#8221;without_pattern&#8221; padding_top=&#8221;105&#8243; padding_bottom=&#8221;83&#8243; z_index=&#8221;&#8221;][vc_column][vc_column_text] Kindergeburtstage und Partys [\/vc_column_text][vc_empty_space height=&#8221;33px&#8221;][vc_column_text] F\u00fcr Kinder von 6 &#8211; 12 Jahren k\u00f6nnen bei Dolfijn Watersport en Recreatie Kindergeburtstage gebucht werden. Wenn Sie weitere Informationen w\u00fcnschen, schreiben Sie uns einfach eine E-Mail an\u00a0info@dolfijn-mook.nl\u00a0oder\u00a0rufen Sie&#8230;<\/p>\n","protected":false},"author":1,"featured_media":0,"parent":0,"menu_order":0,"comment_status":"closed","ping_status":"closed","template":"full_width.php","meta":{"_acf_changed":false,"footnotes":""},"class_list":["post-874","page","type-page","status-publish","hentry"],"acf":[],"yoast_head":"<!-- This site is optimized with the Yoast SEO plugin v26.6 - https:\/\/yoast.com\/wordpress\/plugins\/seo\/ -->\n<title>Kindergeburtstage und Partys - Dolfijn Mook<\/title>\n<meta name=\"robots\" content=\"index, follow, max-snippet:-1, max-image-preview:large, max-video-preview:-1\" \/>\n<link rel=\"canonical\" href=\"https:\/\/www.dolfijn-mook.nl\/bedrijfsfeesten\/kinderfeesten\/\" \/>\n<meta property=\"og:locale\" content=\"de_DE\" \/>\n<meta property=\"og:type\" content=\"article\" \/>\n<meta property=\"og:title\" content=\"Kindergeburtstage und Partys - Dolfijn Mook\" \/>\n<meta property=\"og:description\" content=\"[vc_row css_animation=&#8221;&#8221; row_type=&#8221;row&#8221; use_row_as_full_screen_section=&#8221;no&#8221; type=&#8221;grid&#8221; angled_section=&#8221;no&#8221; text_align=&#8221;left&#8221; background_image_as_pattern=&#8221;without_pattern&#8221; padding_top=&#8221;105&#8243; padding_bottom=&#8221;83&#8243; z_index=&#8221;&#8221;][vc_column][vc_column_text] Kindergeburtstage und Partys [\/vc_column_text][vc_empty_space height=&#8221;33px&#8221;][vc_column_text] F\u00fcr Kinder von 6 &#8211; 12 Jahren k\u00f6nnen bei Dolfijn Watersport en Recreatie Kindergeburtstage gebucht werden. Wenn Sie weitere Informationen w\u00fcnschen, schreiben Sie uns einfach eine E-Mail an\u00a0info@dolfijn-mook.nl\u00a0oder\u00a0rufen Sie...\" \/>\n<meta property=\"og:url\" content=\"https:\/\/www.dolfijn-mook.nl\/bedrijfsfeesten\/kinderfeesten\/\" \/>\n<meta property=\"og:site_name\" content=\"Dolfijn Mook\" \/>\n<meta property=\"article:modified_time\" content=\"2021-09-24T11:17:41+00:00\" \/>\n<meta name=\"twitter:card\" content=\"summary_large_image\" \/>\n<meta name=\"twitter:label1\" content=\"Gesch\u00e4tzte Lesezeit\" \/>\n\t<meta name=\"twitter:data1\" content=\"2 minutes\" \/>\n<script type=\"application\/ld+json\" class=\"yoast-schema-graph\">{\"@context\":\"https:\/\/schema.org\",\"@graph\":[{\"@type\":\"WebPage\",\"@id\":\"https:\/\/www.dolfijn-mook.nl\/bedrijfsfeesten\/kinderfeesten\/\",\"url\":\"https:\/\/www.dolfijn-mook.nl\/bedrijfsfeesten\/kinderfeesten\/\",\"name\":\"Kindergeburtstage und Partys - Dolfijn Mook\",\"isPartOf\":{\"@id\":\"https:\/\/www.dolfijn-mook.nl\/#website\"},\"datePublished\":\"2019-06-13T10:51:59+00:00\",\"dateModified\":\"2021-09-24T11:17:41+00:00\",\"breadcrumb\":{\"@id\":\"https:\/\/www.dolfijn-mook.nl\/bedrijfsfeesten\/kinderfeesten\/#breadcrumb\"},\"inLanguage\":\"de-DE\",\"potentialAction\":[{\"@type\":\"ReadAction\",\"target\":[\"https:\/\/www.dolfijn-mook.nl\/bedrijfsfeesten\/kinderfeesten\/\"]}]},{\"@type\":\"BreadcrumbList\",\"@id\":\"https:\/\/www.dolfijn-mook.nl\/bedrijfsfeesten\/kinderfeesten\/#breadcrumb\",\"itemListElement\":[{\"@type\":\"ListItem\",\"position\":1,\"name\":\"Home\",\"item\":\"https:\/\/www.dolfijn-mook.nl\/de\/\"},{\"@type\":\"ListItem\",\"position\":2,\"name\":\"Feiern, Betriebsausfl\u00fcge und Veranstaltungen\",\"item\":\"https:\/\/www.dolfijn-mook.nl\/bedrijfsfeesten\/\"},{\"@type\":\"ListItem\",\"position\":3,\"name\":\"Kindergeburtstage und Partys\"}]},{\"@type\":\"WebSite\",\"@id\":\"https:\/\/www.dolfijn-mook.nl\/#website\",\"url\":\"https:\/\/www.dolfijn-mook.nl\/\",\"name\":\"Dolfijn Mook\",\"description\":\"Watersport en Recreatie\",\"potentialAction\":[{\"@type\":\"SearchAction\",\"target\":{\"@type\":\"EntryPoint\",\"urlTemplate\":\"https:\/\/www.dolfijn-mook.nl\/?s={search_term_string}\"},\"query-input\":{\"@type\":\"PropertyValueSpecification\",\"valueRequired\":true,\"valueName\":\"search_term_string\"}}],\"inLanguage\":\"de-DE\"}]}<\/script>\n<!-- \/ Yoast SEO plugin. -->","yoast_head_json":{"title":"Kindergeburtstage und Partys - Dolfijn Mook","robots":{"index":"index","follow":"follow","max-snippet":"max-snippet:-1","max-image-preview":"max-image-preview:large","max-video-preview":"max-video-preview:-1"},"canonical":"https:\/\/www.dolfijn-mook.nl\/bedrijfsfeesten\/kinderfeesten\/","og_locale":"de_DE","og_type":"article","og_title":"Kindergeburtstage und Partys - Dolfijn Mook","og_description":"[vc_row css_animation=&#8221;&#8221; row_type=&#8221;row&#8221; use_row_as_full_screen_section=&#8221;no&#8221; type=&#8221;grid&#8221; angled_section=&#8221;no&#8221; text_align=&#8221;left&#8221; background_image_as_pattern=&#8221;without_pattern&#8221; padding_top=&#8221;105&#8243; padding_bottom=&#8221;83&#8243; z_index=&#8221;&#8221;][vc_column][vc_column_text] Kindergeburtstage und Partys [\/vc_column_text][vc_empty_space height=&#8221;33px&#8221;][vc_column_text] F\u00fcr Kinder von 6 &#8211; 12 Jahren k\u00f6nnen bei Dolfijn Watersport en Recreatie Kindergeburtstage gebucht werden. Wenn Sie weitere Informationen w\u00fcnschen, schreiben Sie uns einfach eine E-Mail an\u00a0info@dolfijn-mook.nl\u00a0oder\u00a0rufen Sie...","og_url":"https:\/\/www.dolfijn-mook.nl\/bedrijfsfeesten\/kinderfeesten\/","og_site_name":"Dolfijn Mook","article_modified_time":"2021-09-24T11:17:41+00:00","twitter_card":"summary_large_image","twitter_misc":{"Gesch\u00e4tzte Lesezeit":"2 minutes"},"schema":{"@context":"https:\/\/schema.org","@graph":[{"@type":"WebPage","@id":"https:\/\/www.dolfijn-mook.nl\/bedrijfsfeesten\/kinderfeesten\/","url":"https:\/\/www.dolfijn-mook.nl\/bedrijfsfeesten\/kinderfeesten\/","name":"Kindergeburtstage und Partys - Dolfijn Mook","isPartOf":{"@id":"https:\/\/www.dolfijn-mook.nl\/#website"},"datePublished":"2019-06-13T10:51:59+00:00","dateModified":"2021-09-24T11:17:41+00:00","breadcrumb":{"@id":"https:\/\/www.dolfijn-mook.nl\/bedrijfsfeesten\/kinderfeesten\/#breadcrumb"},"inLanguage":"de-DE","potentialAction":[{"@type":"ReadAction","target":["https:\/\/www.dolfijn-mook.nl\/bedrijfsfeesten\/kinderfeesten\/"]}]},{"@type":"BreadcrumbList","@id":"https:\/\/www.dolfijn-mook.nl\/bedrijfsfeesten\/kinderfeesten\/#breadcrumb","itemListElement":[{"@type":"ListItem","position":1,"name":"Home","item":"https:\/\/www.dolfijn-mook.nl\/de\/"},{"@type":"ListItem","position":2,"name":"Feiern, Betriebsausfl\u00fcge und Veranstaltungen","item":"https:\/\/www.dolfijn-mook.nl\/bedrijfsfeesten\/"},{"@type":"ListItem","position":3,"name":"Kindergeburtstage und Partys"}]},{"@type":"WebSite","@id":"https:\/\/www.dolfijn-mook.nl\/#website","url":"https:\/\/www.dolfijn-mook.nl\/","name":"Dolfijn Mook","description":"Watersport en Recreatie","potentialAction":[{"@type":"SearchAction","target":{"@type":"EntryPoint","urlTemplate":"https:\/\/www.dolfijn-mook.nl\/?s={search_term_string}"},"query-input":{"@type":"PropertyValueSpecification","valueRequired":true,"valueName":"search_term_string"}}],"inLanguage":"de-DE"}]}},"_links":{"self":[{"href":"https:\/\/www.dolfijn-mook.nl\/de\/wp-json\/wp\/v2\/pages\/874","targetHints":{"allow":["GET"]}}],"collection":[{"href":"https:\/\/www.dolfijn-mook.nl\/de\/wp-json\/wp\/v2\/pages"}],"about":[{"href":"https:\/\/www.dolfijn-mook.nl\/de\/wp-json\/wp\/v2\/types\/page"}],"author":[{"embeddable":true,"href":"https:\/\/www.dolfijn-mook.nl\/de\/wp-json\/wp\/v2\/users\/1"}],"replies":[{"embeddable":true,"href":"https:\/\/www.dolfijn-mook.nl\/de\/wp-json\/wp\/v2\/comments?post=874"}],"version-history":[{"count":5,"href":"https:\/\/www.dolfijn-mook.nl\/de\/wp-json\/wp\/v2\/pages\/874\/revisions"}],"predecessor-version":[{"id":1716,"href":"https:\/\/www.dolfijn-mook.nl\/de\/wp-json\/wp\/v2\/pages\/874\/revisions\/1716"}],"wp:attachment":[{"href":"https:\/\/www.dolfijn-mook.nl\/de\/wp-json\/wp\/v2\/media?parent=874"}],"curies":[{"name":"wp","href":"https:\/\/api.w.org\/{rel}","templated":true}]}}