{"id":854,"date":"2019-06-13T07:54:59","date_gmt":"2019-06-13T07:54:59","guid":{"rendered":"https:\/\/nldolf-sumovskiy.savviihq.com\/schaluppen\/"},"modified":"2023-03-22T14:59:47","modified_gmt":"2023-03-22T12:59:47","slug":"schaluppen","status":"publish","type":"page","link":"https:\/\/www.dolfijn-mook.nl\/de\/aktivitaten-und-verleihservice\/schaluppen\/","title":{"rendered":"Schaluppen"},"content":{"rendered":"<div class=\"wpb-content-wrapper\"><p>[vc_row css_animation=&#8221;&#8221; row_type=&#8221;row&#8221; use_row_as_full_screen_section=&#8221;no&#8221; type=&#8221;full_width&#8221; angled_section=&#8221;no&#8221; text_align=&#8221;left&#8221; background_image_as_pattern=&#8221;without_pattern&#8221;][vc_column width=&#8221;1\/2&#8243;][vc_column_text]<\/p>\n<h2>Schaluppen<\/h2>\n<p>Sie m\u00f6chten die umliegende Natur vom Wasser aus erkunden? Wir vermieten auch luxuri\u00f6s ausgestattete Schaluppen!<\/p>\n<p><strong>Schaluppen f\u00fcr 6 Personen<\/strong><br \/>\nDiese luxuri\u00f6s ausgestatteten Schaluppen sind einfach zu fahren. Die Schaluppen werden mit Kissen f\u00fcr optimalen Sitzkomfort vermietet. Derzeit haben wir drei Schaluppen, die f\u00fcr bis zu 6 Personen geeignet sind. Eine Schaluppe hat eine ger\u00e4umige \u00dcberdachung an der Vorderseite, eine Schaluppe hat ein (Bimi) Sonnensegel \u00fcber dem Steuerbereich und eine Schaluppe ist ganz offen. Haustiere sind auf unseren Schaluppen <strong>nicht erlaubt<\/strong>.<\/p>\n<p><strong>Schaluppe f\u00fcr bis zu 10 Personen<br \/>\n<\/strong>Diese wundersch\u00f6nen Schaluppen der Marke Stormer sind eine Augenweide und lassen sich gut fahren. Die Schaluppen f\u00fcr 10 Personen werden mit Kissen vermietet. Derzeit haben wir drei Schaluppen, die f\u00fcr bis zu 10 Personen geeignet sind. Eine der Schaluppen ist teilweise \u00fcberdacht. Haustiere sind auf unseren Schaluppen <strong>nicht erlaubt<\/strong>.<\/p>\n<p><strong>7-Personen-Schaluppe<\/strong><br \/>\nDer Delfin hat seit kurzem auch eine 7-Personen-Schaluppe. Die Schaluppe hat innen einen Teakholzboden. Diese Schaluppe ist sehr zu empfehlen, wenn Sie einen ganzen Tag segeln m\u00f6chten. Haustiere sind auf unseren Schaluppen nicht erlaubt. Alle unsere Schaluppen sind auf der Maas und in Richtung der Kraayenbergse Plassen erlaubt. Unsere Schaluppen d\u00fcrfen <strong>nicht<\/strong> in den Maas- und Waalkanal einfahren. Sie k\u00f6nnen ein Boot<strong> nur online reservieren<\/strong> (\u00fcber die Reservierungsbuttons) Wenn Sie eine Schaluppe f\u00fcr einen ganzen Tag gemietet haben, muss diese vor 11 Uhr abgeholt werden, sonst vermieten wir sie wieder!<\/p>\n<p>[\/vc_column_text][vc_empty_space height=&#8221;50px&#8221;]<a  itemprop=\"url\" href=\"https:\/\/dolfijn-mook.i-reserve.net\/\" target=\"_self\"  class=\"qbutton  default\" style=\"\"> BUCHEN SIE JETZT<\/a>[vc_column_text][\/vc_column_text][\/vc_column][vc_column width=&#8221;1\/2&#8243;]<div class=\"image_with_text\"><img decoding=\"async\" itemprop=\"image\" src=\"https:\/\/www.dolfijn-mook.nl\/wp-content\/uploads\/2021\/03\/sloep6-nieuw-scaled.jpg\" alt=\"\" \/><h3  class=\"image_with_text_title\"><\/h3><span style=\"margin: 6px 0px;\" class=\"separator transparent\"><\/span><\/div>[\/vc_column][\/vc_row][vc_row css_animation=&#8221;&#8221; row_type=&#8221;row&#8221; use_row_as_full_screen_section=&#8221;no&#8221; type=&#8221;full_width&#8221; angled_section=&#8221;no&#8221; text_align=&#8221;left&#8221; background_image_as_pattern=&#8221;without_pattern&#8221;][vc_column offset=&#8221;vc_hidden-xs&#8221;]<\/p>\n<p>[vc_separator type=&#8221;normal&#8221;]<\/p>\n<p>[\/vc_column][\/vc_row][vc_row css_animation=&#8221;&#8221; row_type=&#8221;row&#8221; use_row_as_full_screen_section=&#8221;no&#8221; type=&#8221;full_width&#8221; angled_section=&#8221;no&#8221; text_align=&#8221;left&#8221; background_image_as_pattern=&#8221;without_pattern&#8221;][vc_column width=&#8221;1\/2&#8243; offset=&#8221;vc_hidden-xs&#8221;][vc_video link=&#8221;https:\/\/youtu.be\/CWfbcCz0acQ&#8221;][\/vc_column][vc_column width=&#8221;1\/2&#8243;][vc_column_text]<\/p>\n<h2>Bootsverleih Delfin Mook<\/h2>\n<p>Vor der Abfahrt erhalten Sie eine kurze Einweisung. Danach k\u00f6nnen Sie die Mookerplassen mit ihrer wundersch\u00f6nen Umgebung und den Fluss Maas genie\u00dfen.<\/p>\n<p>Alle Schaluppen k\u00f6nnen stundenweise oder ganzt\u00e4gig zwischen 10 und 17 Uhr gemietet werden. Kraftstoff ist im Mietpreis enthalten (<a href=\"https:\/\/dolfijn-mook.nl\/de\/preise\/\">siehe Preisliste<\/a>). Um eine Schaluppe zu mieten, m\u00fcssen Sie einen g\u00fcltigen Ausweis und eine <strong>Kaution<\/strong> von \u20ac 250,- in bar vorlegen. Haustiere sind auf den Schaluppen nicht erlaubt. Wir empfehlen Ihnen, im Voraus zu buchen. Reservierungen sind m\u00f6glich, wenn Sie zwei Stunden oder l\u00e4nger segeln. Sie ben\u00f6tigen keinen F\u00fchrerschein, um die Schaluppe zu fahren. Der Fahrer der Schaluppe muss 25 Jahre oder \u00e4lter sein. Es stehen Schwimmwesten zur Verf\u00fcgung, die Sie kostenlos benutzen k\u00f6nnen.<\/p>\n<p>Bootsverleih Delfin Mook<\/p>\n<p>Vor der Abfahrt erhalten Sie eine kurze Einweisung. Danach k\u00f6nnen Sie die Mookerplassen mit ihrer wundersch\u00f6nen Umgebung und den Fluss Maas genie\u00dfen.<\/p>\n<p>Bei mehr als 10 Personen empfehlen wir die <a href=\"https:\/\/dolfijn-mook.nl\/de\/aktivitaten-und-verleihservice\/bootsfahrt\/\">Schaluppentour<\/a>.<\/p>\n<p>F\u00fcr die Schaluppen empfehlen wir eine Vorreservierung! Reservierungen sind ab einer Mindestdauer von zwei Stunden m\u00f6glich. Sie k\u00f6nnen ein Boot<strong> nur online<\/strong> buchen (\u00fcber die Buch-Buttons)<\/p>\n<p>[\/vc_column_text][vc_empty_space height=&#8221;50px&#8221;]<a  itemprop=\"url\" href=\"https:\/\/dolfijn-mook.i-reserve.net\" target=\"_self\"  class=\"qbutton  medium center default\" style=\"margin: 0px auto 0px auto; \"> BUCHEN SIE JETZT<\/a>[\/vc_column][\/vc_row][vc_row css_animation=&#8221;&#8221; row_type=&#8221;row&#8221; use_row_as_full_screen_section=&#8221;no&#8221; type=&#8221;full_width&#8221; angled_section=&#8221;no&#8221; text_align=&#8221;left&#8221; background_image_as_pattern=&#8221;without_pattern&#8221;][vc_column]<\/p>\n<p>[vc_empty_space height=&#8221;120px&#8221;]<\/p>\n<p>[\/vc_column][\/vc_row]<\/p>\n<\/div>","protected":false},"excerpt":{"rendered":"<p>[vc_row css_animation=&#8221;&#8221; row_type=&#8221;row&#8221; use_row_as_full_screen_section=&#8221;no&#8221; type=&#8221;full_width&#8221; angled_section=&#8221;no&#8221; text_align=&#8221;left&#8221; background_image_as_pattern=&#8221;without_pattern&#8221;][vc_column width=&#8221;1\/2&#8243;][vc_column_text] Schaluppen Sie m\u00f6chten die umliegende Natur vom Wasser aus erkunden? Wir vermieten auch luxuri\u00f6s ausgestattete Schaluppen! Schaluppen f\u00fcr 6 Personen Diese luxuri\u00f6s ausgestatteten Schaluppen sind einfach zu fahren. Die Schaluppen werden mit Kissen f\u00fcr optimalen Sitzkomfort&#8230;<\/p>\n","protected":false},"author":1,"featured_media":0,"parent":888,"menu_order":4,"comment_status":"closed","ping_status":"closed","template":"","meta":{"_acf_changed":false,"footnotes":""},"class_list":["post-854","page","type-page","status-publish","hentry"],"acf":[],"yoast_head":"<!-- This site is optimized with the Yoast SEO plugin v26.6 - https:\/\/yoast.com\/wordpress\/plugins\/seo\/ -->\n<title>Schaluppen - Dolfijn Mook<\/title>\n<meta name=\"robots\" content=\"index, follow, max-snippet:-1, max-image-preview:large, max-video-preview:-1\" \/>\n<link rel=\"canonical\" href=\"https:\/\/www.dolfijn-mook.nl\/activiteiten-en-verhuur\/sloepen\/\" \/>\n<meta property=\"og:locale\" content=\"de_DE\" \/>\n<meta property=\"og:type\" content=\"article\" \/>\n<meta property=\"og:title\" content=\"Schaluppen - Dolfijn Mook\" \/>\n<meta property=\"og:description\" content=\"[vc_row css_animation=&#8221;&#8221; row_type=&#8221;row&#8221; use_row_as_full_screen_section=&#8221;no&#8221; type=&#8221;full_width&#8221; angled_section=&#8221;no&#8221; text_align=&#8221;left&#8221; background_image_as_pattern=&#8221;without_pattern&#8221;][vc_column width=&#8221;1\/2&#8243;][vc_column_text] Schaluppen Sie m\u00f6chten die umliegende Natur vom Wasser aus erkunden? Wir vermieten auch luxuri\u00f6s ausgestattete Schaluppen! Schaluppen f\u00fcr 6 Personen Diese luxuri\u00f6s ausgestatteten Schaluppen sind einfach zu fahren. Die Schaluppen werden mit Kissen f\u00fcr optimalen Sitzkomfort...\" \/>\n<meta property=\"og:url\" content=\"https:\/\/www.dolfijn-mook.nl\/activiteiten-en-verhuur\/sloepen\/\" \/>\n<meta property=\"og:site_name\" content=\"Dolfijn Mook\" \/>\n<meta property=\"article:modified_time\" content=\"2023-03-22T12:59:47+00:00\" \/>\n<meta name=\"twitter:card\" content=\"summary_large_image\" \/>\n<meta name=\"twitter:label1\" content=\"Gesch\u00e4tzte Lesezeit\" \/>\n\t<meta name=\"twitter:data1\" content=\"3 minutes\" \/>\n<script type=\"application\/ld+json\" class=\"yoast-schema-graph\">{\"@context\":\"https:\/\/schema.org\",\"@graph\":[{\"@type\":\"WebPage\",\"@id\":\"https:\/\/www.dolfijn-mook.nl\/activiteiten-en-verhuur\/sloepen\/\",\"url\":\"https:\/\/www.dolfijn-mook.nl\/activiteiten-en-verhuur\/sloepen\/\",\"name\":\"Schaluppen - Dolfijn Mook\",\"isPartOf\":{\"@id\":\"https:\/\/www.dolfijn-mook.nl\/#website\"},\"datePublished\":\"2019-06-13T07:54:59+00:00\",\"dateModified\":\"2023-03-22T12:59:47+00:00\",\"breadcrumb\":{\"@id\":\"https:\/\/www.dolfijn-mook.nl\/activiteiten-en-verhuur\/sloepen\/#breadcrumb\"},\"inLanguage\":\"de-DE\",\"potentialAction\":[{\"@type\":\"ReadAction\",\"target\":[\"https:\/\/www.dolfijn-mook.nl\/activiteiten-en-verhuur\/sloepen\/\"]}]},{\"@type\":\"BreadcrumbList\",\"@id\":\"https:\/\/www.dolfijn-mook.nl\/activiteiten-en-verhuur\/sloepen\/#breadcrumb\",\"itemListElement\":[{\"@type\":\"ListItem\",\"position\":1,\"name\":\"Home\",\"item\":\"https:\/\/www.dolfijn-mook.nl\/de\/\"},{\"@type\":\"ListItem\",\"position\":2,\"name\":\"Aktivit\u00e4ten und Verleihservice\",\"item\":\"https:\/\/www.dolfijn-mook.nl\/de\/aktivitaten-und-verleihservice\/\"},{\"@type\":\"ListItem\",\"position\":3,\"name\":\"Schaluppen\"}]},{\"@type\":\"WebSite\",\"@id\":\"https:\/\/www.dolfijn-mook.nl\/#website\",\"url\":\"https:\/\/www.dolfijn-mook.nl\/\",\"name\":\"Dolfijn Mook\",\"description\":\"Watersport en Recreatie\",\"potentialAction\":[{\"@type\":\"SearchAction\",\"target\":{\"@type\":\"EntryPoint\",\"urlTemplate\":\"https:\/\/www.dolfijn-mook.nl\/?s={search_term_string}\"},\"query-input\":{\"@type\":\"PropertyValueSpecification\",\"valueRequired\":true,\"valueName\":\"search_term_string\"}}],\"inLanguage\":\"de-DE\"}]}<\/script>\n<!-- \/ Yoast SEO plugin. -->","yoast_head_json":{"title":"Schaluppen - Dolfijn Mook","robots":{"index":"index","follow":"follow","max-snippet":"max-snippet:-1","max-image-preview":"max-image-preview:large","max-video-preview":"max-video-preview:-1"},"canonical":"https:\/\/www.dolfijn-mook.nl\/activiteiten-en-verhuur\/sloepen\/","og_locale":"de_DE","og_type":"article","og_title":"Schaluppen - Dolfijn Mook","og_description":"[vc_row css_animation=&#8221;&#8221; row_type=&#8221;row&#8221; use_row_as_full_screen_section=&#8221;no&#8221; type=&#8221;full_width&#8221; angled_section=&#8221;no&#8221; text_align=&#8221;left&#8221; background_image_as_pattern=&#8221;without_pattern&#8221;][vc_column width=&#8221;1\/2&#8243;][vc_column_text] Schaluppen Sie m\u00f6chten die umliegende Natur vom Wasser aus erkunden? Wir vermieten auch luxuri\u00f6s ausgestattete Schaluppen! Schaluppen f\u00fcr 6 Personen Diese luxuri\u00f6s ausgestatteten Schaluppen sind einfach zu fahren. Die Schaluppen werden mit Kissen f\u00fcr optimalen Sitzkomfort...","og_url":"https:\/\/www.dolfijn-mook.nl\/activiteiten-en-verhuur\/sloepen\/","og_site_name":"Dolfijn Mook","article_modified_time":"2023-03-22T12:59:47+00:00","twitter_card":"summary_large_image","twitter_misc":{"Gesch\u00e4tzte Lesezeit":"3 minutes"},"schema":{"@context":"https:\/\/schema.org","@graph":[{"@type":"WebPage","@id":"https:\/\/www.dolfijn-mook.nl\/activiteiten-en-verhuur\/sloepen\/","url":"https:\/\/www.dolfijn-mook.nl\/activiteiten-en-verhuur\/sloepen\/","name":"Schaluppen - Dolfijn Mook","isPartOf":{"@id":"https:\/\/www.dolfijn-mook.nl\/#website"},"datePublished":"2019-06-13T07:54:59+00:00","dateModified":"2023-03-22T12:59:47+00:00","breadcrumb":{"@id":"https:\/\/www.dolfijn-mook.nl\/activiteiten-en-verhuur\/sloepen\/#breadcrumb"},"inLanguage":"de-DE","potentialAction":[{"@type":"ReadAction","target":["https:\/\/www.dolfijn-mook.nl\/activiteiten-en-verhuur\/sloepen\/"]}]},{"@type":"BreadcrumbList","@id":"https:\/\/www.dolfijn-mook.nl\/activiteiten-en-verhuur\/sloepen\/#breadcrumb","itemListElement":[{"@type":"ListItem","position":1,"name":"Home","item":"https:\/\/www.dolfijn-mook.nl\/de\/"},{"@type":"ListItem","position":2,"name":"Aktivit\u00e4ten und Verleihservice","item":"https:\/\/www.dolfijn-mook.nl\/de\/aktivitaten-und-verleihservice\/"},{"@type":"ListItem","position":3,"name":"Schaluppen"}]},{"@type":"WebSite","@id":"https:\/\/www.dolfijn-mook.nl\/#website","url":"https:\/\/www.dolfijn-mook.nl\/","name":"Dolfijn Mook","description":"Watersport en Recreatie","potentialAction":[{"@type":"SearchAction","target":{"@type":"EntryPoint","urlTemplate":"https:\/\/www.dolfijn-mook.nl\/?s={search_term_string}"},"query-input":{"@type":"PropertyValueSpecification","valueRequired":true,"valueName":"search_term_string"}}],"inLanguage":"de-DE"}]}},"_links":{"self":[{"href":"https:\/\/www.dolfijn-mook.nl\/de\/wp-json\/wp\/v2\/pages\/854","targetHints":{"allow":["GET"]}}],"collection":[{"href":"https:\/\/www.dolfijn-mook.nl\/de\/wp-json\/wp\/v2\/pages"}],"about":[{"href":"https:\/\/www.dolfijn-mook.nl\/de\/wp-json\/wp\/v2\/types\/page"}],"author":[{"embeddable":true,"href":"https:\/\/www.dolfijn-mook.nl\/de\/wp-json\/wp\/v2\/users\/1"}],"replies":[{"embeddable":true,"href":"https:\/\/www.dolfijn-mook.nl\/de\/wp-json\/wp\/v2\/comments?post=854"}],"version-history":[{"count":5,"href":"https:\/\/www.dolfijn-mook.nl\/de\/wp-json\/wp\/v2\/pages\/854\/revisions"}],"predecessor-version":[{"id":2034,"href":"https:\/\/www.dolfijn-mook.nl\/de\/wp-json\/wp\/v2\/pages\/854\/revisions\/2034"}],"up":[{"embeddable":true,"href":"https:\/\/www.dolfijn-mook.nl\/de\/wp-json\/wp\/v2\/pages\/888"}],"wp:attachment":[{"href":"https:\/\/www.dolfijn-mook.nl\/de\/wp-json\/wp\/v2\/media?parent=854"}],"curies":[{"name":"wp","href":"https:\/\/api.w.org\/{rel}","templated":true}]}}