{"id":852,"date":"2019-06-13T07:47:37","date_gmt":"2019-06-13T07:47:37","guid":{"rendered":"https:\/\/nldolf-sumovskiy.savviihq.com\/motorboote\/preise-motorboot-verleih\/"},"modified":"2025-06-17T08:18:45","modified_gmt":"2025-06-17T06:18:45","slug":"preise-motorboot-verleih","status":"publish","type":"page","link":"https:\/\/www.dolfijn-mook.nl\/de\/aktivitaten-und-verleihservice\/motorboote\/preise-motorboot-verleih\/","title":{"rendered":"Preise Motorboot-Verleih"},"content":{"rendered":"<div class=\"wpb-content-wrapper\"><p>[vc_row css_animation=&#8221;&#8221; row_type=&#8221;row&#8221; use_row_as_full_screen_section=&#8221;no&#8221; type=&#8221;full_width&#8221; angled_section=&#8221;no&#8221; text_align=&#8221;left&#8221; background_image_as_pattern=&#8221;without_pattern&#8221;][vc_column width=&#8221;1\/2&#8243;][vc_column_text]<\/p>\n<h2>Preise Motorboot-Verleih<\/h2>\n<p>Wir vermieten offene Konsolenboote und Schaluppen, f\u00fcr die kein Bootsf\u00fchrerschein ben\u00f6tigt wird. Sie wollten schon immer mal ein Motorboot fahren und m\u00f6chten eine sch\u00f6ne Spritztour auf den Mookerplassen unternehmen? Wir machen es m\u00f6glich!<\/p>\n<p>[\/vc_column_text][vc_empty_space height=&#8221;20px&#8221;][vc_column_text css=&#8221;&#8221;]<\/p>\n<table class=\"contenttable\" border=\"0\" width=\"523\">\n<tbody>\n<tr class=\"color-even\">\n<td class=\"tableprijs\" width=\"305\"><b>Whaly motorboot**<\/b><br \/>\n&#8211; inklusive Kraftstoff, 6 Personen<br \/>\n\u20ac 100,00 Pfand*<\/td>\n<td class=\"tableprijs\" width=\"99\">\u20ac 30,00 pro Stunde<br \/>\n\u20ac150,00 pro Tag<\/td>\n<\/tr>\n<tr class=\"color-odd\">\n<td class=\"tableprijs\"><b>Theri motorboot**<\/b><br \/>\n&#8211; inklusive Kraftstoff, 4\/5 Personen,<br \/>\n\u20ac 100,00 Pfand*<\/td>\n<td class=\"tableprijs\">\u20ac 35,00 pro Stunde<br \/>\n\u20ac 180,00 pro Tag<\/td>\n<\/tr>\n<\/tbody>\n<\/table>\n<p>[\/vc_column_text][vc_empty_space height=&#8221;20px&#8221;][vc_column_text]<\/p>\n<p>Die Ausleihzeit ist von 10:00 &#8211; 17:00 Uhr. F\u00fcr die motorisierten Boote wird kein Bootsf\u00fchrerschein ben\u00f6tigt.<\/p>\n<p>* Das Pfand ist als Vorauszahlung bar zu entrichten. ** Ausweispflicht. Preis\u00e4nderungen vorbehalten.<\/p>\n<p>[\/vc_column_text][vc_empty_space height=&#8221;50px&#8221;]<a  itemprop=\"url\" href=\"https:\/\/dolfijn-mook.i-reserve.net\/\" target=\"_self\"  class=\"qbutton  default\" style=\"\">Buchen Sie hier Ihr Motorboot<\/a>[\/vc_column][vc_column width=&#8221;1\/2&#8243;]<div class=\"image_with_text\"><img decoding=\"async\" itemprop=\"image\" src=\"https:\/\/www.dolfijn-mook.nl\/wp-content\/uploads\/2019\/05\/csm_terhi-445c-2014-img-2485_43d8bc51dc.jpg\" alt=\"\" \/><h3  class=\"image_with_text_title\"><\/h3><span style=\"margin: 6px 0px;\" class=\"separator transparent\"><\/span><\/div>[\/vc_column][\/vc_row][vc_row css_animation=&#8221;&#8221; row_type=&#8221;row&#8221; use_row_as_full_screen_section=&#8221;no&#8221; type=&#8221;full_width&#8221; angled_section=&#8221;no&#8221; text_align=&#8221;left&#8221; background_image_as_pattern=&#8221;without_pattern&#8221;][vc_column][vc_separator type=&#8221;normal&#8221;]<a  itemprop=\"url\" href=\"\/activiteiten-en-verhuur\/motorboten\/\" target=\"_self\"  class=\"qbutton  small center default\" style=\"margin: 0px auto 0px auto; \">Zur\u00fcck zu Motorboote<\/a>[\/vc_column][\/vc_row]<\/p>\n<\/div>","protected":false},"excerpt":{"rendered":"<p>[vc_row css_animation=&#8221;&#8221; row_type=&#8221;row&#8221; use_row_as_full_screen_section=&#8221;no&#8221; type=&#8221;full_width&#8221; angled_section=&#8221;no&#8221; text_align=&#8221;left&#8221; background_image_as_pattern=&#8221;without_pattern&#8221;][vc_column width=&#8221;1\/2&#8243;][vc_column_text] Preise Motorboot-Verleih Wir vermieten offene Konsolenboote und Schaluppen, f\u00fcr die kein Bootsf\u00fchrerschein ben\u00f6tigt wird. Sie wollten schon immer mal ein Motorboot fahren und m\u00f6chten eine sch\u00f6ne Spritztour auf den Mookerplassen unternehmen? Wir machen es m\u00f6glich! [\/vc_column_text][vc_empty_space&#8230;<\/p>\n","protected":false},"author":1,"featured_media":0,"parent":850,"menu_order":0,"comment_status":"closed","ping_status":"closed","template":"","meta":{"_acf_changed":false,"footnotes":""},"class_list":["post-852","page","type-page","status-publish","hentry"],"acf":[],"yoast_head":"<!-- This site is optimized with the Yoast SEO plugin v26.6 - https:\/\/yoast.com\/wordpress\/plugins\/seo\/ -->\n<title>Preise Motorboot-Verleih - Dolfijn Mook<\/title>\n<meta name=\"robots\" content=\"index, follow, max-snippet:-1, max-image-preview:large, max-video-preview:-1\" \/>\n<link rel=\"canonical\" href=\"https:\/\/www.dolfijn-mook.nl\/activiteiten-en-verhuur\/motorboten\/verhuur\/\" \/>\n<meta property=\"og:locale\" content=\"de_DE\" \/>\n<meta property=\"og:type\" content=\"article\" \/>\n<meta property=\"og:title\" content=\"Preise Motorboot-Verleih - Dolfijn Mook\" \/>\n<meta property=\"og:description\" content=\"[vc_row css_animation=&#8221;&#8221; row_type=&#8221;row&#8221; use_row_as_full_screen_section=&#8221;no&#8221; type=&#8221;full_width&#8221; angled_section=&#8221;no&#8221; text_align=&#8221;left&#8221; background_image_as_pattern=&#8221;without_pattern&#8221;][vc_column width=&#8221;1\/2&#8243;][vc_column_text] Preise Motorboot-Verleih Wir vermieten offene Konsolenboote und Schaluppen, f\u00fcr die kein Bootsf\u00fchrerschein ben\u00f6tigt wird. Sie wollten schon immer mal ein Motorboot fahren und m\u00f6chten eine sch\u00f6ne Spritztour auf den Mookerplassen unternehmen? Wir machen es m\u00f6glich! [\/vc_column_text][vc_empty_space...\" \/>\n<meta property=\"og:url\" content=\"https:\/\/www.dolfijn-mook.nl\/activiteiten-en-verhuur\/motorboten\/verhuur\/\" \/>\n<meta property=\"og:site_name\" content=\"Dolfijn Mook\" \/>\n<meta property=\"article:modified_time\" content=\"2025-06-17T06:18:45+00:00\" \/>\n<meta name=\"twitter:card\" content=\"summary_large_image\" \/>\n<meta name=\"twitter:label1\" content=\"Gesch\u00e4tzte Lesezeit\" \/>\n\t<meta name=\"twitter:data1\" content=\"1 minute\" \/>\n<script type=\"application\/ld+json\" class=\"yoast-schema-graph\">{\"@context\":\"https:\/\/schema.org\",\"@graph\":[{\"@type\":\"WebPage\",\"@id\":\"https:\/\/www.dolfijn-mook.nl\/activiteiten-en-verhuur\/motorboten\/verhuur\/\",\"url\":\"https:\/\/www.dolfijn-mook.nl\/activiteiten-en-verhuur\/motorboten\/verhuur\/\",\"name\":\"Preise Motorboot-Verleih - Dolfijn Mook\",\"isPartOf\":{\"@id\":\"https:\/\/www.dolfijn-mook.nl\/#website\"},\"datePublished\":\"2019-06-13T07:47:37+00:00\",\"dateModified\":\"2025-06-17T06:18:45+00:00\",\"breadcrumb\":{\"@id\":\"https:\/\/www.dolfijn-mook.nl\/activiteiten-en-verhuur\/motorboten\/verhuur\/#breadcrumb\"},\"inLanguage\":\"de-DE\",\"potentialAction\":[{\"@type\":\"ReadAction\",\"target\":[\"https:\/\/www.dolfijn-mook.nl\/activiteiten-en-verhuur\/motorboten\/verhuur\/\"]}]},{\"@type\":\"BreadcrumbList\",\"@id\":\"https:\/\/www.dolfijn-mook.nl\/activiteiten-en-verhuur\/motorboten\/verhuur\/#breadcrumb\",\"itemListElement\":[{\"@type\":\"ListItem\",\"position\":1,\"name\":\"Home\",\"item\":\"https:\/\/www.dolfijn-mook.nl\/de\/\"},{\"@type\":\"ListItem\",\"position\":2,\"name\":\"Aktivit\u00e4ten und Verleihservice\",\"item\":\"https:\/\/www.dolfijn-mook.nl\/de\/aktivitaten-und-verleihservice\/\"},{\"@type\":\"ListItem\",\"position\":3,\"name\":\"Motorboote\",\"item\":\"https:\/\/www.dolfijn-mook.nl\/activiteiten-en-verhuur\/motorboten\/\"},{\"@type\":\"ListItem\",\"position\":4,\"name\":\"Preise Motorboot-Verleih\"}]},{\"@type\":\"WebSite\",\"@id\":\"https:\/\/www.dolfijn-mook.nl\/#website\",\"url\":\"https:\/\/www.dolfijn-mook.nl\/\",\"name\":\"Dolfijn Mook\",\"description\":\"Watersport en Recreatie\",\"potentialAction\":[{\"@type\":\"SearchAction\",\"target\":{\"@type\":\"EntryPoint\",\"urlTemplate\":\"https:\/\/www.dolfijn-mook.nl\/?s={search_term_string}\"},\"query-input\":{\"@type\":\"PropertyValueSpecification\",\"valueRequired\":true,\"valueName\":\"search_term_string\"}}],\"inLanguage\":\"de-DE\"}]}<\/script>\n<!-- \/ Yoast SEO plugin. -->","yoast_head_json":{"title":"Preise Motorboot-Verleih - Dolfijn Mook","robots":{"index":"index","follow":"follow","max-snippet":"max-snippet:-1","max-image-preview":"max-image-preview:large","max-video-preview":"max-video-preview:-1"},"canonical":"https:\/\/www.dolfijn-mook.nl\/activiteiten-en-verhuur\/motorboten\/verhuur\/","og_locale":"de_DE","og_type":"article","og_title":"Preise Motorboot-Verleih - Dolfijn Mook","og_description":"[vc_row css_animation=&#8221;&#8221; row_type=&#8221;row&#8221; use_row_as_full_screen_section=&#8221;no&#8221; type=&#8221;full_width&#8221; angled_section=&#8221;no&#8221; text_align=&#8221;left&#8221; background_image_as_pattern=&#8221;without_pattern&#8221;][vc_column width=&#8221;1\/2&#8243;][vc_column_text] Preise Motorboot-Verleih Wir vermieten offene Konsolenboote und Schaluppen, f\u00fcr die kein Bootsf\u00fchrerschein ben\u00f6tigt wird. Sie wollten schon immer mal ein Motorboot fahren und m\u00f6chten eine sch\u00f6ne Spritztour auf den Mookerplassen unternehmen? Wir machen es m\u00f6glich! [\/vc_column_text][vc_empty_space...","og_url":"https:\/\/www.dolfijn-mook.nl\/activiteiten-en-verhuur\/motorboten\/verhuur\/","og_site_name":"Dolfijn Mook","article_modified_time":"2025-06-17T06:18:45+00:00","twitter_card":"summary_large_image","twitter_misc":{"Gesch\u00e4tzte Lesezeit":"1 minute"},"schema":{"@context":"https:\/\/schema.org","@graph":[{"@type":"WebPage","@id":"https:\/\/www.dolfijn-mook.nl\/activiteiten-en-verhuur\/motorboten\/verhuur\/","url":"https:\/\/www.dolfijn-mook.nl\/activiteiten-en-verhuur\/motorboten\/verhuur\/","name":"Preise Motorboot-Verleih - Dolfijn Mook","isPartOf":{"@id":"https:\/\/www.dolfijn-mook.nl\/#website"},"datePublished":"2019-06-13T07:47:37+00:00","dateModified":"2025-06-17T06:18:45+00:00","breadcrumb":{"@id":"https:\/\/www.dolfijn-mook.nl\/activiteiten-en-verhuur\/motorboten\/verhuur\/#breadcrumb"},"inLanguage":"de-DE","potentialAction":[{"@type":"ReadAction","target":["https:\/\/www.dolfijn-mook.nl\/activiteiten-en-verhuur\/motorboten\/verhuur\/"]}]},{"@type":"BreadcrumbList","@id":"https:\/\/www.dolfijn-mook.nl\/activiteiten-en-verhuur\/motorboten\/verhuur\/#breadcrumb","itemListElement":[{"@type":"ListItem","position":1,"name":"Home","item":"https:\/\/www.dolfijn-mook.nl\/de\/"},{"@type":"ListItem","position":2,"name":"Aktivit\u00e4ten und Verleihservice","item":"https:\/\/www.dolfijn-mook.nl\/de\/aktivitaten-und-verleihservice\/"},{"@type":"ListItem","position":3,"name":"Motorboote","item":"https:\/\/www.dolfijn-mook.nl\/activiteiten-en-verhuur\/motorboten\/"},{"@type":"ListItem","position":4,"name":"Preise Motorboot-Verleih"}]},{"@type":"WebSite","@id":"https:\/\/www.dolfijn-mook.nl\/#website","url":"https:\/\/www.dolfijn-mook.nl\/","name":"Dolfijn Mook","description":"Watersport en Recreatie","potentialAction":[{"@type":"SearchAction","target":{"@type":"EntryPoint","urlTemplate":"https:\/\/www.dolfijn-mook.nl\/?s={search_term_string}"},"query-input":{"@type":"PropertyValueSpecification","valueRequired":true,"valueName":"search_term_string"}}],"inLanguage":"de-DE"}]}},"_links":{"self":[{"href":"https:\/\/www.dolfijn-mook.nl\/de\/wp-json\/wp\/v2\/pages\/852","targetHints":{"allow":["GET"]}}],"collection":[{"href":"https:\/\/www.dolfijn-mook.nl\/de\/wp-json\/wp\/v2\/pages"}],"about":[{"href":"https:\/\/www.dolfijn-mook.nl\/de\/wp-json\/wp\/v2\/types\/page"}],"author":[{"embeddable":true,"href":"https:\/\/www.dolfijn-mook.nl\/de\/wp-json\/wp\/v2\/users\/1"}],"replies":[{"embeddable":true,"href":"https:\/\/www.dolfijn-mook.nl\/de\/wp-json\/wp\/v2\/comments?post=852"}],"version-history":[{"count":5,"href":"https:\/\/www.dolfijn-mook.nl\/de\/wp-json\/wp\/v2\/pages\/852\/revisions"}],"predecessor-version":[{"id":2430,"href":"https:\/\/www.dolfijn-mook.nl\/de\/wp-json\/wp\/v2\/pages\/852\/revisions\/2430"}],"up":[{"embeddable":true,"href":"https:\/\/www.dolfijn-mook.nl\/de\/wp-json\/wp\/v2\/pages\/850"}],"wp:attachment":[{"href":"https:\/\/www.dolfijn-mook.nl\/de\/wp-json\/wp\/v2\/media?parent=852"}],"curies":[{"name":"wp","href":"https:\/\/api.w.org\/{rel}","templated":true}]}}