{"id":850,"date":"2019-06-13T07:44:32","date_gmt":"2019-06-13T05:44:32","guid":{"rendered":"https:\/\/nldolf-sumovskiy.savviihq.com\/motorboote\/"},"modified":"2023-04-06T14:59:39","modified_gmt":"2023-04-06T12:59:39","slug":"motorboote","status":"publish","type":"page","link":"https:\/\/www.dolfijn-mook.nl\/de\/aktivitaten-und-verleihservice\/motorboote\/","title":{"rendered":"Motorboote"},"content":{"rendered":"<div class=\"wpb-content-wrapper\"><p>[vc_row css_animation=&#8221;&#8221; row_type=&#8221;row&#8221; use_row_as_full_screen_section=&#8221;no&#8221; type=&#8221;full_width&#8221; angled_section=&#8221;no&#8221; text_align=&#8221;left&#8221; background_image_as_pattern=&#8221;without_pattern&#8221;][vc_column width=&#8221;1\/2&#8243;][vc_column_text]<\/p>\n<h2>Motorboote<\/h2>\n<p>Sie wollten immer schon mal ein Motorboot fahren? Bei uns k\u00f6nnen Sie ein Motorboot mieten. Unsere Motorboote sind geeignet f\u00fcr bis zu 6 Personen.<\/p>\n<p>Die Motorboote k\u00f6nnen pro Stunde oder f\u00fcr einen ganzen Tag angemietet werden (von 10:00 bis 17.00 Uhr). Der Kraftstoff ist im Preis inbegriffen (siehe Preis\u00fcbersicht). Sie m\u00fcssen einen g\u00fcltigen Personalausweis vorzeigen und es ist ein Pfand in H\u00f6he von \u20ac 100 bar zu entrichten. Wir haben Schwimmwesten, die wir Ihnen kostenlos zur Verg\u00fcgung stellen.<\/p>\n<p>De Dolfijn hat zwei verschiedene Arten von Motorbooten. Die blauen Whalys und die etwas luxuri\u00f6ser ausgestatteten Theri Motorboote. Die blaue Whalys sind einfach zu fahren. Diese Boote sind ganz aus Kunststoff und werden ohne Kissen vermietet.<\/p>\n<p>Das Motorboot Theri hat eine edle Ausstrahlung und bietet mehr Komfort. Es wird mit Kissen vermietet.<\/p>\n<p>Geben Sie bei der Reservierung bitte an, welchen Bootstyp Sie mieten m\u00f6chten und wie viele Personen teilnehmen werden. Die blauen Whaly-Motorboote bieten Platz f\u00fcr bis zu 6 Personen, die Theri-Motorboote f\u00fcr bis zu 5 Personen. Das Mitbringen von Haustieren auf dem Terhi Motorboot ist nicht gestattet.<\/p>\n<p>\u00dcbrigens sind alle unsere Boote auf der Maas und in Richtung der Kraayenbergse Plassen erlaubt. Sie k\u00f6nnen ein Boot nur online reservieren (\u00fcber die Reservierungsbuttons). Wenn Sie ein Boot f\u00fcr einen ganzen Tag gemietet haben, muss es vor 11 Uhr abgeholt werden, sonst vermieten wir es wieder!<\/p>\n<p>[\/vc_column_text][vc_empty_space height=&#8221;50px&#8221;][vc_row_inner row_type=&#8221;row&#8221; type=&#8221;full_width&#8221; text_align=&#8221;left&#8221; css_animation=&#8221;&#8221;][vc_column_inner width=&#8221;1\/2&#8243;]<a  itemprop=\"url\" href=\"\/de\/aktivitaten-und-verleihservice\/motorboote\/preise-motorboot-verleih\/\" target=\"_self\"  class=\"qbutton  medium center default hidden-xs\" style=\"margin: 0px auto 0px auto; \">Verleih und Preise<\/a>[\/vc_column_inner][vc_column_inner width=&#8221;1\/2&#8243;]<a  itemprop=\"url\" href=\"https:\/\/dolfijn-mook.i-reserve.net\" target=\"_self\"  class=\"qbutton  default\" style=\"\">BUCHEN SIE JETZT!<\/a>[\/vc_column_inner][\/vc_row_inner][\/vc_column][vc_column width=&#8221;1\/2&#8243;]<div class=\"image_with_text\"><img decoding=\"async\" itemprop=\"image\" src=\"https:\/\/www.dolfijn-mook.nl\/wp-content\/uploads\/2021\/03\/terhi.jpg\" alt=\"Terhi (max. 5 persone)\" \/><h3  class=\"image_with_text_title\">Terhi (max. 5 persone)<\/h3><span style=\"margin: 6px 0px;\" class=\"separator transparent\"><\/span><\/div>[\/vc_column][\/vc_row][vc_row css_animation=&#8221;&#8221; row_type=&#8221;row&#8221; use_row_as_full_screen_section=&#8221;no&#8221; type=&#8221;full_width&#8221; angled_section=&#8221;no&#8221; text_align=&#8221;left&#8221; background_image_as_pattern=&#8221;without_pattern&#8221;][vc_column][vc_separator type=&#8221;normal&#8221;][\/vc_column][\/vc_row][vc_row css_animation=&#8221;&#8221; row_type=&#8221;row&#8221; use_row_as_full_screen_section=&#8221;no&#8221; type=&#8221;full_width&#8221; angled_section=&#8221;no&#8221; text_align=&#8221;left&#8221; background_image_as_pattern=&#8221;without_pattern&#8221;][vc_column width=&#8221;1\/2&#8243; offset=&#8221;vc_hidden-xs&#8221;]<div class=\"image_with_text\"><img decoding=\"async\" itemprop=\"image\" src=\"https:\/\/www.dolfijn-mook.nl\/wp-content\/uploads\/2019\/05\/bootje-e1632752435534.jpg\" alt=\"Whaly (max. 6 persone)\" \/><h3  class=\"image_with_text_title\">Whaly (max. 6 persone)<\/h3><span style=\"margin: 6px 0px;\" class=\"separator transparent\"><\/span><\/div>[\/vc_column][vc_column width=&#8221;1\/2&#8243;][vc_column_text]<\/p>\n<h2>Motorboote Whaly<\/h2>\n<p>Die Motorboote k\u00f6nnen von 10:00 \u2013 17:00 Uhr gemietet werden. Unsere Motorboote fahren mit einer Geschwindigkeit von 20 km\/h. Ein Bootsf\u00fchrerschein wird nicht ben\u00f6tigt. Wir empfehlen Ihnen, das Boot rechtzeitig zu reservieren. Vor der Abfahrt erhalten Sie eine kurze Unterweisung. Danach k\u00f6nnen Sie die wundersch\u00f6ne Umgebung der Mookerplassen und der Maas erkunden. Erleben Sie die Freiheit auf dem Wasser. Es gibt verschiedene Ausflugslokale, an denen Sie einfach festmachen k\u00f6nnen.<\/p>\n<p>[\/vc_column_text][vc_empty_space height=&#8221;50px&#8221;][vc_row_inner row_type=&#8221;row&#8221; type=&#8221;full_width&#8221; text_align=&#8221;left&#8221; css_animation=&#8221;&#8221;][vc_column_inner width=&#8221;1\/2&#8243;]<a  itemprop=\"url\" href=\"\/de\/aktivitaten-und-verleihservice\/motorboote\/preise-motorboot-verleih\/\" target=\"_self\"  class=\"qbutton  medium center default\" style=\"margin: 0px auto 0px auto; \">Verleih und Preise<\/a>[\/vc_column_inner][vc_column_inner width=&#8221;1\/2&#8243;]<a  itemprop=\"url\" href=\"https:\/\/dolfijn-mook.i-reserve.net\" target=\"_self\"  class=\"qbutton  default\" style=\"\">BUCHEN SIE JETZT!<\/a>[\/vc_column_inner][\/vc_row_inner][\/vc_column][\/vc_row]<\/p>\n<\/div>","protected":false},"excerpt":{"rendered":"<p>[vc_row css_animation=&#8221;&#8221; row_type=&#8221;row&#8221; use_row_as_full_screen_section=&#8221;no&#8221; type=&#8221;full_width&#8221; angled_section=&#8221;no&#8221; text_align=&#8221;left&#8221; background_image_as_pattern=&#8221;without_pattern&#8221;][vc_column width=&#8221;1\/2&#8243;][vc_column_text] Motorboote Sie wollten immer schon mal ein Motorboot fahren? Bei uns k\u00f6nnen Sie ein Motorboot mieten. Unsere Motorboote sind geeignet f\u00fcr bis zu 6 Personen. Die Motorboote k\u00f6nnen pro Stunde oder f\u00fcr einen ganzen Tag angemietet&#8230;<\/p>\n","protected":false},"author":1,"featured_media":0,"parent":888,"menu_order":3,"comment_status":"closed","ping_status":"closed","template":"","meta":{"_acf_changed":false,"footnotes":""},"class_list":["post-850","page","type-page","status-publish","hentry"],"acf":[],"yoast_head":"<!-- This site is optimized with the Yoast SEO plugin v26.6 - https:\/\/yoast.com\/wordpress\/plugins\/seo\/ -->\n<title>Motorboote - Dolfijn Mook<\/title>\n<meta name=\"robots\" content=\"index, follow, max-snippet:-1, max-image-preview:large, max-video-preview:-1\" \/>\n<link rel=\"canonical\" href=\"https:\/\/www.dolfijn-mook.nl\/activiteiten-en-verhuur\/motorboten\/\" \/>\n<meta property=\"og:locale\" content=\"de_DE\" \/>\n<meta property=\"og:type\" content=\"article\" \/>\n<meta property=\"og:title\" content=\"Motorboote - Dolfijn Mook\" \/>\n<meta property=\"og:description\" content=\"[vc_row css_animation=&#8221;&#8221; row_type=&#8221;row&#8221; use_row_as_full_screen_section=&#8221;no&#8221; type=&#8221;full_width&#8221; angled_section=&#8221;no&#8221; text_align=&#8221;left&#8221; background_image_as_pattern=&#8221;without_pattern&#8221;][vc_column width=&#8221;1\/2&#8243;][vc_column_text] Motorboote Sie wollten immer schon mal ein Motorboot fahren? Bei uns k\u00f6nnen Sie ein Motorboot mieten. Unsere Motorboote sind geeignet f\u00fcr bis zu 6 Personen. Die Motorboote k\u00f6nnen pro Stunde oder f\u00fcr einen ganzen Tag angemietet...\" \/>\n<meta property=\"og:url\" content=\"https:\/\/www.dolfijn-mook.nl\/activiteiten-en-verhuur\/motorboten\/\" \/>\n<meta property=\"og:site_name\" content=\"Dolfijn Mook\" \/>\n<meta property=\"article:modified_time\" content=\"2023-04-06T12:59:39+00:00\" \/>\n<meta name=\"twitter:card\" content=\"summary_large_image\" \/>\n<meta name=\"twitter:label1\" content=\"Gesch\u00e4tzte Lesezeit\" \/>\n\t<meta name=\"twitter:data1\" content=\"2 minutes\" \/>\n<script type=\"application\/ld+json\" class=\"yoast-schema-graph\">{\"@context\":\"https:\/\/schema.org\",\"@graph\":[{\"@type\":\"WebPage\",\"@id\":\"https:\/\/www.dolfijn-mook.nl\/activiteiten-en-verhuur\/motorboten\/\",\"url\":\"https:\/\/www.dolfijn-mook.nl\/activiteiten-en-verhuur\/motorboten\/\",\"name\":\"Motorboote - Dolfijn Mook\",\"isPartOf\":{\"@id\":\"https:\/\/www.dolfijn-mook.nl\/#website\"},\"datePublished\":\"2019-06-13T05:44:32+00:00\",\"dateModified\":\"2023-04-06T12:59:39+00:00\",\"breadcrumb\":{\"@id\":\"https:\/\/www.dolfijn-mook.nl\/activiteiten-en-verhuur\/motorboten\/#breadcrumb\"},\"inLanguage\":\"de-DE\",\"potentialAction\":[{\"@type\":\"ReadAction\",\"target\":[\"https:\/\/www.dolfijn-mook.nl\/activiteiten-en-verhuur\/motorboten\/\"]}]},{\"@type\":\"BreadcrumbList\",\"@id\":\"https:\/\/www.dolfijn-mook.nl\/activiteiten-en-verhuur\/motorboten\/#breadcrumb\",\"itemListElement\":[{\"@type\":\"ListItem\",\"position\":1,\"name\":\"Home\",\"item\":\"https:\/\/www.dolfijn-mook.nl\/de\/\"},{\"@type\":\"ListItem\",\"position\":2,\"name\":\"Aktivit\u00e4ten und Verleihservice\",\"item\":\"https:\/\/www.dolfijn-mook.nl\/de\/aktivitaten-und-verleihservice\/\"},{\"@type\":\"ListItem\",\"position\":3,\"name\":\"Motorboote\"}]},{\"@type\":\"WebSite\",\"@id\":\"https:\/\/www.dolfijn-mook.nl\/#website\",\"url\":\"https:\/\/www.dolfijn-mook.nl\/\",\"name\":\"Dolfijn Mook\",\"description\":\"Watersport en Recreatie\",\"potentialAction\":[{\"@type\":\"SearchAction\",\"target\":{\"@type\":\"EntryPoint\",\"urlTemplate\":\"https:\/\/www.dolfijn-mook.nl\/?s={search_term_string}\"},\"query-input\":{\"@type\":\"PropertyValueSpecification\",\"valueRequired\":true,\"valueName\":\"search_term_string\"}}],\"inLanguage\":\"de-DE\"}]}<\/script>\n<!-- \/ Yoast SEO plugin. -->","yoast_head_json":{"title":"Motorboote - Dolfijn Mook","robots":{"index":"index","follow":"follow","max-snippet":"max-snippet:-1","max-image-preview":"max-image-preview:large","max-video-preview":"max-video-preview:-1"},"canonical":"https:\/\/www.dolfijn-mook.nl\/activiteiten-en-verhuur\/motorboten\/","og_locale":"de_DE","og_type":"article","og_title":"Motorboote - Dolfijn Mook","og_description":"[vc_row css_animation=&#8221;&#8221; row_type=&#8221;row&#8221; use_row_as_full_screen_section=&#8221;no&#8221; type=&#8221;full_width&#8221; angled_section=&#8221;no&#8221; text_align=&#8221;left&#8221; background_image_as_pattern=&#8221;without_pattern&#8221;][vc_column width=&#8221;1\/2&#8243;][vc_column_text] Motorboote Sie wollten immer schon mal ein Motorboot fahren? Bei uns k\u00f6nnen Sie ein Motorboot mieten. Unsere Motorboote sind geeignet f\u00fcr bis zu 6 Personen. Die Motorboote k\u00f6nnen pro Stunde oder f\u00fcr einen ganzen Tag angemietet...","og_url":"https:\/\/www.dolfijn-mook.nl\/activiteiten-en-verhuur\/motorboten\/","og_site_name":"Dolfijn Mook","article_modified_time":"2023-04-06T12:59:39+00:00","twitter_card":"summary_large_image","twitter_misc":{"Gesch\u00e4tzte Lesezeit":"2 minutes"},"schema":{"@context":"https:\/\/schema.org","@graph":[{"@type":"WebPage","@id":"https:\/\/www.dolfijn-mook.nl\/activiteiten-en-verhuur\/motorboten\/","url":"https:\/\/www.dolfijn-mook.nl\/activiteiten-en-verhuur\/motorboten\/","name":"Motorboote - Dolfijn Mook","isPartOf":{"@id":"https:\/\/www.dolfijn-mook.nl\/#website"},"datePublished":"2019-06-13T05:44:32+00:00","dateModified":"2023-04-06T12:59:39+00:00","breadcrumb":{"@id":"https:\/\/www.dolfijn-mook.nl\/activiteiten-en-verhuur\/motorboten\/#breadcrumb"},"inLanguage":"de-DE","potentialAction":[{"@type":"ReadAction","target":["https:\/\/www.dolfijn-mook.nl\/activiteiten-en-verhuur\/motorboten\/"]}]},{"@type":"BreadcrumbList","@id":"https:\/\/www.dolfijn-mook.nl\/activiteiten-en-verhuur\/motorboten\/#breadcrumb","itemListElement":[{"@type":"ListItem","position":1,"name":"Home","item":"https:\/\/www.dolfijn-mook.nl\/de\/"},{"@type":"ListItem","position":2,"name":"Aktivit\u00e4ten und Verleihservice","item":"https:\/\/www.dolfijn-mook.nl\/de\/aktivitaten-und-verleihservice\/"},{"@type":"ListItem","position":3,"name":"Motorboote"}]},{"@type":"WebSite","@id":"https:\/\/www.dolfijn-mook.nl\/#website","url":"https:\/\/www.dolfijn-mook.nl\/","name":"Dolfijn Mook","description":"Watersport en Recreatie","potentialAction":[{"@type":"SearchAction","target":{"@type":"EntryPoint","urlTemplate":"https:\/\/www.dolfijn-mook.nl\/?s={search_term_string}"},"query-input":{"@type":"PropertyValueSpecification","valueRequired":true,"valueName":"search_term_string"}}],"inLanguage":"de-DE"}]}},"_links":{"self":[{"href":"https:\/\/www.dolfijn-mook.nl\/de\/wp-json\/wp\/v2\/pages\/850","targetHints":{"allow":["GET"]}}],"collection":[{"href":"https:\/\/www.dolfijn-mook.nl\/de\/wp-json\/wp\/v2\/pages"}],"about":[{"href":"https:\/\/www.dolfijn-mook.nl\/de\/wp-json\/wp\/v2\/types\/page"}],"author":[{"embeddable":true,"href":"https:\/\/www.dolfijn-mook.nl\/de\/wp-json\/wp\/v2\/users\/1"}],"replies":[{"embeddable":true,"href":"https:\/\/www.dolfijn-mook.nl\/de\/wp-json\/wp\/v2\/comments?post=850"}],"version-history":[{"count":5,"href":"https:\/\/www.dolfijn-mook.nl\/de\/wp-json\/wp\/v2\/pages\/850\/revisions"}],"predecessor-version":[{"id":2067,"href":"https:\/\/www.dolfijn-mook.nl\/de\/wp-json\/wp\/v2\/pages\/850\/revisions\/2067"}],"up":[{"embeddable":true,"href":"https:\/\/www.dolfijn-mook.nl\/de\/wp-json\/wp\/v2\/pages\/888"}],"wp:attachment":[{"href":"https:\/\/www.dolfijn-mook.nl\/de\/wp-json\/wp\/v2\/media?parent=850"}],"curies":[{"name":"wp","href":"https:\/\/api.w.org\/{rel}","templated":true}]}}