{"id":844,"date":"2019-06-13T07:38:08","date_gmt":"2019-06-13T07:38:08","guid":{"rendered":"https:\/\/nldolf-sumovskiy.savviihq.com\/kanus\/"},"modified":"2024-04-15T13:32:55","modified_gmt":"2024-04-15T11:32:55","slug":"kanus","status":"publish","type":"page","link":"https:\/\/www.dolfijn-mook.nl\/de\/aktivitaten-und-verleihservice\/kanus\/","title":{"rendered":"Kanus"},"content":{"rendered":"<div class=\"wpb-content-wrapper\"><p>[vc_row css_animation=&#8221;&#8221; row_type=&#8221;row&#8221; use_row_as_full_screen_section=&#8221;no&#8221; type=&#8221;full_width&#8221; angled_section=&#8221;no&#8221; text_align=&#8221;left&#8221; background_image_as_pattern=&#8221;without_pattern&#8221;][vc_column width=&#8221;1\/2&#8243;][vc_column_text]<\/p>\n<h2>Kanus<\/h2>\n<p>Sie haben Lust auf ein Aktiverlebnis auf dem Wasser? Dolfijn Watersport en Recreatie vermietet Kanus f\u00fcr 1, 3 oder 10 Personen. Eine Kanutour bis zum See Mookerplas ist selbst\u00e4ndig und individuell durchf\u00fchrbar. Wir stellen Ihnen kostenlos Schwimmwesten zur Verf\u00fcgung. Hinweis! Sie d\u00fcrfen mit dem Kanu nicht auf die Mass fahren. Sie m\u00fcssen schwimmen k\u00f6nnen. Kanus k\u00f6nnen nur f\u00fcr einen ganzen Tag gemietet werden.<\/p>\n<p>[\/vc_column_text][vc_empty_space height=&#8221;50px&#8221;]<a  itemprop=\"url\" href=\"\/de\/aktivitaten-und-verleihservice\/kanus\/preise-fur-kanu-verleih\/\" target=\"_self\"  class=\"qbutton  medium center default\" style=\"margin: 0px auto 0px auto; \">Verleih und Preise<\/a>[vc_empty_space height=&#8221;50px&#8221;][\/vc_column][vc_column width=&#8221;1\/2&#8243;]<div class=\"image_with_text\"><img decoding=\"async\" itemprop=\"image\" src=\"https:\/\/www.dolfijn-mook.nl\/wp-content\/uploads\/2019\/05\/shutterstock_60381637.jpg\" alt=\"\" \/><h3  class=\"image_with_text_title\"><\/h3><span style=\"margin: 6px 0px;\" class=\"separator transparent\"><\/span><\/div>[\/vc_column][\/vc_row]<\/p>\n<\/div>","protected":false},"excerpt":{"rendered":"<p>[vc_row css_animation=&#8221;&#8221; row_type=&#8221;row&#8221; use_row_as_full_screen_section=&#8221;no&#8221; type=&#8221;full_width&#8221; angled_section=&#8221;no&#8221; text_align=&#8221;left&#8221; background_image_as_pattern=&#8221;without_pattern&#8221;][vc_column width=&#8221;1\/2&#8243;][vc_column_text] Kanus Sie haben Lust auf ein Aktiverlebnis auf dem Wasser? Dolfijn Watersport en Recreatie vermietet Kanus f\u00fcr 1, 3 oder 10 Personen. Eine Kanutour bis zum See Mookerplas ist selbst\u00e4ndig und individuell durchf\u00fchrbar. Wir stellen Ihnen&#8230;<\/p>\n","protected":false},"author":1,"featured_media":0,"parent":888,"menu_order":7,"comment_status":"closed","ping_status":"closed","template":"","meta":{"_acf_changed":false,"footnotes":""},"class_list":["post-844","page","type-page","status-publish","hentry"],"acf":[],"yoast_head":"<!-- This site is optimized with the Yoast SEO plugin v26.6 - https:\/\/yoast.com\/wordpress\/plugins\/seo\/ -->\n<title>Kanus - Dolfijn Mook<\/title>\n<meta name=\"robots\" content=\"index, follow, max-snippet:-1, max-image-preview:large, max-video-preview:-1\" \/>\n<link rel=\"canonical\" href=\"https:\/\/www.dolfijn-mook.nl\/activiteiten-en-verhuur\/kanovaren\/\" \/>\n<meta property=\"og:locale\" content=\"de_DE\" \/>\n<meta property=\"og:type\" content=\"article\" \/>\n<meta property=\"og:title\" content=\"Kanus - Dolfijn Mook\" \/>\n<meta property=\"og:description\" content=\"[vc_row css_animation=&#8221;&#8221; row_type=&#8221;row&#8221; use_row_as_full_screen_section=&#8221;no&#8221; type=&#8221;full_width&#8221; angled_section=&#8221;no&#8221; text_align=&#8221;left&#8221; background_image_as_pattern=&#8221;without_pattern&#8221;][vc_column width=&#8221;1\/2&#8243;][vc_column_text] Kanus Sie haben Lust auf ein Aktiverlebnis auf dem Wasser? Dolfijn Watersport en Recreatie vermietet Kanus f\u00fcr 1, 3 oder 10 Personen. Eine Kanutour bis zum See Mookerplas ist selbst\u00e4ndig und individuell durchf\u00fchrbar. Wir stellen Ihnen...\" \/>\n<meta property=\"og:url\" content=\"https:\/\/www.dolfijn-mook.nl\/activiteiten-en-verhuur\/kanovaren\/\" \/>\n<meta property=\"og:site_name\" content=\"Dolfijn Mook\" \/>\n<meta property=\"article:modified_time\" content=\"2024-04-15T11:32:55+00:00\" \/>\n<meta name=\"twitter:card\" content=\"summary_large_image\" \/>\n<meta name=\"twitter:label1\" content=\"Gesch\u00e4tzte Lesezeit\" \/>\n\t<meta name=\"twitter:data1\" content=\"1 minute\" \/>\n<script type=\"application\/ld+json\" class=\"yoast-schema-graph\">{\"@context\":\"https:\/\/schema.org\",\"@graph\":[{\"@type\":\"WebPage\",\"@id\":\"https:\/\/www.dolfijn-mook.nl\/activiteiten-en-verhuur\/kanovaren\/\",\"url\":\"https:\/\/www.dolfijn-mook.nl\/activiteiten-en-verhuur\/kanovaren\/\",\"name\":\"Kanus - Dolfijn Mook\",\"isPartOf\":{\"@id\":\"https:\/\/www.dolfijn-mook.nl\/#website\"},\"datePublished\":\"2019-06-13T07:38:08+00:00\",\"dateModified\":\"2024-04-15T11:32:55+00:00\",\"breadcrumb\":{\"@id\":\"https:\/\/www.dolfijn-mook.nl\/activiteiten-en-verhuur\/kanovaren\/#breadcrumb\"},\"inLanguage\":\"de-DE\",\"potentialAction\":[{\"@type\":\"ReadAction\",\"target\":[\"https:\/\/www.dolfijn-mook.nl\/activiteiten-en-verhuur\/kanovaren\/\"]}]},{\"@type\":\"BreadcrumbList\",\"@id\":\"https:\/\/www.dolfijn-mook.nl\/activiteiten-en-verhuur\/kanovaren\/#breadcrumb\",\"itemListElement\":[{\"@type\":\"ListItem\",\"position\":1,\"name\":\"Home\",\"item\":\"https:\/\/www.dolfijn-mook.nl\/de\/\"},{\"@type\":\"ListItem\",\"position\":2,\"name\":\"Aktivit\u00e4ten und Verleihservice\",\"item\":\"https:\/\/www.dolfijn-mook.nl\/de\/aktivitaten-und-verleihservice\/\"},{\"@type\":\"ListItem\",\"position\":3,\"name\":\"Kanus\"}]},{\"@type\":\"WebSite\",\"@id\":\"https:\/\/www.dolfijn-mook.nl\/#website\",\"url\":\"https:\/\/www.dolfijn-mook.nl\/\",\"name\":\"Dolfijn Mook\",\"description\":\"Watersport en Recreatie\",\"potentialAction\":[{\"@type\":\"SearchAction\",\"target\":{\"@type\":\"EntryPoint\",\"urlTemplate\":\"https:\/\/www.dolfijn-mook.nl\/?s={search_term_string}\"},\"query-input\":{\"@type\":\"PropertyValueSpecification\",\"valueRequired\":true,\"valueName\":\"search_term_string\"}}],\"inLanguage\":\"de-DE\"}]}<\/script>\n<!-- \/ Yoast SEO plugin. -->","yoast_head_json":{"title":"Kanus - Dolfijn Mook","robots":{"index":"index","follow":"follow","max-snippet":"max-snippet:-1","max-image-preview":"max-image-preview:large","max-video-preview":"max-video-preview:-1"},"canonical":"https:\/\/www.dolfijn-mook.nl\/activiteiten-en-verhuur\/kanovaren\/","og_locale":"de_DE","og_type":"article","og_title":"Kanus - Dolfijn Mook","og_description":"[vc_row css_animation=&#8221;&#8221; row_type=&#8221;row&#8221; use_row_as_full_screen_section=&#8221;no&#8221; type=&#8221;full_width&#8221; angled_section=&#8221;no&#8221; text_align=&#8221;left&#8221; background_image_as_pattern=&#8221;without_pattern&#8221;][vc_column width=&#8221;1\/2&#8243;][vc_column_text] Kanus Sie haben Lust auf ein Aktiverlebnis auf dem Wasser? Dolfijn Watersport en Recreatie vermietet Kanus f\u00fcr 1, 3 oder 10 Personen. Eine Kanutour bis zum See Mookerplas ist selbst\u00e4ndig und individuell durchf\u00fchrbar. Wir stellen Ihnen...","og_url":"https:\/\/www.dolfijn-mook.nl\/activiteiten-en-verhuur\/kanovaren\/","og_site_name":"Dolfijn Mook","article_modified_time":"2024-04-15T11:32:55+00:00","twitter_card":"summary_large_image","twitter_misc":{"Gesch\u00e4tzte Lesezeit":"1 minute"},"schema":{"@context":"https:\/\/schema.org","@graph":[{"@type":"WebPage","@id":"https:\/\/www.dolfijn-mook.nl\/activiteiten-en-verhuur\/kanovaren\/","url":"https:\/\/www.dolfijn-mook.nl\/activiteiten-en-verhuur\/kanovaren\/","name":"Kanus - Dolfijn Mook","isPartOf":{"@id":"https:\/\/www.dolfijn-mook.nl\/#website"},"datePublished":"2019-06-13T07:38:08+00:00","dateModified":"2024-04-15T11:32:55+00:00","breadcrumb":{"@id":"https:\/\/www.dolfijn-mook.nl\/activiteiten-en-verhuur\/kanovaren\/#breadcrumb"},"inLanguage":"de-DE","potentialAction":[{"@type":"ReadAction","target":["https:\/\/www.dolfijn-mook.nl\/activiteiten-en-verhuur\/kanovaren\/"]}]},{"@type":"BreadcrumbList","@id":"https:\/\/www.dolfijn-mook.nl\/activiteiten-en-verhuur\/kanovaren\/#breadcrumb","itemListElement":[{"@type":"ListItem","position":1,"name":"Home","item":"https:\/\/www.dolfijn-mook.nl\/de\/"},{"@type":"ListItem","position":2,"name":"Aktivit\u00e4ten und Verleihservice","item":"https:\/\/www.dolfijn-mook.nl\/de\/aktivitaten-und-verleihservice\/"},{"@type":"ListItem","position":3,"name":"Kanus"}]},{"@type":"WebSite","@id":"https:\/\/www.dolfijn-mook.nl\/#website","url":"https:\/\/www.dolfijn-mook.nl\/","name":"Dolfijn Mook","description":"Watersport en Recreatie","potentialAction":[{"@type":"SearchAction","target":{"@type":"EntryPoint","urlTemplate":"https:\/\/www.dolfijn-mook.nl\/?s={search_term_string}"},"query-input":{"@type":"PropertyValueSpecification","valueRequired":true,"valueName":"search_term_string"}}],"inLanguage":"de-DE"}]}},"_links":{"self":[{"href":"https:\/\/www.dolfijn-mook.nl\/de\/wp-json\/wp\/v2\/pages\/844","targetHints":{"allow":["GET"]}}],"collection":[{"href":"https:\/\/www.dolfijn-mook.nl\/de\/wp-json\/wp\/v2\/pages"}],"about":[{"href":"https:\/\/www.dolfijn-mook.nl\/de\/wp-json\/wp\/v2\/types\/page"}],"author":[{"embeddable":true,"href":"https:\/\/www.dolfijn-mook.nl\/de\/wp-json\/wp\/v2\/users\/1"}],"replies":[{"embeddable":true,"href":"https:\/\/www.dolfijn-mook.nl\/de\/wp-json\/wp\/v2\/comments?post=844"}],"version-history":[{"count":5,"href":"https:\/\/www.dolfijn-mook.nl\/de\/wp-json\/wp\/v2\/pages\/844\/revisions"}],"predecessor-version":[{"id":2215,"href":"https:\/\/www.dolfijn-mook.nl\/de\/wp-json\/wp\/v2\/pages\/844\/revisions\/2215"}],"up":[{"embeddable":true,"href":"https:\/\/www.dolfijn-mook.nl\/de\/wp-json\/wp\/v2\/pages\/888"}],"wp:attachment":[{"href":"https:\/\/www.dolfijn-mook.nl\/de\/wp-json\/wp\/v2\/media?parent=844"}],"curies":[{"name":"wp","href":"https:\/\/api.w.org\/{rel}","templated":true}]}}