{"id":840,"date":"2019-06-13T07:34:27","date_gmt":"2019-06-13T07:34:27","guid":{"rendered":"https:\/\/nldolf-sumovskiy.savviihq.com\/mountainbiken\/preise-mtb-verleih\/"},"modified":"2023-03-30T12:00:50","modified_gmt":"2023-03-30T10:00:50","slug":"preise-mtb-verleih","status":"publish","type":"page","link":"https:\/\/www.dolfijn-mook.nl\/de\/aktivitaten-und-verleihservice\/mountainbiken\/preise-mtb-verleih\/","title":{"rendered":"Preise MTB-Verleih"},"content":{"rendered":"<div class=\"wpb-content-wrapper\"><p>[vc_row css_animation=&#8221;&#8221; row_type=&#8221;row&#8221; use_row_as_full_screen_section=&#8221;no&#8221; type=&#8221;full_width&#8221; angled_section=&#8221;no&#8221; text_align=&#8221;left&#8221; background_image_as_pattern=&#8221;without_pattern&#8221;][vc_column width=&#8221;1\/2&#8243;][vc_column_text]<\/p>\n<h2>Preise MTB-Verleih<\/h2>\n<p>Wir vermieten Mountainbikes f\u00fcr sch\u00f6ne Touren durch die W\u00e4lder von Nijmegen und Umgebung. Es gibt Strecken von 14, 18 und 32 Kilometer, die anspruchsvolle Anstiege, Sandpfade und schmale Waldwege aufweisen.[\/vc_column_text][vc_empty_space height=&#8221;50px&#8221;][vc_column_text]<\/p>\n<table class=\"contenttable\" border=\"0\" width=\"523\">\n<tbody>\n<tr class=\"color-even\">\n<td class=\"tableprijs\" width=\"305\"><b>Mountainbike \u00a0<\/b><\/td>\n<td class=\"tableprijs\" width=\"99\">\u20ac 18,00 pro Tag<\/td>\n<\/tr>\n<tr class=\"color-odd\">\n<td class=\"tableprijs\" rowspan=\"1\" width=\"305\"><b>Helm<\/b><\/td>\n<td class=\"tableprijs\" rowspan=\"1\" width=\"99\">\u20ac 2,00 pro Tag<\/td>\n<\/tr>\n<\/tbody>\n<\/table>\n<p>[\/vc_column_text][vc_empty_space height=&#8221;10px&#8221;][vc_column_text]Die Ausleihzeit ist von 10:00 &#8211; 17:00 Uhr.[\/vc_column_text][vc_empty_space height=&#8221;50px&#8221;][\/vc_column][vc_column width=&#8221;1\/2&#8243;]<div class=\"image_with_text\"><img decoding=\"async\" itemprop=\"image\" src=\"https:\/\/www.dolfijn-mook.nl\/wp-content\/uploads\/2022\/04\/OIP.ZM5mjCLHL8DIvjpc2up9tAHaEA.jpg\" alt=\"\" \/><h3  class=\"image_with_text_title\"><\/h3><span style=\"margin: 6px 0px;\" class=\"separator transparent\"><\/span><\/div>[vc_gallery interval=&#8221;3&#8243; images=&#8221;1955,1957,1960&#8243;][\/vc_column][\/vc_row][vc_row css_animation=&#8221;&#8221; row_type=&#8221;row&#8221; use_row_as_full_screen_section=&#8221;no&#8221; type=&#8221;full_width&#8221; angled_section=&#8221;no&#8221; text_align=&#8221;left&#8221; background_image_as_pattern=&#8221;without_pattern&#8221;][vc_column]<a  itemprop=\"url\" href=\"\/activiteiten-en-verhuur\/mountainbiken\/\" target=\"_self\"  class=\"qbutton  small center default\" style=\"margin: 0px auto 0px auto; \">Zur\u00fcck zu Mountainbiken<\/a>[vc_empty_space height=&#8221;100px&#8221;][\/vc_column][\/vc_row]<\/p>\n<\/div>","protected":false},"excerpt":{"rendered":"<p>[vc_row css_animation=&#8221;&#8221; row_type=&#8221;row&#8221; use_row_as_full_screen_section=&#8221;no&#8221; type=&#8221;full_width&#8221; angled_section=&#8221;no&#8221; text_align=&#8221;left&#8221; background_image_as_pattern=&#8221;without_pattern&#8221;][vc_column width=&#8221;1\/2&#8243;][vc_column_text] Preise MTB-Verleih Wir vermieten Mountainbikes f\u00fcr sch\u00f6ne Touren durch die W\u00e4lder von Nijmegen und Umgebung. Es gibt Strecken von 14, 18 und 32 Kilometer, die anspruchsvolle Anstiege, Sandpfade und schmale Waldwege aufweisen.[\/vc_column_text][vc_empty_space height=&#8221;50px&#8221;][vc_column_text] Mountainbike \u00a0 \u20ac&#8230;<\/p>\n","protected":false},"author":1,"featured_media":0,"parent":838,"menu_order":0,"comment_status":"closed","ping_status":"closed","template":"","meta":{"_acf_changed":false,"footnotes":""},"class_list":["post-840","page","type-page","status-publish","hentry"],"acf":[],"yoast_head":"<!-- This site is optimized with the Yoast SEO plugin v26.6 - https:\/\/yoast.com\/wordpress\/plugins\/seo\/ -->\n<title>Preise MTB-Verleih - Dolfijn Mook<\/title>\n<meta name=\"robots\" content=\"index, follow, max-snippet:-1, max-image-preview:large, max-video-preview:-1\" \/>\n<link rel=\"canonical\" href=\"https:\/\/www.dolfijn-mook.nl\/de\/aktivitaten-und-verleihservice\/mountainbiken\/preise-mtb-verleih\/\" \/>\n<meta property=\"og:locale\" content=\"de_DE\" \/>\n<meta property=\"og:type\" content=\"article\" \/>\n<meta property=\"og:title\" content=\"Preise MTB-Verleih - Dolfijn Mook\" \/>\n<meta property=\"og:description\" content=\"[vc_row css_animation=&#8221;&#8221; row_type=&#8221;row&#8221; use_row_as_full_screen_section=&#8221;no&#8221; type=&#8221;full_width&#8221; angled_section=&#8221;no&#8221; text_align=&#8221;left&#8221; background_image_as_pattern=&#8221;without_pattern&#8221;][vc_column width=&#8221;1\/2&#8243;][vc_column_text] Preise MTB-Verleih Wir vermieten Mountainbikes f\u00fcr sch\u00f6ne Touren durch die W\u00e4lder von Nijmegen und Umgebung. Es gibt Strecken von 14, 18 und 32 Kilometer, die anspruchsvolle Anstiege, Sandpfade und schmale Waldwege aufweisen.[\/vc_column_text][vc_empty_space height=&#8221;50px&#8221;][vc_column_text] Mountainbike \u00a0 \u20ac...\" \/>\n<meta property=\"og:url\" content=\"https:\/\/www.dolfijn-mook.nl\/de\/aktivitaten-und-verleihservice\/mountainbiken\/preise-mtb-verleih\/\" \/>\n<meta property=\"og:site_name\" content=\"Dolfijn Mook\" \/>\n<meta property=\"article:modified_time\" content=\"2023-03-30T10:00:50+00:00\" \/>\n<meta name=\"twitter:card\" content=\"summary_large_image\" \/>\n<meta name=\"twitter:label1\" content=\"Gesch\u00e4tzte Lesezeit\" \/>\n\t<meta name=\"twitter:data1\" content=\"1 minute\" \/>\n<script type=\"application\/ld+json\" class=\"yoast-schema-graph\">{\"@context\":\"https:\/\/schema.org\",\"@graph\":[{\"@type\":\"WebPage\",\"@id\":\"https:\/\/www.dolfijn-mook.nl\/de\/aktivitaten-und-verleihservice\/mountainbiken\/preise-mtb-verleih\/\",\"url\":\"https:\/\/www.dolfijn-mook.nl\/de\/aktivitaten-und-verleihservice\/mountainbiken\/preise-mtb-verleih\/\",\"name\":\"Preise MTB-Verleih - Dolfijn Mook\",\"isPartOf\":{\"@id\":\"https:\/\/www.dolfijn-mook.nl\/#website\"},\"datePublished\":\"2019-06-13T07:34:27+00:00\",\"dateModified\":\"2023-03-30T10:00:50+00:00\",\"breadcrumb\":{\"@id\":\"https:\/\/www.dolfijn-mook.nl\/de\/aktivitaten-und-verleihservice\/mountainbiken\/preise-mtb-verleih\/#breadcrumb\"},\"inLanguage\":\"de-DE\",\"potentialAction\":[{\"@type\":\"ReadAction\",\"target\":[\"https:\/\/www.dolfijn-mook.nl\/de\/aktivitaten-und-verleihservice\/mountainbiken\/preise-mtb-verleih\/\"]}]},{\"@type\":\"BreadcrumbList\",\"@id\":\"https:\/\/www.dolfijn-mook.nl\/de\/aktivitaten-und-verleihservice\/mountainbiken\/preise-mtb-verleih\/#breadcrumb\",\"itemListElement\":[{\"@type\":\"ListItem\",\"position\":1,\"name\":\"Home\",\"item\":\"https:\/\/www.dolfijn-mook.nl\/de\/\"},{\"@type\":\"ListItem\",\"position\":2,\"name\":\"Aktivit\u00e4ten und Verleihservice\",\"item\":\"https:\/\/www.dolfijn-mook.nl\/de\/aktivitaten-und-verleihservice\/\"},{\"@type\":\"ListItem\",\"position\":3,\"name\":\"Mountainbiken\",\"item\":\"https:\/\/www.dolfijn-mook.nl\/de\/aktivitaten-und-verleihservice\/mountainbiken\/\"},{\"@type\":\"ListItem\",\"position\":4,\"name\":\"Preise MTB-Verleih\"}]},{\"@type\":\"WebSite\",\"@id\":\"https:\/\/www.dolfijn-mook.nl\/#website\",\"url\":\"https:\/\/www.dolfijn-mook.nl\/\",\"name\":\"Dolfijn Mook\",\"description\":\"Watersport en Recreatie\",\"potentialAction\":[{\"@type\":\"SearchAction\",\"target\":{\"@type\":\"EntryPoint\",\"urlTemplate\":\"https:\/\/www.dolfijn-mook.nl\/?s={search_term_string}\"},\"query-input\":{\"@type\":\"PropertyValueSpecification\",\"valueRequired\":true,\"valueName\":\"search_term_string\"}}],\"inLanguage\":\"de-DE\"}]}<\/script>\n<!-- \/ Yoast SEO plugin. -->","yoast_head_json":{"title":"Preise MTB-Verleih - Dolfijn Mook","robots":{"index":"index","follow":"follow","max-snippet":"max-snippet:-1","max-image-preview":"max-image-preview:large","max-video-preview":"max-video-preview:-1"},"canonical":"https:\/\/www.dolfijn-mook.nl\/de\/aktivitaten-und-verleihservice\/mountainbiken\/preise-mtb-verleih\/","og_locale":"de_DE","og_type":"article","og_title":"Preise MTB-Verleih - Dolfijn Mook","og_description":"[vc_row css_animation=&#8221;&#8221; row_type=&#8221;row&#8221; use_row_as_full_screen_section=&#8221;no&#8221; type=&#8221;full_width&#8221; angled_section=&#8221;no&#8221; text_align=&#8221;left&#8221; background_image_as_pattern=&#8221;without_pattern&#8221;][vc_column width=&#8221;1\/2&#8243;][vc_column_text] Preise MTB-Verleih Wir vermieten Mountainbikes f\u00fcr sch\u00f6ne Touren durch die W\u00e4lder von Nijmegen und Umgebung. Es gibt Strecken von 14, 18 und 32 Kilometer, die anspruchsvolle Anstiege, Sandpfade und schmale Waldwege aufweisen.[\/vc_column_text][vc_empty_space height=&#8221;50px&#8221;][vc_column_text] Mountainbike \u00a0 \u20ac...","og_url":"https:\/\/www.dolfijn-mook.nl\/de\/aktivitaten-und-verleihservice\/mountainbiken\/preise-mtb-verleih\/","og_site_name":"Dolfijn Mook","article_modified_time":"2023-03-30T10:00:50+00:00","twitter_card":"summary_large_image","twitter_misc":{"Gesch\u00e4tzte Lesezeit":"1 minute"},"schema":{"@context":"https:\/\/schema.org","@graph":[{"@type":"WebPage","@id":"https:\/\/www.dolfijn-mook.nl\/de\/aktivitaten-und-verleihservice\/mountainbiken\/preise-mtb-verleih\/","url":"https:\/\/www.dolfijn-mook.nl\/de\/aktivitaten-und-verleihservice\/mountainbiken\/preise-mtb-verleih\/","name":"Preise MTB-Verleih - Dolfijn Mook","isPartOf":{"@id":"https:\/\/www.dolfijn-mook.nl\/#website"},"datePublished":"2019-06-13T07:34:27+00:00","dateModified":"2023-03-30T10:00:50+00:00","breadcrumb":{"@id":"https:\/\/www.dolfijn-mook.nl\/de\/aktivitaten-und-verleihservice\/mountainbiken\/preise-mtb-verleih\/#breadcrumb"},"inLanguage":"de-DE","potentialAction":[{"@type":"ReadAction","target":["https:\/\/www.dolfijn-mook.nl\/de\/aktivitaten-und-verleihservice\/mountainbiken\/preise-mtb-verleih\/"]}]},{"@type":"BreadcrumbList","@id":"https:\/\/www.dolfijn-mook.nl\/de\/aktivitaten-und-verleihservice\/mountainbiken\/preise-mtb-verleih\/#breadcrumb","itemListElement":[{"@type":"ListItem","position":1,"name":"Home","item":"https:\/\/www.dolfijn-mook.nl\/de\/"},{"@type":"ListItem","position":2,"name":"Aktivit\u00e4ten und Verleihservice","item":"https:\/\/www.dolfijn-mook.nl\/de\/aktivitaten-und-verleihservice\/"},{"@type":"ListItem","position":3,"name":"Mountainbiken","item":"https:\/\/www.dolfijn-mook.nl\/de\/aktivitaten-und-verleihservice\/mountainbiken\/"},{"@type":"ListItem","position":4,"name":"Preise MTB-Verleih"}]},{"@type":"WebSite","@id":"https:\/\/www.dolfijn-mook.nl\/#website","url":"https:\/\/www.dolfijn-mook.nl\/","name":"Dolfijn Mook","description":"Watersport en Recreatie","potentialAction":[{"@type":"SearchAction","target":{"@type":"EntryPoint","urlTemplate":"https:\/\/www.dolfijn-mook.nl\/?s={search_term_string}"},"query-input":{"@type":"PropertyValueSpecification","valueRequired":true,"valueName":"search_term_string"}}],"inLanguage":"de-DE"}]}},"_links":{"self":[{"href":"https:\/\/www.dolfijn-mook.nl\/de\/wp-json\/wp\/v2\/pages\/840","targetHints":{"allow":["GET"]}}],"collection":[{"href":"https:\/\/www.dolfijn-mook.nl\/de\/wp-json\/wp\/v2\/pages"}],"about":[{"href":"https:\/\/www.dolfijn-mook.nl\/de\/wp-json\/wp\/v2\/types\/page"}],"author":[{"embeddable":true,"href":"https:\/\/www.dolfijn-mook.nl\/de\/wp-json\/wp\/v2\/users\/1"}],"replies":[{"embeddable":true,"href":"https:\/\/www.dolfijn-mook.nl\/de\/wp-json\/wp\/v2\/comments?post=840"}],"version-history":[{"count":5,"href":"https:\/\/www.dolfijn-mook.nl\/de\/wp-json\/wp\/v2\/pages\/840\/revisions"}],"predecessor-version":[{"id":2047,"href":"https:\/\/www.dolfijn-mook.nl\/de\/wp-json\/wp\/v2\/pages\/840\/revisions\/2047"}],"up":[{"embeddable":true,"href":"https:\/\/www.dolfijn-mook.nl\/de\/wp-json\/wp\/v2\/pages\/838"}],"wp:attachment":[{"href":"https:\/\/www.dolfijn-mook.nl\/de\/wp-json\/wp\/v2\/media?parent=840"}],"curies":[{"name":"wp","href":"https:\/\/api.w.org\/{rel}","templated":true}]}}