{"id":838,"date":"2019-06-13T07:31:09","date_gmt":"2019-06-13T07:31:09","guid":{"rendered":"https:\/\/nldolf-sumovskiy.savviihq.com\/mountainbiken\/"},"modified":"2025-06-17T08:13:27","modified_gmt":"2025-06-17T06:13:27","slug":"mountainbiken","status":"publish","type":"page","link":"https:\/\/www.dolfijn-mook.nl\/de\/aktivitaten-und-verleihservice\/mountainbiken\/","title":{"rendered":"Mountainbiken"},"content":{"rendered":"<div class=\"wpb-content-wrapper\"><p>[vc_row css_animation=&#8221;&#8221; row_type=&#8221;row&#8221; use_row_as_full_screen_section=&#8221;no&#8221; type=&#8221;full_width&#8221; angled_section=&#8221;no&#8221; text_align=&#8221;left&#8221; background_image_as_pattern=&#8221;without_pattern&#8221;][vc_column width=&#8221;1\/2&#8243;][vc_column_text]<\/p>\n<h2>Mountainbiken<\/h2>\n<p>Lust auf ein Aktiverlebnis? Mieten Sie sich ein Mountainbike (ATB) und unternehmen Sie eine Tour durch die Umgebung. In der Umgebung von Nijmegen (Groesbeek, Berg en Dal) gibt es verschiedene tolle Mountainbike-Routen durch Waldgebiete. Es gibt Strecken von 14, 18 und 32 Kilometer. In den W\u00e4ldern macht das Biken richtig Spa\u00df. Es gibt gen\u00fcgend Hindernisse zu \u00fcberwinden: steile Anstiege, rasante Downhills, Sandpfade, schmale Waldwege und wellige H\u00fcgel. Wir k\u00f6nnen Ihnen eine Karten mit Mountainbike-Routen zur Verf\u00fcgung stellen. Aus Sicherheitsgr\u00fcnden sollten Sie einen Helm tragen. Wir verleihen auch Helme.<\/p>\n<p>[\/vc_column_text][vc_empty_space height=&#8221;50px&#8221;]<a  itemprop=\"url\" href=\"\/de\/aktivitaten-und-verleihservice\/mountainbiken\/preise-mtb-verleih\/\" target=\"_self\"  class=\"qbutton  medium center default hidden-xs\" style=\"margin: 0px auto 0px auto; \">Verleih und Preise<\/a>[\/vc_column][vc_column width=&#8221;1\/2&#8243;]<div class=\"image_with_text\"><img decoding=\"async\" itemprop=\"image\" src=\"https:\/\/www.dolfijn-mook.nl\/wp-content\/uploads\/2019\/05\/csm_mountainbiken2_47049bdb00.jpg\" alt=\"\" \/><h3  class=\"image_with_text_title\"><\/h3><span style=\"margin: 6px 0px;\" class=\"separator transparent\"><\/span><\/div>[\/vc_column][\/vc_row][vc_row css_animation=&#8221;&#8221; row_type=&#8221;row&#8221; use_row_as_full_screen_section=&#8221;no&#8221; type=&#8221;full_width&#8221; angled_section=&#8221;no&#8221; text_align=&#8221;left&#8221; background_image_as_pattern=&#8221;without_pattern&#8221;][vc_column offset=&#8221;vc_hidden-xs&#8221;]<\/p>\n<p>[vc_separator type=&#8221;normal&#8221;]<\/p>\n<p>[\/vc_column][\/vc_row][vc_row css_animation=&#8221;&#8221; row_type=&#8221;row&#8221; use_row_as_full_screen_section=&#8221;no&#8221; type=&#8221;full_width&#8221; angled_section=&#8221;no&#8221; text_align=&#8221;left&#8221; background_image_as_pattern=&#8221;without_pattern&#8221;][vc_column width=&#8221;1\/2&#8243; offset=&#8221;vc_hidden-xs&#8221;]<div class=\"image_with_text\"><img decoding=\"async\" itemprop=\"image\" src=\"https:\/\/www.dolfijn-mook.nl\/wp-content\/uploads\/2021\/09\/Nwe-route-MTB-routenetwerk-rijk-van-Nijmegen_VZ.jpg\" alt=\"\" \/><h3  class=\"image_with_text_title\"><\/h3><span style=\"margin: 6px 0px;\" class=\"separator transparent\"><\/span><\/div>[vc_column_text]<\/p>\n<p><strong>ACHTUNG:<\/strong> Die Zufahrtswege von Diepen und Plasmolen haben sich ge\u00e4ndert. Die (alten) schwarzen Zufahrtswege \u00fcber den St. Jansberg sind abgelaufen. Der Anfahrtsweg vom Diepen ist schwarz (und blaue Pfeile) markiert und verl\u00e4uft in nord\u00f6stlicher Richtung \u00fcber die Asphaltstra\u00dfe \u00fcber Grafwegen um den St. Jansberg. In s\u00fcdwestlicher Richtung geht es entlang des St. Jansbergs nach S\u00fcden vorbei am Ausgangspunkt Plasmolen nach Mook. Diese Route ist auch als Anschlussroute mit einem schwarzen und blauen Pfeil gekennzeichnet (mit einem wei\u00dfen Punkt im Symbol). <strong>Naturmonumenten hat die alten Routen geschlossen und wird bereits inspiziert.<\/strong><\/p>\n<p>[\/vc_column_text][\/vc_column][vc_column width=&#8221;1\/2&#8243;][vc_column_text]<\/p>\n<p><strong>Beschilderung <\/strong>An den Startpunkten sind \u00dcbersichtskarten aufgestellt. Die Routen von den Startpunkten zu den Parcours sind schwarz gekennzeichnet. Die Strecken sind nicht nummeriert. Sie m\u00fcssen sich also merken, wo Sie auf den Parcour fahren m\u00fcssen. Die Routen sind gr\u00fcn oder rot nach der internationalen Bloso-Norm gekennzeichnet. <strong>Schwierigkeitsgrad der Route <\/strong>Die Route weist f\u00fcr niederl\u00e4ndische Begriffe einen ziemlichen H\u00f6henunterschied mit einigen anspruchsvollen Anstiegen und Singletrails auf. Bei Regen k\u00f6nnen die Wege ziemlich schlammig sein. \u00a0H\u00f6henunterschied: 512 Meter. <strong>Hinweis! <\/strong>Das Mountainbiken erfolgt auf eigenes Risiko. Aus Sicherheitsgr\u00fcnden empfehlen wir, beim Biken einen Helm zu tragen.<\/p>\n<p><strong>ACHTUNG:<\/strong><br \/>\nMountainbiken erfolgt auf eigene Gefahr. Zu deiner Sicherheit verpflichten wir dich beim Mountainbiken einen Helm zu tragen.<\/p>\n<p>Das Befahren des Bikepark Mook mit unseren Mountainbikes ist untersagt.<\/p>\n<p><strong>Reservierung<\/strong> f\u00fcr Mountainbike bevorzugt per E-Mail <a href=\"mailto:info@dolfijn-mook.nl\" target=\"_blank\" rel=\"noopener noreferrer\">info@dolfijn-mook.nl<\/a><\/p>\n<p>[\/vc_column_text][vc_empty_space height=&#8221;50px&#8221;]<a  itemprop=\"url\" href=\"\/de\/aktivitaten-und-verleihservice\/mountainbiken\/preise-mtb-verleih\/\" target=\"_self\"  class=\"qbutton  medium center default\" style=\"margin: 0px auto 0px auto; \">Verleih und Preise<\/a>[vc_empty_space height=&#8221;120px&#8221;][\/vc_column][\/vc_row][vc_row css_animation=&#8221;&#8221; row_type=&#8221;row&#8221; use_row_as_full_screen_section=&#8221;no&#8221; type=&#8221;full_width&#8221; angled_section=&#8221;no&#8221; text_align=&#8221;left&#8221; background_image_as_pattern=&#8221;without_pattern&#8221;][vc_column]<\/p>\n<p>[vc_empty_space height=&#8221;100px&#8221;]<\/p>\n<p>[\/vc_column][\/vc_row]<\/p>\n<\/div>","protected":false},"excerpt":{"rendered":"<p>[vc_row css_animation=&#8221;&#8221; row_type=&#8221;row&#8221; use_row_as_full_screen_section=&#8221;no&#8221; type=&#8221;full_width&#8221; angled_section=&#8221;no&#8221; text_align=&#8221;left&#8221; background_image_as_pattern=&#8221;without_pattern&#8221;][vc_column width=&#8221;1\/2&#8243;][vc_column_text] Mountainbiken Lust auf ein Aktiverlebnis? Mieten Sie sich ein Mountainbike (ATB) und unternehmen Sie eine Tour durch die Umgebung. In der Umgebung von Nijmegen (Groesbeek, Berg en Dal) gibt es verschiedene tolle Mountainbike-Routen durch Waldgebiete. Es&#8230;<\/p>\n","protected":false},"author":1,"featured_media":0,"parent":888,"menu_order":2,"comment_status":"closed","ping_status":"closed","template":"","meta":{"_acf_changed":false,"footnotes":""},"class_list":["post-838","page","type-page","status-publish","hentry"],"acf":[],"yoast_head":"<!-- This site is optimized with the Yoast SEO plugin v26.6 - https:\/\/yoast.com\/wordpress\/plugins\/seo\/ -->\n<title>Mountainbiken - Dolfijn Mook<\/title>\n<meta name=\"robots\" content=\"index, follow, max-snippet:-1, max-image-preview:large, max-video-preview:-1\" \/>\n<link rel=\"canonical\" href=\"https:\/\/www.dolfijn-mook.nl\/de\/aktivitaten-und-verleihservice\/mountainbiken\/\" \/>\n<meta property=\"og:locale\" content=\"de_DE\" \/>\n<meta property=\"og:type\" content=\"article\" \/>\n<meta property=\"og:title\" content=\"Mountainbiken - Dolfijn Mook\" \/>\n<meta property=\"og:description\" content=\"[vc_row css_animation=&#8221;&#8221; row_type=&#8221;row&#8221; use_row_as_full_screen_section=&#8221;no&#8221; type=&#8221;full_width&#8221; angled_section=&#8221;no&#8221; text_align=&#8221;left&#8221; background_image_as_pattern=&#8221;without_pattern&#8221;][vc_column width=&#8221;1\/2&#8243;][vc_column_text] Mountainbiken Lust auf ein Aktiverlebnis? Mieten Sie sich ein Mountainbike (ATB) und unternehmen Sie eine Tour durch die Umgebung. In der Umgebung von Nijmegen (Groesbeek, Berg en Dal) gibt es verschiedene tolle Mountainbike-Routen durch Waldgebiete. Es...\" \/>\n<meta property=\"og:url\" content=\"https:\/\/www.dolfijn-mook.nl\/de\/aktivitaten-und-verleihservice\/mountainbiken\/\" \/>\n<meta property=\"og:site_name\" content=\"Dolfijn Mook\" \/>\n<meta property=\"article:modified_time\" content=\"2025-06-17T06:13:27+00:00\" \/>\n<meta name=\"twitter:card\" content=\"summary_large_image\" \/>\n<meta name=\"twitter:label1\" content=\"Gesch\u00e4tzte Lesezeit\" \/>\n\t<meta name=\"twitter:data1\" content=\"3 minutes\" \/>\n<script type=\"application\/ld+json\" class=\"yoast-schema-graph\">{\"@context\":\"https:\/\/schema.org\",\"@graph\":[{\"@type\":\"WebPage\",\"@id\":\"https:\/\/www.dolfijn-mook.nl\/de\/aktivitaten-und-verleihservice\/mountainbiken\/\",\"url\":\"https:\/\/www.dolfijn-mook.nl\/de\/aktivitaten-und-verleihservice\/mountainbiken\/\",\"name\":\"Mountainbiken - Dolfijn Mook\",\"isPartOf\":{\"@id\":\"https:\/\/www.dolfijn-mook.nl\/#website\"},\"datePublished\":\"2019-06-13T07:31:09+00:00\",\"dateModified\":\"2025-06-17T06:13:27+00:00\",\"breadcrumb\":{\"@id\":\"https:\/\/www.dolfijn-mook.nl\/de\/aktivitaten-und-verleihservice\/mountainbiken\/#breadcrumb\"},\"inLanguage\":\"de-DE\",\"potentialAction\":[{\"@type\":\"ReadAction\",\"target\":[\"https:\/\/www.dolfijn-mook.nl\/de\/aktivitaten-und-verleihservice\/mountainbiken\/\"]}]},{\"@type\":\"BreadcrumbList\",\"@id\":\"https:\/\/www.dolfijn-mook.nl\/de\/aktivitaten-und-verleihservice\/mountainbiken\/#breadcrumb\",\"itemListElement\":[{\"@type\":\"ListItem\",\"position\":1,\"name\":\"Home\",\"item\":\"https:\/\/www.dolfijn-mook.nl\/de\/\"},{\"@type\":\"ListItem\",\"position\":2,\"name\":\"Aktivit\u00e4ten und Verleihservice\",\"item\":\"https:\/\/www.dolfijn-mook.nl\/de\/aktivitaten-und-verleihservice\/\"},{\"@type\":\"ListItem\",\"position\":3,\"name\":\"Mountainbiken\"}]},{\"@type\":\"WebSite\",\"@id\":\"https:\/\/www.dolfijn-mook.nl\/#website\",\"url\":\"https:\/\/www.dolfijn-mook.nl\/\",\"name\":\"Dolfijn Mook\",\"description\":\"Watersport en Recreatie\",\"potentialAction\":[{\"@type\":\"SearchAction\",\"target\":{\"@type\":\"EntryPoint\",\"urlTemplate\":\"https:\/\/www.dolfijn-mook.nl\/?s={search_term_string}\"},\"query-input\":{\"@type\":\"PropertyValueSpecification\",\"valueRequired\":true,\"valueName\":\"search_term_string\"}}],\"inLanguage\":\"de-DE\"}]}<\/script>\n<!-- \/ Yoast SEO plugin. -->","yoast_head_json":{"title":"Mountainbiken - Dolfijn Mook","robots":{"index":"index","follow":"follow","max-snippet":"max-snippet:-1","max-image-preview":"max-image-preview:large","max-video-preview":"max-video-preview:-1"},"canonical":"https:\/\/www.dolfijn-mook.nl\/de\/aktivitaten-und-verleihservice\/mountainbiken\/","og_locale":"de_DE","og_type":"article","og_title":"Mountainbiken - Dolfijn Mook","og_description":"[vc_row css_animation=&#8221;&#8221; row_type=&#8221;row&#8221; use_row_as_full_screen_section=&#8221;no&#8221; type=&#8221;full_width&#8221; angled_section=&#8221;no&#8221; text_align=&#8221;left&#8221; background_image_as_pattern=&#8221;without_pattern&#8221;][vc_column width=&#8221;1\/2&#8243;][vc_column_text] Mountainbiken Lust auf ein Aktiverlebnis? Mieten Sie sich ein Mountainbike (ATB) und unternehmen Sie eine Tour durch die Umgebung. In der Umgebung von Nijmegen (Groesbeek, Berg en Dal) gibt es verschiedene tolle Mountainbike-Routen durch Waldgebiete. Es...","og_url":"https:\/\/www.dolfijn-mook.nl\/de\/aktivitaten-und-verleihservice\/mountainbiken\/","og_site_name":"Dolfijn Mook","article_modified_time":"2025-06-17T06:13:27+00:00","twitter_card":"summary_large_image","twitter_misc":{"Gesch\u00e4tzte Lesezeit":"3 minutes"},"schema":{"@context":"https:\/\/schema.org","@graph":[{"@type":"WebPage","@id":"https:\/\/www.dolfijn-mook.nl\/de\/aktivitaten-und-verleihservice\/mountainbiken\/","url":"https:\/\/www.dolfijn-mook.nl\/de\/aktivitaten-und-verleihservice\/mountainbiken\/","name":"Mountainbiken - Dolfijn Mook","isPartOf":{"@id":"https:\/\/www.dolfijn-mook.nl\/#website"},"datePublished":"2019-06-13T07:31:09+00:00","dateModified":"2025-06-17T06:13:27+00:00","breadcrumb":{"@id":"https:\/\/www.dolfijn-mook.nl\/de\/aktivitaten-und-verleihservice\/mountainbiken\/#breadcrumb"},"inLanguage":"de-DE","potentialAction":[{"@type":"ReadAction","target":["https:\/\/www.dolfijn-mook.nl\/de\/aktivitaten-und-verleihservice\/mountainbiken\/"]}]},{"@type":"BreadcrumbList","@id":"https:\/\/www.dolfijn-mook.nl\/de\/aktivitaten-und-verleihservice\/mountainbiken\/#breadcrumb","itemListElement":[{"@type":"ListItem","position":1,"name":"Home","item":"https:\/\/www.dolfijn-mook.nl\/de\/"},{"@type":"ListItem","position":2,"name":"Aktivit\u00e4ten und Verleihservice","item":"https:\/\/www.dolfijn-mook.nl\/de\/aktivitaten-und-verleihservice\/"},{"@type":"ListItem","position":3,"name":"Mountainbiken"}]},{"@type":"WebSite","@id":"https:\/\/www.dolfijn-mook.nl\/#website","url":"https:\/\/www.dolfijn-mook.nl\/","name":"Dolfijn Mook","description":"Watersport en Recreatie","potentialAction":[{"@type":"SearchAction","target":{"@type":"EntryPoint","urlTemplate":"https:\/\/www.dolfijn-mook.nl\/?s={search_term_string}"},"query-input":{"@type":"PropertyValueSpecification","valueRequired":true,"valueName":"search_term_string"}}],"inLanguage":"de-DE"}]}},"_links":{"self":[{"href":"https:\/\/www.dolfijn-mook.nl\/de\/wp-json\/wp\/v2\/pages\/838","targetHints":{"allow":["GET"]}}],"collection":[{"href":"https:\/\/www.dolfijn-mook.nl\/de\/wp-json\/wp\/v2\/pages"}],"about":[{"href":"https:\/\/www.dolfijn-mook.nl\/de\/wp-json\/wp\/v2\/types\/page"}],"author":[{"embeddable":true,"href":"https:\/\/www.dolfijn-mook.nl\/de\/wp-json\/wp\/v2\/users\/1"}],"replies":[{"embeddable":true,"href":"https:\/\/www.dolfijn-mook.nl\/de\/wp-json\/wp\/v2\/comments?post=838"}],"version-history":[{"count":5,"href":"https:\/\/www.dolfijn-mook.nl\/de\/wp-json\/wp\/v2\/pages\/838\/revisions"}],"predecessor-version":[{"id":2428,"href":"https:\/\/www.dolfijn-mook.nl\/de\/wp-json\/wp\/v2\/pages\/838\/revisions\/2428"}],"up":[{"embeddable":true,"href":"https:\/\/www.dolfijn-mook.nl\/de\/wp-json\/wp\/v2\/pages\/888"}],"wp:attachment":[{"href":"https:\/\/www.dolfijn-mook.nl\/de\/wp-json\/wp\/v2\/media?parent=838"}],"curies":[{"name":"wp","href":"https:\/\/api.w.org\/{rel}","templated":true}]}}