{"id":835,"date":"2019-06-05T08:07:49","date_gmt":"2019-06-05T08:07:49","guid":{"rendered":"https:\/\/nldolf-sumovskiy.savviihq.com\/essen-und-trinken\/grillparty\/"},"modified":"2023-04-05T14:12:47","modified_gmt":"2023-04-05T12:12:47","slug":"grillparty","status":"publish","type":"page","link":"https:\/\/www.dolfijn-mook.nl\/de\/essen-und-trinken\/grillparty\/","title":{"rendered":"Grillparty"},"content":{"rendered":"<div class=\"wpb-content-wrapper\"><p>[vc_row css_animation=&#8221;&#8221; row_type=&#8221;row&#8221; use_row_as_full_screen_section=&#8221;no&#8221; type=&#8221;grid&#8221; angled_section=&#8221;no&#8221; text_align=&#8221;left&#8221; background_image_as_pattern=&#8221;without_pattern&#8221; padding_top=&#8221;105&#8243; padding_bottom=&#8221;83&#8243; z_index=&#8221;&#8221;][vc_column][vc_column_text]<\/p>\n<h2>Grillparty<\/h2>\n<p>[\/vc_column_text][vc_empty_space height=&#8221;33px&#8221;][vc_column_text]<\/p>\n<p>Die Grillparty geh\u00f6rt schon seit Jahren zu unseren Spezialit\u00e4ten. Nach einem sportlichen Erlebnistag k\u00f6nnen Sie den Tag mit einer Grillparty gem\u00fctlich ausklingen lassen. In unserem Grill-Men\u00fc sind Fleisch, Salate und Saucen enthalten. Auf Wunsch bieten wir auch vegetarische Gerichten oder Gerichte ohne Schweinefleisch. Haben Sie eine Allergie? Bitte teilen Sie uns vorab Ihre Unvertr\u00e4glichkeiten mit, damit wir das bei der Zusammenstellung ber\u00fccksichtigen k\u00f6nnen. Neben dem Standard-Grillmen\u00fc haben wir auch eine Grillparty Deluxe, bei der neben Fleisch auch Fisch und mariniertes Steak angeboten werden. Als gelungenen Abschluss k\u00f6nnen Sie ein Dessert-Buffet oder ein Eis von der Karte dazubuchen. Unsere Grillpartys sind ab 10 Personen und vorab zu reservieren.<\/p>\n<p>[\/vc_column_text][\/vc_column][\/vc_row][vc_row css_animation=&#8221;&#8221; row_type=&#8221;row&#8221; use_row_as_full_screen_section=&#8221;no&#8221; type=&#8221;full_width&#8221; angled_section=&#8221;no&#8221; text_align=&#8221;left&#8221; background_image_as_pattern=&#8221;without_pattern&#8221;][vc_column width=&#8221;1\/2&#8243;]<div class=\"qode-specification-list\">\n\t\t<div class=\"qode-specification-list-text-holder\">\n\t\t<h3 class=\"qode-specification-list-title\">\n\t\t\tStandaard BBQ\t\t<\/h3>\n\t\t<div class=\"qode-specification-list-items\">\n\t\t\t\t\t\t\t<div class=\"qode-specification-list-item\">\n\t\t\t\t\t<span class=\"qode-specification-list-item-label\">\n\t\t\t\t\t\tWitte koolsalade \t\t\t\t\t<\/span>\n\t\t\t\t\t<span class=\"qode-specification-list-item-value\">\n\t\t\t\t\t\t\t\t\t\t\t<\/span>\n\t\t\t\t<\/div>\n\t\t\t\t\t\t\t<div class=\"qode-specification-list-item\">\n\t\t\t\t\t<span class=\"qode-specification-list-item-label\">\n\t\t\t\t\t\tRundvleessalade\t\t\t\t\t<\/span>\n\t\t\t\t\t<span class=\"qode-specification-list-item-value\">\n\t\t\t\t\t\t\t\t\t\t\t<\/span>\n\t\t\t\t<\/div>\n\t\t\t\t\t\t\t<div class=\"qode-specification-list-item\">\n\t\t\t\t\t<span class=\"qode-specification-list-item-label\">\n\t\t\t\t\t\tAardappelsalade\t\t\t\t\t<\/span>\n\t\t\t\t\t<span class=\"qode-specification-list-item-value\">\n\t\t\t\t\t\t\t\t\t\t\t<\/span>\n\t\t\t\t<\/div>\n\t\t\t\t\t\t\t<div class=\"qode-specification-list-item\">\n\t\t\t\t\t<span class=\"qode-specification-list-item-label\">\n\t\t\t\t\t\tZoet\/zure komkommersalade\t\t\t\t\t<\/span>\n\t\t\t\t\t<span class=\"qode-specification-list-item-value\">\n\t\t\t\t\t\t\t\t\t\t\t<\/span>\n\t\t\t\t<\/div>\n\t\t\t\t\t\t\t<div class=\"qode-specification-list-item\">\n\t\t\t\t\t<span class=\"qode-specification-list-item-label\">\n\t\t\t\t\t\tKool\/wortel salade\t\t\t\t\t<\/span>\n\t\t\t\t\t<span class=\"qode-specification-list-item-value\">\n\t\t\t\t\t\t\t\t\t\t\t<\/span>\n\t\t\t\t<\/div>\n\t\t\t\t\t\t\t<div class=\"qode-specification-list-item\">\n\t\t\t\t\t<span class=\"qode-specification-list-item-label\">\n\t\t\t\t\t\tPrei\/ananas salade\t\t\t\t\t<\/span>\n\t\t\t\t\t<span class=\"qode-specification-list-item-value\">\n\t\t\t\t\t\t\t\t\t\t\t<\/span>\n\t\t\t\t<\/div>\n\t\t\t\t\t\t\t<div class=\"qode-specification-list-item\">\n\t\t\t\t\t<span class=\"qode-specification-list-item-label\">\n\t\t\t\t\t\tSpeklap\t\t\t\t\t<\/span>\n\t\t\t\t\t<span class=\"qode-specification-list-item-value\">\n\t\t\t\t\t\t\t\t\t\t\t<\/span>\n\t\t\t\t<\/div>\n\t\t\t\t\t\t\t<div class=\"qode-specification-list-item\">\n\t\t\t\t\t<span class=\"qode-specification-list-item-label\">\n\t\t\t\t\t\tHamburger\t\t\t\t\t<\/span>\n\t\t\t\t\t<span class=\"qode-specification-list-item-value\">\n\t\t\t\t\t\t\t\t\t\t\t<\/span>\n\t\t\t\t<\/div>\n\t\t\t\t\t\t\t<div class=\"qode-specification-list-item\">\n\t\t\t\t\t<span class=\"qode-specification-list-item-label\">\n\t\t\t\t\t\tBBQ worst\t\t\t\t\t<\/span>\n\t\t\t\t\t<span class=\"qode-specification-list-item-value\">\n\t\t\t\t\t\t\t\t\t\t\t<\/span>\n\t\t\t\t<\/div>\n\t\t\t\t\t\t\t<div class=\"qode-specification-list-item\">\n\t\t\t\t\t<span class=\"qode-specification-list-item-label\">\n\t\t\t\t\t\tKip cajun spies\t\t\t\t\t<\/span>\n\t\t\t\t\t<span class=\"qode-specification-list-item-value\">\n\t\t\t\t\t\t\t\t\t\t\t<\/span>\n\t\t\t\t<\/div>\n\t\t\t\t\t\t\t<div class=\"qode-specification-list-item\">\n\t\t\t\t\t<span class=\"qode-specification-list-item-label\">\n\t\t\t\t\t\tSat\u00e9\t\t\t\t\t<\/span>\n\t\t\t\t\t<span class=\"qode-specification-list-item-value\">\n\t\t\t\t\t\t\t\t\t\t\t<\/span>\n\t\t\t\t<\/div>\n\t\t\t\t\t\t\t<div class=\"qode-specification-list-item\">\n\t\t\t\t\t<span class=\"qode-specification-list-item-label\">\n\t\t\t\t\t\tSouvlaki \t\t\t\t\t<\/span>\n\t\t\t\t\t<span class=\"qode-specification-list-item-value\">\n\t\t\t\t\t\t\t\t\t\t\t<\/span>\n\t\t\t\t<\/div>\n\t\t\t\t\t\t\t<div class=\"qode-specification-list-item\">\n\t\t\t\t\t<span class=\"qode-specification-list-item-label\">\n\t\t\t\t\t\tStokbrood\t\t\t\t\t<\/span>\n\t\t\t\t\t<span class=\"qode-specification-list-item-value\">\n\t\t\t\t\t\t\t\t\t\t\t<\/span>\n\t\t\t\t<\/div>\n\t\t\t\t\t\t\t<div class=\"qode-specification-list-item\">\n\t\t\t\t\t<span class=\"qode-specification-list-item-label\">\n\t\t\t\t\t\tCocktailsaus\t\t\t\t\t<\/span>\n\t\t\t\t\t<span class=\"qode-specification-list-item-value\">\n\t\t\t\t\t\t\t\t\t\t\t<\/span>\n\t\t\t\t<\/div>\n\t\t\t\t\t\t\t<div class=\"qode-specification-list-item\">\n\t\t\t\t\t<span class=\"qode-specification-list-item-label\">\n\t\t\t\t\t\tKnoflooksaus\t\t\t\t\t<\/span>\n\t\t\t\t\t<span class=\"qode-specification-list-item-value\">\n\t\t\t\t\t\t\t\t\t\t\t<\/span>\n\t\t\t\t<\/div>\n\t\t\t\t\t\t\t<div class=\"qode-specification-list-item\">\n\t\t\t\t\t<span class=\"qode-specification-list-item-label\">\n\t\t\t\t\t\tKruidenboter\t\t\t\t\t<\/span>\n\t\t\t\t\t<span class=\"qode-specification-list-item-value\">\n\t\t\t\t\t\t\t\t\t\t\t<\/span>\n\t\t\t\t<\/div>\n\t\t\t\t\t\t\t<div class=\"qode-specification-list-item\">\n\t\t\t\t\t<span class=\"qode-specification-list-item-label\">\n\t\t\t\t\t\tWarme sat\u00e9saus \t\t\t\t\t<\/span>\n\t\t\t\t\t<span class=\"qode-specification-list-item-value\">\n\t\t\t\t\t\t\t\t\t\t\t<\/span>\n\t\t\t\t<\/div>\n\t\t\t\t\t<\/div>\n\t<\/div>\n\t<\/div>[vc_column_text css=&#8221;.vc_custom_1680696730169{margin-left: 35px !important;}&#8221;]<b>\u20ac 22,- p.p.\u00a0<\/b>[\/vc_column_text][vc_empty_space height=&#8221;20px&#8221;][\/vc_column][vc_column width=&#8221;1\/2&#8243;]<div class=\"qode-specification-list\">\n\t\t<div class=\"qode-specification-list-text-holder\">\n\t\t<h3 class=\"qode-specification-list-title\">\n\t\t\tBBQ de luxe\t\t<\/h3>\n\t\t<div class=\"qode-specification-list-items\">\n\t\t\t\t\t\t\t<div class=\"qode-specification-list-item\">\n\t\t\t\t\t<span class=\"qode-specification-list-item-label\">\n\t\t\t\t\t\tAlles van de standaard BBQ +\t\t\t\t\t<\/span>\n\t\t\t\t\t<span class=\"qode-specification-list-item-value\">\n\t\t\t\t\t\t\t\t\t\t\t<\/span>\n\t\t\t\t<\/div>\n\t\t\t\t\t\t\t<div class=\"qode-specification-list-item\">\n\t\t\t\t\t<span class=\"qode-specification-list-item-label\">\n\t\t\t\t\t\tGemarineerde visspiesen\t\t\t\t\t<\/span>\n\t\t\t\t\t<span class=\"qode-specification-list-item-value\">\n\t\t\t\t\t\t\t\t\t\t\t<\/span>\n\t\t\t\t<\/div>\n\t\t\t\t\t\t\t<div class=\"qode-specification-list-item\">\n\t\t\t\t\t<span class=\"qode-specification-list-item-label\">\n\t\t\t\t\t\tGemarineerde garnalenspiesen\t\t\t\t\t<\/span>\n\t\t\t\t\t<span class=\"qode-specification-list-item-value\">\n\t\t\t\t\t\t\t\t\t\t\t<\/span>\n\t\t\t\t<\/div>\n\t\t\t\t\t\t\t<div class=\"qode-specification-list-item\">\n\t\t\t\t\t<span class=\"qode-specification-list-item-label\">\n\t\t\t\t\t\tGemarineerde biefstukjes\t\t\t\t\t<\/span>\n\t\t\t\t\t<span class=\"qode-specification-list-item-value\">\n\t\t\t\t\t\t\t\t\t\t\t<\/span>\n\t\t\t\t<\/div>\n\t\t\t\t\t<\/div>\n\t<\/div>\n\t<\/div>[vc_column_text css=&#8221;.vc_custom_1680696738753{margin-left: 35px !important;}&#8221;]<b>\u20ac 26,50 p.p.\u00a0<\/b>[\/vc_column_text][\/vc_column][\/vc_row][vc_row css_animation=&#8221;&#8221; row_type=&#8221;row&#8221; use_row_as_full_screen_section=&#8221;no&#8221; type=&#8221;full_width&#8221; angled_section=&#8221;no&#8221; text_align=&#8221;left&#8221; background_image_as_pattern=&#8221;without_pattern&#8221;][vc_column width=&#8221;1\/6&#8243;][\/vc_column][vc_column width=&#8221;4\/6&#8243;][vc_column_text]<\/p>\n<p>Gerne ber\u00fccksichtigen wir Ihre Di\u00e4ten, dies muss jedoch im Voraus angegeben werden. Leider ist es uns nicht m\u00f6glich glutenfrei zu kochen. Das BBQ kann jedoch vegetarisch sein oder ohne Schweinefleisch f\u00fcr diejenigen, die es wollen.<\/p>\n<p>[\/vc_column_text][\/vc_column][vc_column width=&#8221;1\/6&#8243;][\/vc_column][\/vc_row][vc_row css_animation=&#8221;&#8221; row_type=&#8221;row&#8221; use_row_as_full_screen_section=&#8221;no&#8221; type=&#8221;full_width&#8221; angled_section=&#8221;no&#8221; text_align=&#8221;left&#8221; background_image_as_pattern=&#8221;without_pattern&#8221;][vc_column][vc_empty_space height=&#8221;100px&#8221;][\/vc_column][\/vc_row]<\/p>\n<\/div>","protected":false},"excerpt":{"rendered":"<p>[vc_row css_animation=&#8221;&#8221; row_type=&#8221;row&#8221; use_row_as_full_screen_section=&#8221;no&#8221; type=&#8221;grid&#8221; angled_section=&#8221;no&#8221; text_align=&#8221;left&#8221; background_image_as_pattern=&#8221;without_pattern&#8221; padding_top=&#8221;105&#8243; padding_bottom=&#8221;83&#8243; z_index=&#8221;&#8221;][vc_column][vc_column_text] Grillparty [\/vc_column_text][vc_empty_space height=&#8221;33px&#8221;][vc_column_text] Die Grillparty geh\u00f6rt schon seit Jahren zu unseren Spezialit\u00e4ten. Nach einem sportlichen Erlebnistag k\u00f6nnen Sie den Tag mit einer Grillparty gem\u00fctlich ausklingen lassen. In unserem Grill-Men\u00fc sind Fleisch, Salate und Saucen&#8230;<\/p>\n","protected":false},"author":1,"featured_media":0,"parent":833,"menu_order":0,"comment_status":"closed","ping_status":"closed","template":"full_width.php","meta":{"_acf_changed":false,"footnotes":""},"class_list":["post-835","page","type-page","status-publish","hentry"],"acf":[],"yoast_head":"<!-- This site is optimized with the Yoast SEO plugin v26.6 - https:\/\/yoast.com\/wordpress\/plugins\/seo\/ -->\n<title>Grillparty - Dolfijn Mook<\/title>\n<meta name=\"robots\" content=\"index, follow, max-snippet:-1, max-image-preview:large, max-video-preview:-1\" \/>\n<link rel=\"canonical\" href=\"https:\/\/www.dolfijn-mook.nl\/de\/essen-und-trinken\/grillparty\/\" \/>\n<meta property=\"og:locale\" content=\"de_DE\" \/>\n<meta property=\"og:type\" content=\"article\" \/>\n<meta property=\"og:title\" content=\"Grillparty - Dolfijn Mook\" \/>\n<meta property=\"og:description\" content=\"[vc_row css_animation=&#8221;&#8221; row_type=&#8221;row&#8221; use_row_as_full_screen_section=&#8221;no&#8221; type=&#8221;grid&#8221; angled_section=&#8221;no&#8221; text_align=&#8221;left&#8221; background_image_as_pattern=&#8221;without_pattern&#8221; padding_top=&#8221;105&#8243; padding_bottom=&#8221;83&#8243; z_index=&#8221;&#8221;][vc_column][vc_column_text] Grillparty [\/vc_column_text][vc_empty_space height=&#8221;33px&#8221;][vc_column_text] Die Grillparty geh\u00f6rt schon seit Jahren zu unseren Spezialit\u00e4ten. Nach einem sportlichen Erlebnistag k\u00f6nnen Sie den Tag mit einer Grillparty gem\u00fctlich ausklingen lassen. In unserem Grill-Men\u00fc sind Fleisch, Salate und Saucen...\" \/>\n<meta property=\"og:url\" content=\"https:\/\/www.dolfijn-mook.nl\/de\/essen-und-trinken\/grillparty\/\" \/>\n<meta property=\"og:site_name\" content=\"Dolfijn Mook\" \/>\n<meta property=\"article:modified_time\" content=\"2023-04-05T12:12:47+00:00\" \/>\n<meta name=\"twitter:card\" content=\"summary_large_image\" \/>\n<meta name=\"twitter:label1\" content=\"Gesch\u00e4tzte Lesezeit\" \/>\n\t<meta name=\"twitter:data1\" content=\"2 minutes\" \/>\n<script type=\"application\/ld+json\" class=\"yoast-schema-graph\">{\"@context\":\"https:\/\/schema.org\",\"@graph\":[{\"@type\":\"WebPage\",\"@id\":\"https:\/\/www.dolfijn-mook.nl\/de\/essen-und-trinken\/grillparty\/\",\"url\":\"https:\/\/www.dolfijn-mook.nl\/de\/essen-und-trinken\/grillparty\/\",\"name\":\"Grillparty - Dolfijn Mook\",\"isPartOf\":{\"@id\":\"https:\/\/www.dolfijn-mook.nl\/#website\"},\"datePublished\":\"2019-06-05T08:07:49+00:00\",\"dateModified\":\"2023-04-05T12:12:47+00:00\",\"breadcrumb\":{\"@id\":\"https:\/\/www.dolfijn-mook.nl\/de\/essen-und-trinken\/grillparty\/#breadcrumb\"},\"inLanguage\":\"de-DE\",\"potentialAction\":[{\"@type\":\"ReadAction\",\"target\":[\"https:\/\/www.dolfijn-mook.nl\/de\/essen-und-trinken\/grillparty\/\"]}]},{\"@type\":\"BreadcrumbList\",\"@id\":\"https:\/\/www.dolfijn-mook.nl\/de\/essen-und-trinken\/grillparty\/#breadcrumb\",\"itemListElement\":[{\"@type\":\"ListItem\",\"position\":1,\"name\":\"Home\",\"item\":\"https:\/\/www.dolfijn-mook.nl\/de\/\"},{\"@type\":\"ListItem\",\"position\":2,\"name\":\"Essen und Trinken\",\"item\":\"https:\/\/www.dolfijn-mook.nl\/de\/essen-und-trinken\/\"},{\"@type\":\"ListItem\",\"position\":3,\"name\":\"Grillparty\"}]},{\"@type\":\"WebSite\",\"@id\":\"https:\/\/www.dolfijn-mook.nl\/#website\",\"url\":\"https:\/\/www.dolfijn-mook.nl\/\",\"name\":\"Dolfijn Mook\",\"description\":\"Watersport en Recreatie\",\"potentialAction\":[{\"@type\":\"SearchAction\",\"target\":{\"@type\":\"EntryPoint\",\"urlTemplate\":\"https:\/\/www.dolfijn-mook.nl\/?s={search_term_string}\"},\"query-input\":{\"@type\":\"PropertyValueSpecification\",\"valueRequired\":true,\"valueName\":\"search_term_string\"}}],\"inLanguage\":\"de-DE\"}]}<\/script>\n<!-- \/ Yoast SEO plugin. -->","yoast_head_json":{"title":"Grillparty - Dolfijn Mook","robots":{"index":"index","follow":"follow","max-snippet":"max-snippet:-1","max-image-preview":"max-image-preview:large","max-video-preview":"max-video-preview:-1"},"canonical":"https:\/\/www.dolfijn-mook.nl\/de\/essen-und-trinken\/grillparty\/","og_locale":"de_DE","og_type":"article","og_title":"Grillparty - Dolfijn Mook","og_description":"[vc_row css_animation=&#8221;&#8221; row_type=&#8221;row&#8221; use_row_as_full_screen_section=&#8221;no&#8221; type=&#8221;grid&#8221; angled_section=&#8221;no&#8221; text_align=&#8221;left&#8221; background_image_as_pattern=&#8221;without_pattern&#8221; padding_top=&#8221;105&#8243; padding_bottom=&#8221;83&#8243; z_index=&#8221;&#8221;][vc_column][vc_column_text] Grillparty [\/vc_column_text][vc_empty_space height=&#8221;33px&#8221;][vc_column_text] Die Grillparty geh\u00f6rt schon seit Jahren zu unseren Spezialit\u00e4ten. Nach einem sportlichen Erlebnistag k\u00f6nnen Sie den Tag mit einer Grillparty gem\u00fctlich ausklingen lassen. In unserem Grill-Men\u00fc sind Fleisch, Salate und Saucen...","og_url":"https:\/\/www.dolfijn-mook.nl\/de\/essen-und-trinken\/grillparty\/","og_site_name":"Dolfijn Mook","article_modified_time":"2023-04-05T12:12:47+00:00","twitter_card":"summary_large_image","twitter_misc":{"Gesch\u00e4tzte Lesezeit":"2 minutes"},"schema":{"@context":"https:\/\/schema.org","@graph":[{"@type":"WebPage","@id":"https:\/\/www.dolfijn-mook.nl\/de\/essen-und-trinken\/grillparty\/","url":"https:\/\/www.dolfijn-mook.nl\/de\/essen-und-trinken\/grillparty\/","name":"Grillparty - Dolfijn Mook","isPartOf":{"@id":"https:\/\/www.dolfijn-mook.nl\/#website"},"datePublished":"2019-06-05T08:07:49+00:00","dateModified":"2023-04-05T12:12:47+00:00","breadcrumb":{"@id":"https:\/\/www.dolfijn-mook.nl\/de\/essen-und-trinken\/grillparty\/#breadcrumb"},"inLanguage":"de-DE","potentialAction":[{"@type":"ReadAction","target":["https:\/\/www.dolfijn-mook.nl\/de\/essen-und-trinken\/grillparty\/"]}]},{"@type":"BreadcrumbList","@id":"https:\/\/www.dolfijn-mook.nl\/de\/essen-und-trinken\/grillparty\/#breadcrumb","itemListElement":[{"@type":"ListItem","position":1,"name":"Home","item":"https:\/\/www.dolfijn-mook.nl\/de\/"},{"@type":"ListItem","position":2,"name":"Essen und Trinken","item":"https:\/\/www.dolfijn-mook.nl\/de\/essen-und-trinken\/"},{"@type":"ListItem","position":3,"name":"Grillparty"}]},{"@type":"WebSite","@id":"https:\/\/www.dolfijn-mook.nl\/#website","url":"https:\/\/www.dolfijn-mook.nl\/","name":"Dolfijn Mook","description":"Watersport en Recreatie","potentialAction":[{"@type":"SearchAction","target":{"@type":"EntryPoint","urlTemplate":"https:\/\/www.dolfijn-mook.nl\/?s={search_term_string}"},"query-input":{"@type":"PropertyValueSpecification","valueRequired":true,"valueName":"search_term_string"}}],"inLanguage":"de-DE"}]}},"_links":{"self":[{"href":"https:\/\/www.dolfijn-mook.nl\/de\/wp-json\/wp\/v2\/pages\/835","targetHints":{"allow":["GET"]}}],"collection":[{"href":"https:\/\/www.dolfijn-mook.nl\/de\/wp-json\/wp\/v2\/pages"}],"about":[{"href":"https:\/\/www.dolfijn-mook.nl\/de\/wp-json\/wp\/v2\/types\/page"}],"author":[{"embeddable":true,"href":"https:\/\/www.dolfijn-mook.nl\/de\/wp-json\/wp\/v2\/users\/1"}],"replies":[{"embeddable":true,"href":"https:\/\/www.dolfijn-mook.nl\/de\/wp-json\/wp\/v2\/comments?post=835"}],"version-history":[{"count":5,"href":"https:\/\/www.dolfijn-mook.nl\/de\/wp-json\/wp\/v2\/pages\/835\/revisions"}],"predecessor-version":[{"id":2057,"href":"https:\/\/www.dolfijn-mook.nl\/de\/wp-json\/wp\/v2\/pages\/835\/revisions\/2057"}],"up":[{"embeddable":true,"href":"https:\/\/www.dolfijn-mook.nl\/de\/wp-json\/wp\/v2\/pages\/833"}],"wp:attachment":[{"href":"https:\/\/www.dolfijn-mook.nl\/de\/wp-json\/wp\/v2\/media?parent=835"}],"curies":[{"name":"wp","href":"https:\/\/api.w.org\/{rel}","templated":true}]}}