{"id":831,"date":"2019-06-05T07:53:36","date_gmt":"2019-06-05T07:53:36","guid":{"rendered":"https:\/\/nldolf-sumovskiy.savviihq.com\/radfahren\/"},"modified":"2025-07-24T10:43:01","modified_gmt":"2025-07-24T08:43:01","slug":"radfahren","status":"publish","type":"page","link":"https:\/\/www.dolfijn-mook.nl\/de\/aktivitaten-und-verleihservice\/radfahren\/","title":{"rendered":"Radfahren"},"content":{"rendered":"<div class=\"wpb-content-wrapper\"><p>[vc_row css_animation=&#8221;&#8221; row_type=&#8221;row&#8221; use_row_as_full_screen_section=&#8221;no&#8221; type=&#8221;full_width&#8221; angled_section=&#8221;no&#8221; text_align=&#8221;left&#8221; background_image_as_pattern=&#8221;without_pattern&#8221;][vc_column width=&#8221;1\/2&#8243;][vc_column_text css=&#8221;&#8221;]<\/p>\n<h2>Radfahren<\/h2>\n<p>Erkunden Sie die abwechslungsreiche Natur von Mook mit dem Fahrrad. Neben den normalen Fahrr\u00e4dern und e-Bikes vermieten wir auch Tandems. Sie m\u00f6chten eine Radtour mit dem gewissen Extra? Dann empfehlen wir eine Fahrradpuzzletour! Auf Wunsch und gegen einen Aufpreis k\u00f6nnen wir die Fahrr\u00e4der an einen vereinbarten Ort in der Umgebung von Nijmegen bringen. Die Fahrradpuzzletour f\u00fchrt durch die Umgebung von Mook und Middelaar. Sie radeln in der Gruppe und erhalten bei Abfahrt eine Liste mit Auftr\u00e4gen und Fragen, die unterwegs ausgef\u00fchrt bzw. beantwortet werden. Die Fahrradpuzzletour dauert etwa zwei Stunden. Diese Radtour kann erg\u00e4nzend zu anderen Aktivit\u00e4ten, wie\u00a0<a href=\"https:\/\/dolfijn-mook.nl\/de\/aktivitaten-und-verleihservice\/kanus\/\">Kanu fahren<\/a>,\u00a0<a href=\"https:\/\/dolfijn-mook.nl\/de\/aktivitaten-und-verleihservice\/bogenschiesen\/\">Bogenschie\u00dfen<\/a>\u00a0oder\u00a0<a href=\"https:\/\/dolfijn-mook.nl\/de\/aktivitaten-und-verleihservice\/segelboote\/\">Segeln<\/a> gebucht werden.. M\u00f6chten Sie Ihre Radtour mit einem\u00a0<a href=\"https:\/\/dolfijn-mook.nl\/de\/essen-und-trinken\/picknick\/\">Picknick<\/a> oder Mittagessen abschlie\u00dfen? Sagen Sie uns einfach vorher Bescheid, dann sorgen wir daf\u00fcr, dass ein Picknickkorb mit leckeren belegten Br\u00f6tchen auf der Terrasse f\u00fcr Sie bereit steht!<\/p>\n<p>Preise:<\/p>\n<p>E-bike pro Tag: \u20ac 25\u00a0 ( Reichweite +- 60km)<\/p>\n<p>Fahrrad pro Tag: \u20ac 9,50\u00a0 (normal fahrrad 3 versnellingen)<\/p>\n<p id=\"tw-target-text\" class=\"tw-data-text tw-text-large tw-ta\" dir=\"ltr\" data-placeholder=\"Vertaling\" aria-label=\"Vertaalde tekst\" data-ved=\"2ahUKEwj0nvD44MaFAxXkhf0HHRcHDYYQ3ewLegQIBRAU\"><span class=\"Y2IQFc\" lang=\"de\">Fahrradverleih von 10.00 bis 17.00 Uhr ge\u00f6ffnet.<\/span><\/p>\n<pre id=\"tw-target-text\" class=\"tw-data-text tw-text-large tw-ta\" dir=\"ltr\" data-placeholder=\"Vertaling\" aria-label=\"Vertaalde tekst\" data-ved=\"2ahUKEwj0nvD44MaFAxXkhf0HHRcHDYYQ3ewLegQIBRAU\"><span class=\"Y2IQFc\" lang=\"de\">Reservierungen k\u00f6nnen nur per E-Mail an info@dolfijn-mook.nl vorgenommen werden<\/span><\/pre>\n<p>[\/vc_column_text][vc_empty_space height=&#8221;50px&#8221;][\/vc_column][vc_column width=&#8221;1\/2&#8243;]<div class=\"image_with_text\"><img decoding=\"async\" itemprop=\"image\" src=\"https:\/\/www.dolfijn-mook.nl\/wp-content\/uploads\/2019\/05\/csm_fietstocht1_28e3890381.jpg\" alt=\"\" \/><h3  class=\"image_with_text_title\"><\/h3><span style=\"margin: 6px 0px;\" class=\"separator transparent\"><\/span><\/div>[\/vc_column][\/vc_row][vc_row css_animation=&#8221;&#8221; row_type=&#8221;row&#8221; use_row_as_full_screen_section=&#8221;no&#8221; type=&#8221;full_width&#8221; angled_section=&#8221;no&#8221; text_align=&#8221;left&#8221; background_image_as_pattern=&#8221;without_pattern&#8221;][vc_column]<a  itemprop=\"url\" href=\"\/de\/aktivitaten-und-verleihservice\/radfahren\/preise-fahrradverleih\/\" target=\"_self\"  class=\"qbutton  medium center default\" style=\"margin: 0px auto 0px auto; \">Verleih und Preise<\/a>[vc_empty_space height=&#8221;120px&#8221;][\/vc_column][\/vc_row]<\/p>\n<\/div>","protected":false},"excerpt":{"rendered":"<p>[vc_row css_animation=&#8221;&#8221; row_type=&#8221;row&#8221; use_row_as_full_screen_section=&#8221;no&#8221; type=&#8221;full_width&#8221; angled_section=&#8221;no&#8221; text_align=&#8221;left&#8221; background_image_as_pattern=&#8221;without_pattern&#8221;][vc_column width=&#8221;1\/2&#8243;][vc_column_text css=&#8221;&#8221;] Radfahren Erkunden Sie die abwechslungsreiche Natur von Mook mit dem Fahrrad. Neben den normalen Fahrr\u00e4dern und e-Bikes vermieten wir auch Tandems. Sie m\u00f6chten eine Radtour mit dem gewissen Extra? Dann empfehlen wir eine Fahrradpuzzletour! Auf&#8230;<\/p>\n","protected":false},"author":1,"featured_media":0,"parent":888,"menu_order":1,"comment_status":"closed","ping_status":"closed","template":"","meta":{"_acf_changed":false,"footnotes":""},"class_list":["post-831","page","type-page","status-publish","hentry"],"acf":[],"yoast_head":"<!-- This site is optimized with the Yoast SEO plugin v26.6 - https:\/\/yoast.com\/wordpress\/plugins\/seo\/ -->\n<title>Radfahren - Dolfijn Mook<\/title>\n<meta name=\"robots\" content=\"index, follow, max-snippet:-1, max-image-preview:large, max-video-preview:-1\" \/>\n<link rel=\"canonical\" href=\"https:\/\/www.dolfijn-mook.nl\/de\/aktivitaten-und-verleihservice\/radfahren\/\" \/>\n<meta property=\"og:locale\" content=\"de_DE\" \/>\n<meta property=\"og:type\" content=\"article\" \/>\n<meta property=\"og:title\" content=\"Radfahren - Dolfijn Mook\" \/>\n<meta property=\"og:description\" content=\"[vc_row css_animation=&#8221;&#8221; row_type=&#8221;row&#8221; use_row_as_full_screen_section=&#8221;no&#8221; type=&#8221;full_width&#8221; angled_section=&#8221;no&#8221; text_align=&#8221;left&#8221; background_image_as_pattern=&#8221;without_pattern&#8221;][vc_column width=&#8221;1\/2&#8243;][vc_column_text css=&#8221;&#8221;] Radfahren Erkunden Sie die abwechslungsreiche Natur von Mook mit dem Fahrrad. Neben den normalen Fahrr\u00e4dern und e-Bikes vermieten wir auch Tandems. Sie m\u00f6chten eine Radtour mit dem gewissen Extra? Dann empfehlen wir eine Fahrradpuzzletour! Auf...\" \/>\n<meta property=\"og:url\" content=\"https:\/\/www.dolfijn-mook.nl\/de\/aktivitaten-und-verleihservice\/radfahren\/\" \/>\n<meta property=\"og:site_name\" content=\"Dolfijn Mook\" \/>\n<meta property=\"article:modified_time\" content=\"2025-07-24T08:43:01+00:00\" \/>\n<meta name=\"twitter:card\" content=\"summary_large_image\" \/>\n<meta name=\"twitter:label1\" content=\"Gesch\u00e4tzte Lesezeit\" \/>\n\t<meta name=\"twitter:data1\" content=\"2 minutes\" \/>\n<script type=\"application\/ld+json\" class=\"yoast-schema-graph\">{\"@context\":\"https:\/\/schema.org\",\"@graph\":[{\"@type\":\"WebPage\",\"@id\":\"https:\/\/www.dolfijn-mook.nl\/de\/aktivitaten-und-verleihservice\/radfahren\/\",\"url\":\"https:\/\/www.dolfijn-mook.nl\/de\/aktivitaten-und-verleihservice\/radfahren\/\",\"name\":\"Radfahren - Dolfijn Mook\",\"isPartOf\":{\"@id\":\"https:\/\/www.dolfijn-mook.nl\/#website\"},\"datePublished\":\"2019-06-05T07:53:36+00:00\",\"dateModified\":\"2025-07-24T08:43:01+00:00\",\"breadcrumb\":{\"@id\":\"https:\/\/www.dolfijn-mook.nl\/de\/aktivitaten-und-verleihservice\/radfahren\/#breadcrumb\"},\"inLanguage\":\"de-DE\",\"potentialAction\":[{\"@type\":\"ReadAction\",\"target\":[\"https:\/\/www.dolfijn-mook.nl\/de\/aktivitaten-und-verleihservice\/radfahren\/\"]}]},{\"@type\":\"BreadcrumbList\",\"@id\":\"https:\/\/www.dolfijn-mook.nl\/de\/aktivitaten-und-verleihservice\/radfahren\/#breadcrumb\",\"itemListElement\":[{\"@type\":\"ListItem\",\"position\":1,\"name\":\"Home\",\"item\":\"https:\/\/www.dolfijn-mook.nl\/de\/\"},{\"@type\":\"ListItem\",\"position\":2,\"name\":\"Aktivit\u00e4ten und Verleihservice\",\"item\":\"https:\/\/www.dolfijn-mook.nl\/de\/aktivitaten-und-verleihservice\/\"},{\"@type\":\"ListItem\",\"position\":3,\"name\":\"Radfahren\"}]},{\"@type\":\"WebSite\",\"@id\":\"https:\/\/www.dolfijn-mook.nl\/#website\",\"url\":\"https:\/\/www.dolfijn-mook.nl\/\",\"name\":\"Dolfijn Mook\",\"description\":\"Watersport en Recreatie\",\"potentialAction\":[{\"@type\":\"SearchAction\",\"target\":{\"@type\":\"EntryPoint\",\"urlTemplate\":\"https:\/\/www.dolfijn-mook.nl\/?s={search_term_string}\"},\"query-input\":{\"@type\":\"PropertyValueSpecification\",\"valueRequired\":true,\"valueName\":\"search_term_string\"}}],\"inLanguage\":\"de-DE\"}]}<\/script>\n<!-- \/ Yoast SEO plugin. -->","yoast_head_json":{"title":"Radfahren - Dolfijn Mook","robots":{"index":"index","follow":"follow","max-snippet":"max-snippet:-1","max-image-preview":"max-image-preview:large","max-video-preview":"max-video-preview:-1"},"canonical":"https:\/\/www.dolfijn-mook.nl\/de\/aktivitaten-und-verleihservice\/radfahren\/","og_locale":"de_DE","og_type":"article","og_title":"Radfahren - Dolfijn Mook","og_description":"[vc_row css_animation=&#8221;&#8221; row_type=&#8221;row&#8221; use_row_as_full_screen_section=&#8221;no&#8221; type=&#8221;full_width&#8221; angled_section=&#8221;no&#8221; text_align=&#8221;left&#8221; background_image_as_pattern=&#8221;without_pattern&#8221;][vc_column width=&#8221;1\/2&#8243;][vc_column_text css=&#8221;&#8221;] Radfahren Erkunden Sie die abwechslungsreiche Natur von Mook mit dem Fahrrad. Neben den normalen Fahrr\u00e4dern und e-Bikes vermieten wir auch Tandems. Sie m\u00f6chten eine Radtour mit dem gewissen Extra? Dann empfehlen wir eine Fahrradpuzzletour! Auf...","og_url":"https:\/\/www.dolfijn-mook.nl\/de\/aktivitaten-und-verleihservice\/radfahren\/","og_site_name":"Dolfijn Mook","article_modified_time":"2025-07-24T08:43:01+00:00","twitter_card":"summary_large_image","twitter_misc":{"Gesch\u00e4tzte Lesezeit":"2 minutes"},"schema":{"@context":"https:\/\/schema.org","@graph":[{"@type":"WebPage","@id":"https:\/\/www.dolfijn-mook.nl\/de\/aktivitaten-und-verleihservice\/radfahren\/","url":"https:\/\/www.dolfijn-mook.nl\/de\/aktivitaten-und-verleihservice\/radfahren\/","name":"Radfahren - Dolfijn Mook","isPartOf":{"@id":"https:\/\/www.dolfijn-mook.nl\/#website"},"datePublished":"2019-06-05T07:53:36+00:00","dateModified":"2025-07-24T08:43:01+00:00","breadcrumb":{"@id":"https:\/\/www.dolfijn-mook.nl\/de\/aktivitaten-und-verleihservice\/radfahren\/#breadcrumb"},"inLanguage":"de-DE","potentialAction":[{"@type":"ReadAction","target":["https:\/\/www.dolfijn-mook.nl\/de\/aktivitaten-und-verleihservice\/radfahren\/"]}]},{"@type":"BreadcrumbList","@id":"https:\/\/www.dolfijn-mook.nl\/de\/aktivitaten-und-verleihservice\/radfahren\/#breadcrumb","itemListElement":[{"@type":"ListItem","position":1,"name":"Home","item":"https:\/\/www.dolfijn-mook.nl\/de\/"},{"@type":"ListItem","position":2,"name":"Aktivit\u00e4ten und Verleihservice","item":"https:\/\/www.dolfijn-mook.nl\/de\/aktivitaten-und-verleihservice\/"},{"@type":"ListItem","position":3,"name":"Radfahren"}]},{"@type":"WebSite","@id":"https:\/\/www.dolfijn-mook.nl\/#website","url":"https:\/\/www.dolfijn-mook.nl\/","name":"Dolfijn Mook","description":"Watersport en Recreatie","potentialAction":[{"@type":"SearchAction","target":{"@type":"EntryPoint","urlTemplate":"https:\/\/www.dolfijn-mook.nl\/?s={search_term_string}"},"query-input":{"@type":"PropertyValueSpecification","valueRequired":true,"valueName":"search_term_string"}}],"inLanguage":"de-DE"}]}},"_links":{"self":[{"href":"https:\/\/www.dolfijn-mook.nl\/de\/wp-json\/wp\/v2\/pages\/831","targetHints":{"allow":["GET"]}}],"collection":[{"href":"https:\/\/www.dolfijn-mook.nl\/de\/wp-json\/wp\/v2\/pages"}],"about":[{"href":"https:\/\/www.dolfijn-mook.nl\/de\/wp-json\/wp\/v2\/types\/page"}],"author":[{"embeddable":true,"href":"https:\/\/www.dolfijn-mook.nl\/de\/wp-json\/wp\/v2\/users\/1"}],"replies":[{"embeddable":true,"href":"https:\/\/www.dolfijn-mook.nl\/de\/wp-json\/wp\/v2\/comments?post=831"}],"version-history":[{"count":5,"href":"https:\/\/www.dolfijn-mook.nl\/de\/wp-json\/wp\/v2\/pages\/831\/revisions"}],"predecessor-version":[{"id":2444,"href":"https:\/\/www.dolfijn-mook.nl\/de\/wp-json\/wp\/v2\/pages\/831\/revisions\/2444"}],"up":[{"embeddable":true,"href":"https:\/\/www.dolfijn-mook.nl\/de\/wp-json\/wp\/v2\/pages\/888"}],"wp:attachment":[{"href":"https:\/\/www.dolfijn-mook.nl\/de\/wp-json\/wp\/v2\/media?parent=831"}],"curies":[{"name":"wp","href":"https:\/\/api.w.org\/{rel}","templated":true}]}}