{"id":829,"date":"2019-06-05T07:48:06","date_gmt":"2019-06-05T07:48:06","guid":{"rendered":"https:\/\/nldolf-sumovskiy.savviihq.com\/preise-fahrradverleih\/"},"modified":"2021-09-24T10:37:52","modified_gmt":"2021-09-24T08:37:52","slug":"preise-fahrradverleih","status":"publish","type":"page","link":"https:\/\/www.dolfijn-mook.nl\/de\/aktivitaten-und-verleihservice\/radfahren\/preise-fahrradverleih\/","title":{"rendered":"Preise Fahrradverleih"},"content":{"rendered":"<div class=\"wpb-content-wrapper\"><p>[vc_row css_animation=&#8221;&#8221; row_type=&#8221;row&#8221; use_row_as_full_screen_section=&#8221;no&#8221; type=&#8221;full_width&#8221; angled_section=&#8221;no&#8221; text_align=&#8221;left&#8221; background_image_as_pattern=&#8221;without_pattern&#8221;][vc_column width=&#8221;1\/2&#8243;][vc_column_text]<\/p>\n<h2>Preise Fahrradverleih<\/h2>\n<p>Wir vermieten Fahrr\u00e4der f\u00fcr Fahrradpuzzletouren oder f\u00fcr Radtouren auf eigene Faust durch die abwechslungsreiche Landschaft von Mook und Umgebung, die f\u00fcr die Niederlande einen einzigartigen Charakter hat. Mit unseren stabilen Tourenr\u00e4dern macht das Fahren Spa\u00df. Auf Wunsch und gegen einen Aufpreis k\u00f6nnen wir die Fahrr\u00e4der an einen vereinbarten Ort in der Umgebung von Nijmegen bringen. <a href=\"\/de\/kontakt\/\">Kontaktieren<\/a>\u00a0Sie uns einfach, damit wir die M\u00f6glichkeiten besprechen k\u00f6nnen.<\/p>\n<p>[\/vc_column_text][vc_empty_space height=&#8221;20px&#8221;][vc_column_text]<\/p>\n<table width=\"530\">\n<tbody>\n<tr>\n<td width=\"305\">\u00a0 <strong>Fahrrad (wir haben auch Kinderr\u00e4der)<\/strong> \u00a0<\/td>\n<td width=\"99\">\u20ac 7,50 pro Tag \u20ac 37,50 pro Woche<\/td>\n<\/tr>\n<tr>\n<td width=\"305\"><strong>Ablieferung des Fahrrads an einem vereinbarten Ort<\/strong><\/td>\n<td width=\"99\">Preis in Absprache<\/td>\n<\/tr>\n<tr>\n<td><strong>Tandem<\/strong><\/td>\n<td>\u20ac 17,50 pro Tag<\/td>\n<\/tr>\n<tr>\n<td><strong>Fahrradpuzzletour<\/strong><\/td>\n<td>\u20ac 10,00 pro Person<\/td>\n<\/tr>\n<tr>\n<td><strong>e-Bike<\/strong><\/td>\n<td>\u20ac 20 pro Tag<\/td>\n<\/tr>\n<\/tbody>\n<\/table>\n<p>[\/vc_column_text][vc_empty_space height=&#8221;50px&#8221;][\/vc_column][vc_column width=&#8221;1\/2&#8243;]<div class=\"image_with_text\"><img decoding=\"async\" itemprop=\"image\" src=\"https:\/\/www.dolfijn-mook.nl\/wp-content\/uploads\/2019\/05\/csm_fietstocht1_28e3890381.jpg\" alt=\"\" \/><h3  class=\"image_with_text_title\"><\/h3><span style=\"margin: 6px 0px;\" class=\"separator transparent\"><\/span><\/div>[\/vc_column][\/vc_row][vc_row css_animation=&#8221;&#8221; row_type=&#8221;row&#8221; use_row_as_full_screen_section=&#8221;no&#8221; type=&#8221;full_width&#8221; angled_section=&#8221;no&#8221; text_align=&#8221;left&#8221; background_image_as_pattern=&#8221;without_pattern&#8221;][vc_column]<a  itemprop=\"url\" href=\"\/de\/aktivitaeten-und-verleihservice\/radfahren\/\" target=\"_self\"  class=\"qbutton  small center default\" style=\"margin: 0px auto 0px auto; \">Zur\u00fcck zum Radfahren<\/a>[vc_empty_space height=&#8221;120px&#8221;][\/vc_column][\/vc_row]<\/p>\n<\/div>","protected":false},"excerpt":{"rendered":"<p>[vc_row css_animation=&#8221;&#8221; row_type=&#8221;row&#8221; use_row_as_full_screen_section=&#8221;no&#8221; type=&#8221;full_width&#8221; angled_section=&#8221;no&#8221; text_align=&#8221;left&#8221; background_image_as_pattern=&#8221;without_pattern&#8221;][vc_column width=&#8221;1\/2&#8243;][vc_column_text] Preise Fahrradverleih Wir vermieten Fahrr\u00e4der f\u00fcr Fahrradpuzzletouren oder f\u00fcr Radtouren auf eigene Faust durch die abwechslungsreiche Landschaft von Mook und Umgebung, die f\u00fcr die Niederlande einen einzigartigen Charakter hat. Mit unseren stabilen Tourenr\u00e4dern macht das Fahren&#8230;<\/p>\n","protected":false},"author":1,"featured_media":0,"parent":831,"menu_order":0,"comment_status":"closed","ping_status":"closed","template":"","meta":{"_acf_changed":false,"footnotes":""},"class_list":["post-829","page","type-page","status-publish","hentry"],"acf":[],"yoast_head":"<!-- This site is optimized with the Yoast SEO plugin v26.6 - https:\/\/yoast.com\/wordpress\/plugins\/seo\/ -->\n<title>Preise Fahrradverleih - Dolfijn Mook<\/title>\n<meta name=\"robots\" content=\"index, follow, max-snippet:-1, max-image-preview:large, max-video-preview:-1\" \/>\n<link rel=\"canonical\" href=\"https:\/\/www.dolfijn-mook.nl\/de\/aktivitaten-und-verleihservice\/radfahren\/preise-fahrradverleih\/\" \/>\n<meta property=\"og:locale\" content=\"de_DE\" \/>\n<meta property=\"og:type\" content=\"article\" \/>\n<meta property=\"og:title\" content=\"Preise Fahrradverleih - Dolfijn Mook\" \/>\n<meta property=\"og:description\" content=\"[vc_row css_animation=&#8221;&#8221; row_type=&#8221;row&#8221; use_row_as_full_screen_section=&#8221;no&#8221; type=&#8221;full_width&#8221; angled_section=&#8221;no&#8221; text_align=&#8221;left&#8221; background_image_as_pattern=&#8221;without_pattern&#8221;][vc_column width=&#8221;1\/2&#8243;][vc_column_text] Preise Fahrradverleih Wir vermieten Fahrr\u00e4der f\u00fcr Fahrradpuzzletouren oder f\u00fcr Radtouren auf eigene Faust durch die abwechslungsreiche Landschaft von Mook und Umgebung, die f\u00fcr die Niederlande einen einzigartigen Charakter hat. Mit unseren stabilen Tourenr\u00e4dern macht das Fahren...\" \/>\n<meta property=\"og:url\" content=\"https:\/\/www.dolfijn-mook.nl\/de\/aktivitaten-und-verleihservice\/radfahren\/preise-fahrradverleih\/\" \/>\n<meta property=\"og:site_name\" content=\"Dolfijn Mook\" \/>\n<meta property=\"article:modified_time\" content=\"2021-09-24T08:37:52+00:00\" \/>\n<meta name=\"twitter:card\" content=\"summary_large_image\" \/>\n<meta name=\"twitter:label1\" content=\"Gesch\u00e4tzte Lesezeit\" \/>\n\t<meta name=\"twitter:data1\" content=\"1 minute\" \/>\n<script type=\"application\/ld+json\" class=\"yoast-schema-graph\">{\"@context\":\"https:\/\/schema.org\",\"@graph\":[{\"@type\":\"WebPage\",\"@id\":\"https:\/\/www.dolfijn-mook.nl\/de\/aktivitaten-und-verleihservice\/radfahren\/preise-fahrradverleih\/\",\"url\":\"https:\/\/www.dolfijn-mook.nl\/de\/aktivitaten-und-verleihservice\/radfahren\/preise-fahrradverleih\/\",\"name\":\"Preise Fahrradverleih - Dolfijn Mook\",\"isPartOf\":{\"@id\":\"https:\/\/www.dolfijn-mook.nl\/#website\"},\"datePublished\":\"2019-06-05T07:48:06+00:00\",\"dateModified\":\"2021-09-24T08:37:52+00:00\",\"breadcrumb\":{\"@id\":\"https:\/\/www.dolfijn-mook.nl\/de\/aktivitaten-und-verleihservice\/radfahren\/preise-fahrradverleih\/#breadcrumb\"},\"inLanguage\":\"de-DE\",\"potentialAction\":[{\"@type\":\"ReadAction\",\"target\":[\"https:\/\/www.dolfijn-mook.nl\/de\/aktivitaten-und-verleihservice\/radfahren\/preise-fahrradverleih\/\"]}]},{\"@type\":\"BreadcrumbList\",\"@id\":\"https:\/\/www.dolfijn-mook.nl\/de\/aktivitaten-und-verleihservice\/radfahren\/preise-fahrradverleih\/#breadcrumb\",\"itemListElement\":[{\"@type\":\"ListItem\",\"position\":1,\"name\":\"Home\",\"item\":\"https:\/\/www.dolfijn-mook.nl\/de\/\"},{\"@type\":\"ListItem\",\"position\":2,\"name\":\"Aktivit\u00e4ten und Verleihservice\",\"item\":\"https:\/\/www.dolfijn-mook.nl\/de\/aktivitaten-und-verleihservice\/\"},{\"@type\":\"ListItem\",\"position\":3,\"name\":\"Radfahren\",\"item\":\"https:\/\/www.dolfijn-mook.nl\/de\/aktivitaten-und-verleihservice\/radfahren\/\"},{\"@type\":\"ListItem\",\"position\":4,\"name\":\"Preise Fahrradverleih\"}]},{\"@type\":\"WebSite\",\"@id\":\"https:\/\/www.dolfijn-mook.nl\/#website\",\"url\":\"https:\/\/www.dolfijn-mook.nl\/\",\"name\":\"Dolfijn Mook\",\"description\":\"Watersport en Recreatie\",\"potentialAction\":[{\"@type\":\"SearchAction\",\"target\":{\"@type\":\"EntryPoint\",\"urlTemplate\":\"https:\/\/www.dolfijn-mook.nl\/?s={search_term_string}\"},\"query-input\":{\"@type\":\"PropertyValueSpecification\",\"valueRequired\":true,\"valueName\":\"search_term_string\"}}],\"inLanguage\":\"de-DE\"}]}<\/script>\n<!-- \/ Yoast SEO plugin. -->","yoast_head_json":{"title":"Preise Fahrradverleih - Dolfijn Mook","robots":{"index":"index","follow":"follow","max-snippet":"max-snippet:-1","max-image-preview":"max-image-preview:large","max-video-preview":"max-video-preview:-1"},"canonical":"https:\/\/www.dolfijn-mook.nl\/de\/aktivitaten-und-verleihservice\/radfahren\/preise-fahrradverleih\/","og_locale":"de_DE","og_type":"article","og_title":"Preise Fahrradverleih - Dolfijn Mook","og_description":"[vc_row css_animation=&#8221;&#8221; row_type=&#8221;row&#8221; use_row_as_full_screen_section=&#8221;no&#8221; type=&#8221;full_width&#8221; angled_section=&#8221;no&#8221; text_align=&#8221;left&#8221; background_image_as_pattern=&#8221;without_pattern&#8221;][vc_column width=&#8221;1\/2&#8243;][vc_column_text] Preise Fahrradverleih Wir vermieten Fahrr\u00e4der f\u00fcr Fahrradpuzzletouren oder f\u00fcr Radtouren auf eigene Faust durch die abwechslungsreiche Landschaft von Mook und Umgebung, die f\u00fcr die Niederlande einen einzigartigen Charakter hat. Mit unseren stabilen Tourenr\u00e4dern macht das Fahren...","og_url":"https:\/\/www.dolfijn-mook.nl\/de\/aktivitaten-und-verleihservice\/radfahren\/preise-fahrradverleih\/","og_site_name":"Dolfijn Mook","article_modified_time":"2021-09-24T08:37:52+00:00","twitter_card":"summary_large_image","twitter_misc":{"Gesch\u00e4tzte Lesezeit":"1 minute"},"schema":{"@context":"https:\/\/schema.org","@graph":[{"@type":"WebPage","@id":"https:\/\/www.dolfijn-mook.nl\/de\/aktivitaten-und-verleihservice\/radfahren\/preise-fahrradverleih\/","url":"https:\/\/www.dolfijn-mook.nl\/de\/aktivitaten-und-verleihservice\/radfahren\/preise-fahrradverleih\/","name":"Preise Fahrradverleih - Dolfijn Mook","isPartOf":{"@id":"https:\/\/www.dolfijn-mook.nl\/#website"},"datePublished":"2019-06-05T07:48:06+00:00","dateModified":"2021-09-24T08:37:52+00:00","breadcrumb":{"@id":"https:\/\/www.dolfijn-mook.nl\/de\/aktivitaten-und-verleihservice\/radfahren\/preise-fahrradverleih\/#breadcrumb"},"inLanguage":"de-DE","potentialAction":[{"@type":"ReadAction","target":["https:\/\/www.dolfijn-mook.nl\/de\/aktivitaten-und-verleihservice\/radfahren\/preise-fahrradverleih\/"]}]},{"@type":"BreadcrumbList","@id":"https:\/\/www.dolfijn-mook.nl\/de\/aktivitaten-und-verleihservice\/radfahren\/preise-fahrradverleih\/#breadcrumb","itemListElement":[{"@type":"ListItem","position":1,"name":"Home","item":"https:\/\/www.dolfijn-mook.nl\/de\/"},{"@type":"ListItem","position":2,"name":"Aktivit\u00e4ten und Verleihservice","item":"https:\/\/www.dolfijn-mook.nl\/de\/aktivitaten-und-verleihservice\/"},{"@type":"ListItem","position":3,"name":"Radfahren","item":"https:\/\/www.dolfijn-mook.nl\/de\/aktivitaten-und-verleihservice\/radfahren\/"},{"@type":"ListItem","position":4,"name":"Preise Fahrradverleih"}]},{"@type":"WebSite","@id":"https:\/\/www.dolfijn-mook.nl\/#website","url":"https:\/\/www.dolfijn-mook.nl\/","name":"Dolfijn Mook","description":"Watersport en Recreatie","potentialAction":[{"@type":"SearchAction","target":{"@type":"EntryPoint","urlTemplate":"https:\/\/www.dolfijn-mook.nl\/?s={search_term_string}"},"query-input":{"@type":"PropertyValueSpecification","valueRequired":true,"valueName":"search_term_string"}}],"inLanguage":"de-DE"}]}},"_links":{"self":[{"href":"https:\/\/www.dolfijn-mook.nl\/de\/wp-json\/wp\/v2\/pages\/829","targetHints":{"allow":["GET"]}}],"collection":[{"href":"https:\/\/www.dolfijn-mook.nl\/de\/wp-json\/wp\/v2\/pages"}],"about":[{"href":"https:\/\/www.dolfijn-mook.nl\/de\/wp-json\/wp\/v2\/types\/page"}],"author":[{"embeddable":true,"href":"https:\/\/www.dolfijn-mook.nl\/de\/wp-json\/wp\/v2\/users\/1"}],"replies":[{"embeddable":true,"href":"https:\/\/www.dolfijn-mook.nl\/de\/wp-json\/wp\/v2\/comments?post=829"}],"version-history":[{"count":5,"href":"https:\/\/www.dolfijn-mook.nl\/de\/wp-json\/wp\/v2\/pages\/829\/revisions"}],"predecessor-version":[{"id":1650,"href":"https:\/\/www.dolfijn-mook.nl\/de\/wp-json\/wp\/v2\/pages\/829\/revisions\/1650"}],"up":[{"embeddable":true,"href":"https:\/\/www.dolfijn-mook.nl\/de\/wp-json\/wp\/v2\/pages\/831"}],"wp:attachment":[{"href":"https:\/\/www.dolfijn-mook.nl\/de\/wp-json\/wp\/v2\/media?parent=829"}],"curies":[{"name":"wp","href":"https:\/\/api.w.org\/{rel}","templated":true}]}}