{"id":826,"date":"2019-06-05T07:35:10","date_gmt":"2019-06-05T07:35:10","guid":{"rendered":"https:\/\/nldolf-sumovskiy.savviihq.com\/kontakt\/"},"modified":"2021-09-24T12:21:14","modified_gmt":"2021-09-24T10:21:14","slug":"kontakt","status":"publish","type":"page","link":"https:\/\/www.dolfijn-mook.nl\/de\/kontakt\/","title":{"rendered":"Kontakt"},"content":{"rendered":"<div class=\"wpb-content-wrapper\"><p>[vc_row css_animation=&#8221;&#8221; row_type=&#8221;row&#8221; use_row_as_full_screen_section=&#8221;no&#8221; type=&#8221;grid&#8221; angled_section=&#8221;no&#8221; text_align=&#8221;left&#8221; background_image_as_pattern=&#8221;without_pattern&#8221; padding_top=&#8221;90&#8243; padding_bottom=&#8221;149&#8243; z_index=&#8221;&#8221;][vc_column offset=&#8221;vc_col-md-4&#8243;][qode_elements_holder number_of_columns=&#8221;one_column&#8221;][qode_elements_holder_item advanced_animations=&#8221;no&#8221; item_padding=&#8221;100px 68px 0 0px&#8221; item_padding_1280_1440=&#8221;76px 68px 0 0px&#8221; item_padding_1024_1280=&#8221;76px 68px 0 0px&#8221; item_padding_768_1024=&#8221;72px 40px 0 0px&#8221; item_padding_600_768=&#8221;10px 40px 50px 0px&#8221; item_padding_480_600=&#8221;10px 0px 50px 0px&#8221; item_padding_480=&#8221;10px 0px 50px 0px&#8221;][vc_column_text]<\/p>\n<h4>Unsere Adresse<\/h4>\n<p>[\/vc_column_text][vc_empty_space height=&#8221;1px&#8221;][vc_column_text]<\/p>\n<h2>Kontakt<\/h2>\n<p>[\/vc_column_text][vc_empty_space height=&#8221;35px&#8221;]<div class=\"q_icon_list\"><i class=\"qode_icon_font_awesome fa fa-map-o qode-ili-icon-holder transparent\" style=\"font-size: 24px;color: #4877b6;\" ><\/i><p style=\"color:#8a8184;font-size: 15px;font-weight: 300;margin-bottom: 5px;\">Kanaalweg 14, 6585 AX Mook<\/p><\/div><div class=\"q_icon_list\"><i class=\"qode_icon_font_awesome fa fa-envelope-o qode-ili-icon-holder transparent\" style=\"font-size: 24px;color: #4877b6;\" ><\/i><p style=\"color:#8a8184;font-size: 15px;font-weight: 300;margin-bottom: 5px;\">info@dolfijn-mook.nl<\/p><\/div><div class=\"q_icon_list\"><i class=\"qode_icon_font_awesome fa fa-mobile qode-ili-icon-holder transparent\" style=\"font-size: 34px;color: #4877b6;\" ><\/i><p style=\"color:#8a8184;font-size: 15px;font-weight: 300;margin-bottom: 5px;\">024 - 6962310, Fragen zum Boots- oder Fahrradverleih? Dies ist zwischen 10 und 17 Uhr m\u00f6glich<\/p><\/div><div class=\"q_icon_list\"><i class=\"qode_icon_font_awesome fa fa-facebook qode-ili-icon-holder transparent\" style=\"font-size: 25px;color: #4877b6;\" ><\/i><p style=\"color:#8a8184;font-size: 15px;font-weight: 300;margin-bottom: 5px;\">Dolfijn op Facebook<\/p><\/div>[vc_column_text]<\/p>\n<p><b>\u00a0<\/b><\/p>\n<p>[\/vc_column_text][\/qode_elements_holder_item][\/qode_elements_holder][\/vc_column][vc_column offset=&#8221;vc_col-md-8&#8243;][vc_empty_space height=&#8221;35px&#8221;][vc_raw_html]PHA+PGlmcmFtZSBzdHlsZT0iYm9yZGVyOiAwOyIgdGFiaW5kZXg9IjAiIHNyYz0iaHR0cHM6Ly93d3cuZ29vZ2xlLmNvbS9tYXBzL2VtYmVkP3BiPSExbTE0ITFtOCExbTMhMWQ5ODgxLjA0MzI5NjYwMTU2OSEyZDUuODg1NjI3ITNkNTEuNzQ2NTU0ITNtMiExaTEwMjQhMmk3NjghNGYxMy4xITNtMyExbTIhMXMweDAlM0EweGY1YTljMmJkYmRlZThmN2IhMnNEb2xmaWpuJTIwV2F0ZXJzcG9ydCUyMCUyNiUyMFJlY3JlYXRpZSE1ZTAhM20yITFzbmwhMnNubCE0djE1ODU4OTg4MTIwNjghNW0yITFzbmwhMnNubCIgd2lkdGg9IjkwMCIgaGVpZ2h0PSI1MDAiIGZyYW1lYm9yZGVyPSIwIiBhbGxvd2Z1bGxzY3JlZW49ImFsbG93ZnVsbHNjcmVlbiIgYXJpYS1oaWRkZW49ImZhbHNlIj48L2lmcmFtZT48L3A+[\/vc_raw_html][\/vc_column][\/vc_row][vc_row css_animation=&#8221;&#8221; row_type=&#8221;row&#8221; use_row_as_full_screen_section=&#8221;no&#8221; type=&#8221;grid&#8221; angled_section=&#8221;no&#8221; text_align=&#8221;left&#8221; background_image_as_pattern=&#8221;without_pattern&#8221; padding_top=&#8221;90&#8243; padding_bottom=&#8221;149&#8243; z_index=&#8221;&#8221; css=&#8221;.vc_custom_1557730388191{margin-top: 0px !important;padding-top: 0px !important;}&#8221; el_id=&#8221;route&#8221;][vc_column width=&#8221;1\/3&#8243; offset=&#8221;vc_col-md-5&#8243;][vc_column_text]<\/p>\n<h3>Parken<\/h3>\n<p>[\/vc_column_text][vc_empty_space height=&#8221;8px&#8221;][vc_column_text]<\/p>\n<p>Fahren Sie \u00fcber die Br\u00fccke. Der Parkplatz befindet sich rechts von Ihnen. Auf dem Parkplatz gibt es Stellpl\u00e4tze f\u00fcr bis zu 50 Autos. Beachten Sie bitte, dass am Kanalweg ein Parkverbot gilt. Beim Missachten des Verbots ist ein Bu\u00dfgeld f\u00e4llig!<\/p>\n<p>[\/vc_column_text][vc_empty_space height=&#8221;16px&#8221;][vc_single_image image=&#8221;781&#8243; img_size=&#8221;medium&#8221; qode_css_animation=&#8221;&#8221;][\/vc_column][vc_column width=&#8221;1\/12&#8243; offset=&#8221;vc_col-md-1&#8243;]<\/p>\n<p>[vc_empty_space height=&#8221;60px&#8221;]<\/p>\n<p>[\/vc_column][vc_column width=&#8221;1\/3&#8243; offset=&#8221;vc_col-md-6&#8243;][vc_column_text]<\/p>\n<div class=\"csc-header csc-header-n2\">\n<h3>Wegbeschreibung<\/h3>\n<\/div>\n<p>[\/vc_column_text][vc_empty_space height=&#8221;8px&#8221;][vc_column_text]<\/p>\n<div class=\"csc-textpic-text\">\n<ul>\n<li>Auf der A73 fahren Sie an der Abfahrt Malden &#8211; Mook &#8211; Groesbeek ab.<\/li>\n<li>Folgen Sie der Bundesstra\u00dfe (&#8220;Rijksweg&#8221;) Richtung Mook.<\/li>\n<li>In Mook fahren Sie am ersten Kreisel geradeaus Richtung Plasmolen.<\/li>\n<li>In Mook biegen Sie kurz vor Ortsende rechts ab (Cuijksesteeg).<\/li>\n<li>Folgen Sie dieser Stra\u00dfe bis zur Br\u00fccke.<\/li>\n<li>Vor der Br\u00fccke biegen Sie rechts ab.<\/li>\n<li>Links von Ihnen befindet sich Dolfijn Watersport en Recreatie.<\/li>\n<\/ul>\n<\/div>\n<p>[\/vc_column_text][vc_empty_space height=&#8221;16px&#8221;]<a  itemprop=\"url\" href=\"https:\/\/www.google.com\/maps?ll=51.746554,5.885627&#038;amp;z=16&#038;amp;t=m&#038;amp;hl=en-GB&#038;amp;gl=NL&#038;amp;mapclient=embed&#038;amp;daddr=Dolfijn+Watersport+%26+Recreatie+Kanaalweg+14+6585+AX+Mook@51.746554,5.885626999999999\" target=\"_blank\"  class=\"qbutton  small default\" style=\"\">Wegbeschreibung<\/a>[\/vc_column][\/vc_row]<\/p>\n<\/div>","protected":false},"excerpt":{"rendered":"<p>[vc_row css_animation=&#8221;&#8221; row_type=&#8221;row&#8221; use_row_as_full_screen_section=&#8221;no&#8221; type=&#8221;grid&#8221; angled_section=&#8221;no&#8221; text_align=&#8221;left&#8221; background_image_as_pattern=&#8221;without_pattern&#8221; padding_top=&#8221;90&#8243; padding_bottom=&#8221;149&#8243; z_index=&#8221;&#8221;][vc_column offset=&#8221;vc_col-md-4&#8243;][qode_elements_holder number_of_columns=&#8221;one_column&#8221;][qode_elements_holder_item advanced_animations=&#8221;no&#8221; item_padding=&#8221;100px 68px 0 0px&#8221; item_padding_1280_1440=&#8221;76px 68px 0 0px&#8221; item_padding_1024_1280=&#8221;76px 68px 0 0px&#8221; item_padding_768_1024=&#8221;72px 40px 0 0px&#8221; item_padding_600_768=&#8221;10px 40px 50px 0px&#8221; item_padding_480_600=&#8221;10px 0px 50px 0px&#8221; item_padding_480=&#8221;10px 0px 50px 0px&#8221;][vc_column_text] Unsere Adresse [\/vc_column_text][vc_empty_space&#8230;<\/p>\n","protected":false},"author":1,"featured_media":0,"parent":0,"menu_order":0,"comment_status":"closed","ping_status":"closed","template":"full_width.php","meta":{"_acf_changed":false,"footnotes":""},"class_list":["post-826","page","type-page","status-publish","hentry"],"acf":[],"yoast_head":"<!-- This site is optimized with the Yoast SEO plugin v26.6 - https:\/\/yoast.com\/wordpress\/plugins\/seo\/ -->\n<title>Kontakt - Dolfijn Mook<\/title>\n<meta name=\"robots\" content=\"index, follow, max-snippet:-1, max-image-preview:large, max-video-preview:-1\" \/>\n<link rel=\"canonical\" href=\"https:\/\/www.dolfijn-mook.nl\/de\/kontakt\/\" \/>\n<meta property=\"og:locale\" content=\"de_DE\" \/>\n<meta property=\"og:type\" content=\"article\" \/>\n<meta property=\"og:title\" content=\"Kontakt - Dolfijn Mook\" \/>\n<meta property=\"og:description\" content=\"[vc_row css_animation=&#8221;&#8221; row_type=&#8221;row&#8221; use_row_as_full_screen_section=&#8221;no&#8221; type=&#8221;grid&#8221; angled_section=&#8221;no&#8221; text_align=&#8221;left&#8221; background_image_as_pattern=&#8221;without_pattern&#8221; padding_top=&#8221;90&#8243; padding_bottom=&#8221;149&#8243; z_index=&#8221;&#8221;][vc_column offset=&#8221;vc_col-md-4&#8243;][qode_elements_holder number_of_columns=&#8221;one_column&#8221;][qode_elements_holder_item advanced_animations=&#8221;no&#8221; item_padding=&#8221;100px 68px 0 0px&#8221; item_padding_1280_1440=&#8221;76px 68px 0 0px&#8221; item_padding_1024_1280=&#8221;76px 68px 0 0px&#8221; item_padding_768_1024=&#8221;72px 40px 0 0px&#8221; item_padding_600_768=&#8221;10px 40px 50px 0px&#8221; item_padding_480_600=&#8221;10px 0px 50px 0px&#8221; item_padding_480=&#8221;10px 0px 50px 0px&#8221;][vc_column_text] Unsere Adresse [\/vc_column_text][vc_empty_space...\" \/>\n<meta property=\"og:url\" content=\"https:\/\/www.dolfijn-mook.nl\/de\/kontakt\/\" \/>\n<meta property=\"og:site_name\" content=\"Dolfijn Mook\" \/>\n<meta property=\"article:modified_time\" content=\"2021-09-24T10:21:14+00:00\" \/>\n<meta name=\"twitter:card\" content=\"summary_large_image\" \/>\n<meta name=\"twitter:label1\" content=\"Gesch\u00e4tzte Lesezeit\" \/>\n\t<meta name=\"twitter:data1\" content=\"3 minutes\" \/>\n<script type=\"application\/ld+json\" class=\"yoast-schema-graph\">{\"@context\":\"https:\/\/schema.org\",\"@graph\":[{\"@type\":\"WebPage\",\"@id\":\"https:\/\/www.dolfijn-mook.nl\/de\/kontakt\/\",\"url\":\"https:\/\/www.dolfijn-mook.nl\/de\/kontakt\/\",\"name\":\"Kontakt - Dolfijn Mook\",\"isPartOf\":{\"@id\":\"https:\/\/www.dolfijn-mook.nl\/#website\"},\"datePublished\":\"2019-06-05T07:35:10+00:00\",\"dateModified\":\"2021-09-24T10:21:14+00:00\",\"breadcrumb\":{\"@id\":\"https:\/\/www.dolfijn-mook.nl\/de\/kontakt\/#breadcrumb\"},\"inLanguage\":\"de-DE\",\"potentialAction\":[{\"@type\":\"ReadAction\",\"target\":[\"https:\/\/www.dolfijn-mook.nl\/de\/kontakt\/\"]}]},{\"@type\":\"BreadcrumbList\",\"@id\":\"https:\/\/www.dolfijn-mook.nl\/de\/kontakt\/#breadcrumb\",\"itemListElement\":[{\"@type\":\"ListItem\",\"position\":1,\"name\":\"Home\",\"item\":\"https:\/\/www.dolfijn-mook.nl\/de\/\"},{\"@type\":\"ListItem\",\"position\":2,\"name\":\"Kontakt\"}]},{\"@type\":\"WebSite\",\"@id\":\"https:\/\/www.dolfijn-mook.nl\/#website\",\"url\":\"https:\/\/www.dolfijn-mook.nl\/\",\"name\":\"Dolfijn Mook\",\"description\":\"Watersport en Recreatie\",\"potentialAction\":[{\"@type\":\"SearchAction\",\"target\":{\"@type\":\"EntryPoint\",\"urlTemplate\":\"https:\/\/www.dolfijn-mook.nl\/?s={search_term_string}\"},\"query-input\":{\"@type\":\"PropertyValueSpecification\",\"valueRequired\":true,\"valueName\":\"search_term_string\"}}],\"inLanguage\":\"de-DE\"}]}<\/script>\n<!-- \/ Yoast SEO plugin. -->","yoast_head_json":{"title":"Kontakt - Dolfijn Mook","robots":{"index":"index","follow":"follow","max-snippet":"max-snippet:-1","max-image-preview":"max-image-preview:large","max-video-preview":"max-video-preview:-1"},"canonical":"https:\/\/www.dolfijn-mook.nl\/de\/kontakt\/","og_locale":"de_DE","og_type":"article","og_title":"Kontakt - Dolfijn Mook","og_description":"[vc_row css_animation=&#8221;&#8221; row_type=&#8221;row&#8221; use_row_as_full_screen_section=&#8221;no&#8221; type=&#8221;grid&#8221; angled_section=&#8221;no&#8221; text_align=&#8221;left&#8221; background_image_as_pattern=&#8221;without_pattern&#8221; padding_top=&#8221;90&#8243; padding_bottom=&#8221;149&#8243; z_index=&#8221;&#8221;][vc_column offset=&#8221;vc_col-md-4&#8243;][qode_elements_holder number_of_columns=&#8221;one_column&#8221;][qode_elements_holder_item advanced_animations=&#8221;no&#8221; item_padding=&#8221;100px 68px 0 0px&#8221; item_padding_1280_1440=&#8221;76px 68px 0 0px&#8221; item_padding_1024_1280=&#8221;76px 68px 0 0px&#8221; item_padding_768_1024=&#8221;72px 40px 0 0px&#8221; item_padding_600_768=&#8221;10px 40px 50px 0px&#8221; item_padding_480_600=&#8221;10px 0px 50px 0px&#8221; item_padding_480=&#8221;10px 0px 50px 0px&#8221;][vc_column_text] Unsere Adresse [\/vc_column_text][vc_empty_space...","og_url":"https:\/\/www.dolfijn-mook.nl\/de\/kontakt\/","og_site_name":"Dolfijn Mook","article_modified_time":"2021-09-24T10:21:14+00:00","twitter_card":"summary_large_image","twitter_misc":{"Gesch\u00e4tzte Lesezeit":"3 minutes"},"schema":{"@context":"https:\/\/schema.org","@graph":[{"@type":"WebPage","@id":"https:\/\/www.dolfijn-mook.nl\/de\/kontakt\/","url":"https:\/\/www.dolfijn-mook.nl\/de\/kontakt\/","name":"Kontakt - Dolfijn Mook","isPartOf":{"@id":"https:\/\/www.dolfijn-mook.nl\/#website"},"datePublished":"2019-06-05T07:35:10+00:00","dateModified":"2021-09-24T10:21:14+00:00","breadcrumb":{"@id":"https:\/\/www.dolfijn-mook.nl\/de\/kontakt\/#breadcrumb"},"inLanguage":"de-DE","potentialAction":[{"@type":"ReadAction","target":["https:\/\/www.dolfijn-mook.nl\/de\/kontakt\/"]}]},{"@type":"BreadcrumbList","@id":"https:\/\/www.dolfijn-mook.nl\/de\/kontakt\/#breadcrumb","itemListElement":[{"@type":"ListItem","position":1,"name":"Home","item":"https:\/\/www.dolfijn-mook.nl\/de\/"},{"@type":"ListItem","position":2,"name":"Kontakt"}]},{"@type":"WebSite","@id":"https:\/\/www.dolfijn-mook.nl\/#website","url":"https:\/\/www.dolfijn-mook.nl\/","name":"Dolfijn Mook","description":"Watersport en Recreatie","potentialAction":[{"@type":"SearchAction","target":{"@type":"EntryPoint","urlTemplate":"https:\/\/www.dolfijn-mook.nl\/?s={search_term_string}"},"query-input":{"@type":"PropertyValueSpecification","valueRequired":true,"valueName":"search_term_string"}}],"inLanguage":"de-DE"}]}},"_links":{"self":[{"href":"https:\/\/www.dolfijn-mook.nl\/de\/wp-json\/wp\/v2\/pages\/826","targetHints":{"allow":["GET"]}}],"collection":[{"href":"https:\/\/www.dolfijn-mook.nl\/de\/wp-json\/wp\/v2\/pages"}],"about":[{"href":"https:\/\/www.dolfijn-mook.nl\/de\/wp-json\/wp\/v2\/types\/page"}],"author":[{"embeddable":true,"href":"https:\/\/www.dolfijn-mook.nl\/de\/wp-json\/wp\/v2\/users\/1"}],"replies":[{"embeddable":true,"href":"https:\/\/www.dolfijn-mook.nl\/de\/wp-json\/wp\/v2\/comments?post=826"}],"version-history":[{"count":4,"href":"https:\/\/www.dolfijn-mook.nl\/de\/wp-json\/wp\/v2\/pages\/826\/revisions"}],"predecessor-version":[{"id":1699,"href":"https:\/\/www.dolfijn-mook.nl\/de\/wp-json\/wp\/v2\/pages\/826\/revisions\/1699"}],"wp:attachment":[{"href":"https:\/\/www.dolfijn-mook.nl\/de\/wp-json\/wp\/v2\/media?parent=826"}],"curies":[{"name":"wp","href":"https:\/\/api.w.org\/{rel}","templated":true}]}}