{"id":820,"date":"2019-06-04T08:36:06","date_gmt":"2019-06-04T08:36:06","guid":{"rendered":"https:\/\/nldolf-sumovskiy.savviihq.com\/?page_id=820"},"modified":"2023-04-06T14:37:46","modified_gmt":"2023-04-06T12:37:46","slug":"home","status":"publish","type":"page","link":"https:\/\/www.dolfijn-mook.nl\/de\/","title":{"rendered":"Home"},"content":{"rendered":"<div class=\"wpb-content-wrapper\"><p>[vc_row css_animation=&#8221;&#8221; row_type=&#8221;row&#8221; use_row_as_full_screen_section=&#8221;no&#8221; type=&#8221;full_width&#8221; angled_section=&#8221;no&#8221; text_align=&#8221;left&#8221; background_image_as_pattern=&#8221;without_pattern&#8221; z_index=&#8221;&#8221;][vc_column][rev_slider_vc alias=&#8221;home-slider&#8221;][vc_empty_space height=&#8221;60px&#8221;][\/vc_column][\/vc_row][vc_row css_animation=&#8221;&#8221; row_type=&#8221;row&#8221; use_row_as_full_screen_section=&#8221;no&#8221; type=&#8221;grid&#8221; angled_section=&#8221;no&#8221; text_align=&#8221;left&#8221; background_image_as_pattern=&#8221;without_pattern&#8221; padding_top=&#8221;105&#8243; padding_bottom=&#8221;83&#8243; z_index=&#8221;&#8221;][vc_column width=&#8221;1\/2&#8243;][vc_column_text][\/vc_column_text][vc_empty_space height=&#8221;12px&#8221;][vc_column_text]<\/p>\n<h2>Dolfijn Watersport en Recreatie<\/h2>\n<p>[\/vc_column_text][vc_empty_space height=&#8221;33px&#8221;][vc_column_text]Bei Dolfijn Watersport en Recreatie in Mook (in der N\u00e4he von Nijmegen) sind Sie an der richtigen Adresse f\u00fcr aktive Freizeitangebote. Herzlich willkommen am n\u00f6rdlichsten Punkt der niederl\u00e4ndischen Provinz Limburg!<\/p>\n<p>Dolfijn Watersport en Recreatie organisiert unter anderem\u00a0<a href=\"https:\/\/dolfijn-mook.nl\/de\/feiern-betriebsausfluge-und-veranstaltungen\/\">Betriebsausfl\u00fcge<\/a>, Sporttage und Kennenlerntage. Auf unserer sch\u00f6nen Terrasse mit Blick auf das Wasser k\u00f6nnen Sie lecker essen und trinken. Unsere Terrasse ist t\u00e4glich ab 10:00 Uhr ge\u00f6ffnet. Unsere K\u00fcche hat von 10:00 \u2013 20:00 Uhr ge\u00f6ffnet.[\/vc_column_text][vc_empty_space height=&#8221;33px&#8221;]<a  itemprop=\"url\" href=\"https:\/\/dolfijn-mook.i-reserve.net\/\" target=\"_self\"  class=\"qbutton  default\" style=\"\">Buchen Sie hier Ihr Boot<\/a>[vc_column_text][\/vc_column_text][\/vc_column][vc_column width=&#8221;1\/2&#8243;]<div class=\"image_with_text\"><img decoding=\"async\" itemprop=\"image\" src=\"https:\/\/www.dolfijn-mook.nl\/wp-content\/uploads\/2019\/10\/10pers-sloep-e1632752602378.jpg\" alt=\"\" \/><h3  class=\"image_with_text_title\"><\/h3><span style=\"margin: 6px 0px;\" class=\"separator transparent\"><\/span><\/div>[\/vc_column][\/vc_row][vc_row css_animation=&#8221;&#8221; row_type=&#8221;row&#8221; use_row_as_full_screen_section=&#8221;no&#8221; type=&#8221;grid&#8221; angled_section=&#8221;no&#8221; text_align=&#8221;center&#8221; background_image_as_pattern=&#8221;without_pattern&#8221; padding_top=&#8221;120&#8243; padding_bottom=&#8221;81&#8243; z_index=&#8221;&#8221; css=&#8221;.vc_custom_1556883043157{margin-right: 0px !important;margin-left: 0px !important;background-image: url(https:\/\/bridge162.qodeinteractive.com\/wp-content\/uploads\/2018\/02\/home-background-1.jpg?id=22) !important;background-position: center !important;background-repeat: no-repeat !important;background-size: cover !important;}&#8221;][vc_column][vc_row_inner row_type=&#8221;row&#8221; type=&#8221;full_width&#8221; text_align=&#8221;center&#8221; css_animation=&#8221;&#8221; padding_bottom=&#8221;71&#8243;][vc_column_inner width=&#8221;5\/6&#8243; offset=&#8221;vc_col-sm-offset-1&#8243;][vc_column_text]<\/p>\n<h2>Aktivit\u00e4ten und Verleihservice<\/h2>\n<p>[\/vc_column_text][vc_empty_space height=&#8221;26px&#8221;][vc_column_text]Wenn Sie Interesse an mehreren Angeboten haben, k\u00f6nnen Sie auch eines unserer Tagesprogramme buchen. F\u00fcr weitere Informationen \u00fcber die Tagesprogramme, die wir f\u00fcr Sie zusammengestellt haben, klicken Sie bitte hier<\/p>\n<p>[\/vc_column_text][\/vc_column_inner][\/vc_row_inner][vc_empty_space height=&#8221;39px&#8221;][vc_row_inner row_type=&#8221;row&#8221; type=&#8221;full_width&#8221; text_align=&#8221;left&#8221; css_animation=&#8221;&#8221; padding_bottom=&#8221;38&#8243;][vc_column_inner width=&#8221;1\/4&#8243; offset=&#8221;vc_col-xs-6&#8243;][vc_single_image image=&#8221;393&#8243; img_size=&#8221;square&#8221; onclick=&#8221;custom_link&#8221; qode_css_animation=&#8221;&#8221; qode_hover_animation=&#8221;zoom_in&#8221; link=&#8221;\/activiteiten-en-verhuur\/fietsen\/&#8221;][vc_empty_space height=&#8221;36px&#8221;][vc_column_text]<\/p>\n<h3><a href=\"https:\/\/dolfijn-mook.nl\/de\/aktivitaten-und-verleihservice\/radfahren\/\">Radfahren<\/a><\/h3>\n<p>[\/vc_column_text][vc_empty_space height=&#8221;8px&#8221;][vc_column_text]Erkunden Sie die abwechslungsreiche Natur von Mook mit dem Fahrrad.<\/p>\n<p>[\/vc_column_text][vc_empty_space height=&#8221;30px&#8221;][\/vc_column_inner][vc_column_inner width=&#8221;1\/4&#8243; offset=&#8221;vc_col-xs-6&#8243;][vc_single_image image=&#8221;491&#8243; img_size=&#8221;square&#8221; onclick=&#8221;custom_link&#8221; qode_css_animation=&#8221;&#8221; qode_hover_animation=&#8221;zoom_in&#8221; link=&#8221;\/activiteiten-en-verhuur\/mountainbiken&#8221;][vc_empty_space height=&#8221;36px&#8221;][vc_column_text]<\/p>\n<h3><a href=\"https:\/\/dolfijn-mook.nl\/de\/aktivitaten-und-verleihservice\/mountainbiken\/\">Mountainbiken<\/a><\/h3>\n<p>[\/vc_column_text][vc_empty_space height=&#8221;8px&#8221;][vc_column_text]Lust auf ein Aktiverlebnis? Mieten Sie sich ein Mountainbike (ATB) und unternehmen Sie eine Tour durch die Umgebung.<\/p>\n<p>[\/vc_column_text][vc_empty_space height=&#8221;30px&#8221;][\/vc_column_inner][vc_column_inner width=&#8221;1\/4&#8243; offset=&#8221;vc_col-xs-6&#8243;][vc_single_image image=&#8221;234&#8243; img_size=&#8221;square&#8221; onclick=&#8221;custom_link&#8221; qode_css_animation=&#8221;&#8221; qode_hover_animation=&#8221;zoom_in&#8221; link=&#8221;\/activiteiten-en-verhuur\/motorboten\/&#8221;][vc_empty_space height=&#8221;36px&#8221;][vc_column_text]<\/p>\n<h3><a href=\"https:\/\/dolfijn-mook.nl\/de\/aktivitaten-und-verleihservice\/motorboote\/\">Motorboote<\/a><\/h3>\n<p>[\/vc_column_text][vc_empty_space height=&#8221;8px&#8221;][vc_column_text]Sie wollten immer schon mal ein Motorboot fahren? Bei uns k\u00f6nnen Sie ein Motorboot mieten. Unsere Motorboote sind geeignet f\u00fcr bis zu 6 Personen.<\/p>\n<p>[\/vc_column_text][vc_empty_space height=&#8221;30px&#8221;][\/vc_column_inner][vc_column_inner width=&#8221;1\/4&#8243;][vc_single_image image=&#8221;1393&#8243; img_size=&#8221;square&#8221; onclick=&#8221;custom_link&#8221; qode_css_animation=&#8221;&#8221; qode_hover_animation=&#8221;zoom_in&#8221; link=&#8221;\/activiteiten-en-verhuur\/sloepen\/&#8221;][vc_empty_space height=&#8221;36px&#8221;][vc_column_text]<\/p>\n<h3><a href=\"https:\/\/dolfijn-mook.nl\/de\/aktivitaten-und-verleihservice\/schaluppen\/\">Schaluppe<\/a><\/h3>\n<p>[\/vc_column_text][vc_empty_space height=&#8221;8px&#8221;][vc_column_text]Sie m\u00f6chten die umliegende Natur vom Wasser aus erkunden? Wir vermieten auch luxuri\u00f6s ausgestattete Schaluppen!<\/p>\n<p>[\/vc_column_text][vc_empty_space height=&#8221;30px&#8221;][\/vc_column_inner][\/vc_row_inner][vc_row_inner row_type=&#8221;row&#8221; type=&#8221;full_width&#8221; text_align=&#8221;left&#8221; css_animation=&#8221;&#8221; padding_bottom=&#8221;38&#8243;][vc_column_inner width=&#8221;1\/4&#8243; offset=&#8221;vc_col-xs-6&#8243;][vc_single_image image=&#8221;749&#8243; img_size=&#8221;square&#8221; onclick=&#8221;custom_link&#8221; qode_css_animation=&#8221;&#8221; qode_hover_animation=&#8221;zoom_in&#8221; link=&#8221;\/activiteiten-en-verhuur\/zeilboten\/&#8221;][vc_empty_space height=&#8221;36px&#8221;][vc_column_text]<\/p>\n<h3><a href=\"https:\/\/dolfijn-mook.nl\/de\/aktivitaten-und-verleihservice\/segelboote\/\">Segelboot<\/a><\/h3>\n<p>[\/vc_column_text][vc_empty_space height=&#8221;8px&#8221;][vc_column_text]F\u00fcr echte Wasserliebhaber bieten wir auch Segelboote. Wenn Sie ein Segelboot anmieten m\u00f6chten, sollten Sie Segelerfahrung haben.<\/p>\n<p>[\/vc_column_text][vc_empty_space height=&#8221;30px&#8221;][\/vc_column_inner][vc_column_inner width=&#8221;1\/4&#8243; offset=&#8221;vc_col-xs-6&#8243;][vc_single_image image=&#8221;431&#8243; img_size=&#8221;square&#8221; onclick=&#8221;custom_link&#8221; qode_css_animation=&#8221;&#8221; qode_hover_animation=&#8221;zoom_in&#8221; link=&#8221;\/activiteiten-en-verhuur\/kanovaren\/&#8221;][vc_empty_space height=&#8221;36px&#8221;][vc_column_text]<\/p>\n<h3><a href=\"https:\/\/dolfijn-mook.nl\/de\/aktivitaten-und-verleihservice\/kanus\/\">Kanu<\/a><\/h3>\n<p>[\/vc_column_text][vc_empty_space height=&#8221;8px&#8221;][vc_column_text]Sie haben Lust auf ein Aktiverlebnis auf dem Wasser? Eine Kanutour bis zum See Mookerplas ist selbst\u00e4ndig und individuell durchf\u00fchrbar.<\/p>\n<p>[\/vc_column_text][vc_empty_space height=&#8221;30px&#8221;][\/vc_column_inner][\/vc_row_inner][vc_row_inner row_type=&#8221;row&#8221; type=&#8221;full_width&#8221; text_align=&#8221;left&#8221; css_animation=&#8221;&#8221;][vc_column_inner el_class=&#8221;text-center&#8221;]<a  itemprop=\"url\" href=\"\/de\/aktivitaten-und-verleihservice\/\" target=\"_self\" data-hover-background-color=\"#ffffff\" data-hover-border-color=\"#4877b6\" data-hover-color=\"#000000\" class=\"qbutton  medium default button-center\" style=\"color: #ffffff; background-color:#4877b6;\">Bekijk al onze activiteiten Alle unsere Aktivit\u00e4ten<i class=\"qode_icon_font_awesome fa fa-angle-right qode_button_icon_element\"><\/i><\/a>[vc_separator type=&#8221;normal&#8221;][\/vc_column_inner][\/vc_row_inner][\/vc_column][\/vc_row][vc_row css_animation=&#8221;&#8221; row_type=&#8221;row&#8221; use_row_as_full_screen_section=&#8221;no&#8221; type=&#8221;grid&#8221; angled_section=&#8221;no&#8221; text_align=&#8221;left&#8221; background_image_as_pattern=&#8221;without_pattern&#8221; z_index=&#8221;&#8221;][vc_column width=&#8221;2\/3&#8243;][vc_column_text]<\/p>\n<h2>Feiern, Betriebsausfl\u00fcge und Veranstaltungen<\/h2>\n<p>[\/vc_column_text][vc_empty_space height=&#8221;26px&#8221;][vc_column_text]Dolfijn Watersport en Recreatie verf\u00fcgt \u00fcber eine wundersch\u00f6ne Anlage in Wasserlage. Der perfekte Ort f\u00fcr\u00a0<a href=\"https:\/\/dolfijn-mook.nl\/de\/feiern-betriebsausfluge-und-veranstaltungen\/\">Feiern und Veranstaltungen<\/a>. Wir bieten verschiedene M\u00f6glichkeiten. So k\u00f6nnen Sie beispielsweise eine\u00a0<a href=\"https:\/\/dolfijn-mook.nl\/de\/essen-und-trinken\/grillparty\/\">Grillparty<\/a>\u00a0machen. Dolfijn Watersport en Recreatie bietet auch spezielle Arrangements f\u00fcr\u00a0<a href=\"https:\/\/dolfijn-mook.nl\/de\/feiern-betriebsausfluge-und-veranstaltungen\/kindergeburtstage-und-partys\/\">Kindergeburtstage<\/a>\u00a0und organisiert\u00a0<a href=\"https:\/\/dolfijn-mook.nl\/de\/feiern-betriebsausfluge-und-veranstaltungen\/\">Betriebsfeiern<\/a>. Sie m\u00f6chten weitere Informationen zu Feiern, Betriebsausfl\u00fcgen und Veranstaltungen?\u00a0<a href=\"https:\/\/dolfijn-mook.nl\/de\/kontakt\/\">Kontaktieren<\/a>\u00a0Sie uns einfach!<\/p>\n<p>[\/vc_column_text][vc_empty_space height=&#8221;33px&#8221;]<a  itemprop=\"url\" href=\"\/de\/feiern-betriebsausfluge-und-veranstaltungen\/\" target=\"_self\"  class=\"qbutton  default\" style=\"\">Weitere informationen<\/a>[vc_empty_space height=&#8221;30px&#8221;][\/vc_column][vc_column width=&#8221;1\/3&#8243;][vc_single_image image=&#8221;493&#8243; img_size=&#8221;medium&#8221; qode_css_animation=&#8221;&#8221;][\/vc_column][\/vc_row]<\/p>\n<\/div>","protected":false},"excerpt":{"rendered":"<p>[vc_row css_animation=&#8221;&#8221; row_type=&#8221;row&#8221; use_row_as_full_screen_section=&#8221;no&#8221; type=&#8221;full_width&#8221; angled_section=&#8221;no&#8221; text_align=&#8221;left&#8221; background_image_as_pattern=&#8221;without_pattern&#8221; z_index=&#8221;&#8221;][vc_column][rev_slider_vc alias=&#8221;home-slider&#8221;][vc_empty_space height=&#8221;60px&#8221;][\/vc_column][\/vc_row][vc_row css_animation=&#8221;&#8221; row_type=&#8221;row&#8221; use_row_as_full_screen_section=&#8221;no&#8221; type=&#8221;grid&#8221; angled_section=&#8221;no&#8221; text_align=&#8221;left&#8221; background_image_as_pattern=&#8221;without_pattern&#8221; padding_top=&#8221;105&#8243; padding_bottom=&#8221;83&#8243; z_index=&#8221;&#8221;][vc_column width=&#8221;1\/2&#8243;][vc_column_text][\/vc_column_text][vc_empty_space height=&#8221;12px&#8221;][vc_column_text] Dolfijn Watersport en Recreatie [\/vc_column_text][vc_empty_space height=&#8221;33px&#8221;][vc_column_text]Bei Dolfijn Watersport en Recreatie in Mook (in der N\u00e4he von Nijmegen) sind Sie an der richtigen&#8230;<\/p>\n","protected":false},"author":1,"featured_media":0,"parent":0,"menu_order":0,"comment_status":"closed","ping_status":"closed","template":"full_width.php","meta":{"_acf_changed":false,"footnotes":""},"class_list":["post-820","page","type-page","status-publish","hentry"],"acf":[],"yoast_head":"<!-- This site is optimized with the Yoast SEO plugin v26.6 - https:\/\/yoast.com\/wordpress\/plugins\/seo\/ -->\n<title>Home - Dolfijn Mook<\/title>\n<meta name=\"robots\" content=\"index, follow, max-snippet:-1, max-image-preview:large, max-video-preview:-1\" \/>\n<link rel=\"canonical\" href=\"https:\/\/www.dolfijn-mook.nl\/de\/\" \/>\n<meta property=\"og:locale\" content=\"de_DE\" \/>\n<meta property=\"og:type\" content=\"article\" \/>\n<meta property=\"og:title\" content=\"Home - Dolfijn Mook\" \/>\n<meta property=\"og:description\" content=\"[vc_row css_animation=&#8221;&#8221; row_type=&#8221;row&#8221; use_row_as_full_screen_section=&#8221;no&#8221; type=&#8221;full_width&#8221; angled_section=&#8221;no&#8221; text_align=&#8221;left&#8221; background_image_as_pattern=&#8221;without_pattern&#8221; z_index=&#8221;&#8221;][vc_column][rev_slider_vc alias=&#8221;home-slider&#8221;][vc_empty_space height=&#8221;60px&#8221;][\/vc_column][\/vc_row][vc_row css_animation=&#8221;&#8221; row_type=&#8221;row&#8221; use_row_as_full_screen_section=&#8221;no&#8221; type=&#8221;grid&#8221; angled_section=&#8221;no&#8221; text_align=&#8221;left&#8221; background_image_as_pattern=&#8221;without_pattern&#8221; padding_top=&#8221;105&#8243; padding_bottom=&#8221;83&#8243; z_index=&#8221;&#8221;][vc_column width=&#8221;1\/2&#8243;][vc_column_text][\/vc_column_text][vc_empty_space height=&#8221;12px&#8221;][vc_column_text] Dolfijn Watersport en Recreatie [\/vc_column_text][vc_empty_space height=&#8221;33px&#8221;][vc_column_text]Bei Dolfijn Watersport en Recreatie in Mook (in der N\u00e4he von Nijmegen) sind Sie an der richtigen...\" \/>\n<meta property=\"og:url\" content=\"https:\/\/www.dolfijn-mook.nl\/de\/\" \/>\n<meta property=\"og:site_name\" content=\"Dolfijn Mook\" \/>\n<meta property=\"article:modified_time\" content=\"2023-04-06T12:37:46+00:00\" \/>\n<meta name=\"twitter:card\" content=\"summary_large_image\" \/>\n<meta name=\"twitter:label1\" content=\"Gesch\u00e4tzte Lesezeit\" \/>\n\t<meta name=\"twitter:data1\" content=\"3 minutes\" \/>\n<script type=\"application\/ld+json\" class=\"yoast-schema-graph\">{\"@context\":\"https:\/\/schema.org\",\"@graph\":[{\"@type\":\"WebPage\",\"@id\":\"https:\/\/www.dolfijn-mook.nl\/de\/\",\"url\":\"https:\/\/www.dolfijn-mook.nl\/de\/\",\"name\":\"Home - Dolfijn Mook\",\"isPartOf\":{\"@id\":\"https:\/\/www.dolfijn-mook.nl\/#website\"},\"datePublished\":\"2019-06-04T08:36:06+00:00\",\"dateModified\":\"2023-04-06T12:37:46+00:00\",\"breadcrumb\":{\"@id\":\"https:\/\/www.dolfijn-mook.nl\/de\/#breadcrumb\"},\"inLanguage\":\"de-DE\",\"potentialAction\":[{\"@type\":\"ReadAction\",\"target\":[\"https:\/\/www.dolfijn-mook.nl\/de\/\"]}]},{\"@type\":\"BreadcrumbList\",\"@id\":\"https:\/\/www.dolfijn-mook.nl\/de\/#breadcrumb\",\"itemListElement\":[{\"@type\":\"ListItem\",\"position\":1,\"name\":\"Home\",\"item\":\"https:\/\/www.dolfijn-mook.nl\/de\/\"},{\"@type\":\"ListItem\",\"position\":2,\"name\":\"Home\"}]},{\"@type\":\"WebSite\",\"@id\":\"https:\/\/www.dolfijn-mook.nl\/#website\",\"url\":\"https:\/\/www.dolfijn-mook.nl\/\",\"name\":\"Dolfijn Mook\",\"description\":\"Watersport en Recreatie\",\"potentialAction\":[{\"@type\":\"SearchAction\",\"target\":{\"@type\":\"EntryPoint\",\"urlTemplate\":\"https:\/\/www.dolfijn-mook.nl\/?s={search_term_string}\"},\"query-input\":{\"@type\":\"PropertyValueSpecification\",\"valueRequired\":true,\"valueName\":\"search_term_string\"}}],\"inLanguage\":\"de-DE\"}]}<\/script>\n<!-- \/ Yoast SEO plugin. -->","yoast_head_json":{"title":"Home - Dolfijn Mook","robots":{"index":"index","follow":"follow","max-snippet":"max-snippet:-1","max-image-preview":"max-image-preview:large","max-video-preview":"max-video-preview:-1"},"canonical":"https:\/\/www.dolfijn-mook.nl\/de\/","og_locale":"de_DE","og_type":"article","og_title":"Home - Dolfijn Mook","og_description":"[vc_row css_animation=&#8221;&#8221; row_type=&#8221;row&#8221; use_row_as_full_screen_section=&#8221;no&#8221; type=&#8221;full_width&#8221; angled_section=&#8221;no&#8221; text_align=&#8221;left&#8221; background_image_as_pattern=&#8221;without_pattern&#8221; z_index=&#8221;&#8221;][vc_column][rev_slider_vc alias=&#8221;home-slider&#8221;][vc_empty_space height=&#8221;60px&#8221;][\/vc_column][\/vc_row][vc_row css_animation=&#8221;&#8221; row_type=&#8221;row&#8221; use_row_as_full_screen_section=&#8221;no&#8221; type=&#8221;grid&#8221; angled_section=&#8221;no&#8221; text_align=&#8221;left&#8221; background_image_as_pattern=&#8221;without_pattern&#8221; padding_top=&#8221;105&#8243; padding_bottom=&#8221;83&#8243; z_index=&#8221;&#8221;][vc_column width=&#8221;1\/2&#8243;][vc_column_text][\/vc_column_text][vc_empty_space height=&#8221;12px&#8221;][vc_column_text] Dolfijn Watersport en Recreatie [\/vc_column_text][vc_empty_space height=&#8221;33px&#8221;][vc_column_text]Bei Dolfijn Watersport en Recreatie in Mook (in der N\u00e4he von Nijmegen) sind Sie an der richtigen...","og_url":"https:\/\/www.dolfijn-mook.nl\/de\/","og_site_name":"Dolfijn Mook","article_modified_time":"2023-04-06T12:37:46+00:00","twitter_card":"summary_large_image","twitter_misc":{"Gesch\u00e4tzte Lesezeit":"3 minutes"},"schema":{"@context":"https:\/\/schema.org","@graph":[{"@type":"WebPage","@id":"https:\/\/www.dolfijn-mook.nl\/de\/","url":"https:\/\/www.dolfijn-mook.nl\/de\/","name":"Home - Dolfijn Mook","isPartOf":{"@id":"https:\/\/www.dolfijn-mook.nl\/#website"},"datePublished":"2019-06-04T08:36:06+00:00","dateModified":"2023-04-06T12:37:46+00:00","breadcrumb":{"@id":"https:\/\/www.dolfijn-mook.nl\/de\/#breadcrumb"},"inLanguage":"de-DE","potentialAction":[{"@type":"ReadAction","target":["https:\/\/www.dolfijn-mook.nl\/de\/"]}]},{"@type":"BreadcrumbList","@id":"https:\/\/www.dolfijn-mook.nl\/de\/#breadcrumb","itemListElement":[{"@type":"ListItem","position":1,"name":"Home","item":"https:\/\/www.dolfijn-mook.nl\/de\/"},{"@type":"ListItem","position":2,"name":"Home"}]},{"@type":"WebSite","@id":"https:\/\/www.dolfijn-mook.nl\/#website","url":"https:\/\/www.dolfijn-mook.nl\/","name":"Dolfijn Mook","description":"Watersport en Recreatie","potentialAction":[{"@type":"SearchAction","target":{"@type":"EntryPoint","urlTemplate":"https:\/\/www.dolfijn-mook.nl\/?s={search_term_string}"},"query-input":{"@type":"PropertyValueSpecification","valueRequired":true,"valueName":"search_term_string"}}],"inLanguage":"de-DE"}]}},"_links":{"self":[{"href":"https:\/\/www.dolfijn-mook.nl\/de\/wp-json\/wp\/v2\/pages\/820","targetHints":{"allow":["GET"]}}],"collection":[{"href":"https:\/\/www.dolfijn-mook.nl\/de\/wp-json\/wp\/v2\/pages"}],"about":[{"href":"https:\/\/www.dolfijn-mook.nl\/de\/wp-json\/wp\/v2\/types\/page"}],"author":[{"embeddable":true,"href":"https:\/\/www.dolfijn-mook.nl\/de\/wp-json\/wp\/v2\/users\/1"}],"replies":[{"embeddable":true,"href":"https:\/\/www.dolfijn-mook.nl\/de\/wp-json\/wp\/v2\/comments?post=820"}],"version-history":[{"count":5,"href":"https:\/\/www.dolfijn-mook.nl\/de\/wp-json\/wp\/v2\/pages\/820\/revisions"}],"predecessor-version":[{"id":2065,"href":"https:\/\/www.dolfijn-mook.nl\/de\/wp-json\/wp\/v2\/pages\/820\/revisions\/2065"}],"wp:attachment":[{"href":"https:\/\/www.dolfijn-mook.nl\/de\/wp-json\/wp\/v2\/media?parent=820"}],"curies":[{"name":"wp","href":"https:\/\/api.w.org\/{rel}","templated":true}]}}